{"id":81,"date":"2022-04-12T08:00:53","date_gmt":"2022-04-12T08:00:53","guid":{"rendered":"https:\/\/startersites.io\/blocksy\/home-decor\/?post_type=product&#038;p=81"},"modified":"2026-03-03T20:34:37","modified_gmt":"2026-03-03T20:34:37","slug":"pakabukas-mini-ziedas","status":"publish","type":"product","link":"https:\/\/lilypapuosalai.lt\/en\/collections\/pakabukas-mini-ziedas\/","title":{"rendered":"AUKSO SPALVOS PAKABUKAS &#8222;MINI \u017dIEDAS&#8221;"},"content":{"rendered":"<p>Grandin\u0117l\u0117 ir pakabukas pagaminti i\u0161 plieno.<\/p>\n<p><strong>Matmenys:<\/strong>\u00a0grandin\u0117l\u0117s ilgis &#8211; 39 cm (+6,5 cm prailginimas).<\/p>","protected":false},"excerpt":{"rendered":"<p>Grandin\u0117l\u0117 ir pakabukas pagaminti i\u0161\u00a0plieno.<\/p>\n<p><strong>Matmenys:<\/strong>\u00a0grandin\u0117l\u0117s ilgis &#8211; 39 cm (+6,5 cm prailginimas).<\/p>","protected":false},"featured_media":2371,"comment_status":"open","ping_status":"closed","template":"","meta":[],"product_brand":[],"product_cat":[33],"product_tag":[],"class_list":{"0":"post-81","1":"product","2":"type-product","3":"status-publish","4":"has-post-thumbnail","6":"product_cat-kaklo-papuosalai","8":"first","9":"instock","10":"taxable","11":"shipping-taxable","12":"purchasable","13":"product-type-simple"},"_links":{"self":[{"href":"https:\/\/lilypapuosalai.lt\/en\/wp-json\/wp\/v2\/product\/81","targetHints":{"allow":["GET"]}}],"collection":[{"href":"https:\/\/lilypapuosalai.lt\/en\/wp-json\/wp\/v2\/product"}],"about":[{"href":"https:\/\/lilypapuosalai.lt\/en\/wp-json\/wp\/v2\/types\/product"}],"replies":[{"embeddable":true,"href":"https:\/\/lilypapuosalai.lt\/en\/wp-json\/wp\/v2\/comments?post=81"}],"wp:featuredmedia":[{"embeddable":true,"href":"https:\/\/lilypapuosalai.lt\/en\/wp-json\/wp\/v2\/media\/2371"}],"wp:attachment":[{"href":"https:\/\/lilypapuosalai.lt\/en\/wp-json\/wp\/v2\/media?parent=81"}],"wp:term":[{"taxonomy":"product_brand","embeddable":true,"href":"https:\/\/lilypapuosalai.lt\/en\/wp-json\/wp\/v2\/product_brand?post=81"},{"taxonomy":"product_cat","embeddable":true,"href":"https:\/\/lilypapuosalai.lt\/en\/wp-json\/wp\/v2\/product_cat?post=81"},{"taxonomy":"product_tag","embeddable":true,"href":"https:\/\/lilypapuosalai.lt\/en\/wp-json\/wp\/v2\/product_tag?post=81"}],"curies":[{"name":"wp","href":"https:\/\/api.w.org\/{rel}","templated":true}]}}