{"id":73,"date":"2022-04-11T12:57:07","date_gmt":"2022-04-11T12:57:07","guid":{"rendered":"https:\/\/startersites.io\/blocksy\/home-decor\/?post_type=product&#038;p=73"},"modified":"2025-11-22T19:16:53","modified_gmt":"2025-11-22T19:16:53","slug":"duivamus-arcu","status":"publish","type":"product","link":"https:\/\/lilypapuosalai.lt\/en\/collections\/duivamus-arcu\/","title":{"rendered":"AUKSO SPALVOS PAKABUKAS &#8222;MIDI \u017dIEDAS&#8221;"},"content":{"rendered":"<p>Grandin\u0117l\u0117 ir pakabukas pagamintas i\u0161\u00a0plieno.<\/p>\n<p><strong>Matmenys:<\/strong>\u00a0grandin\u0117l\u0117s ilgis &#8211; 42 cm (+6,5 cm prailginimas).<\/p>","protected":false},"excerpt":{"rendered":"<p>Grandin\u0117l\u0117 ir pakabukas pagaminti i\u0161 plieno.<\/p>\n<p><strong>Matmenys:<\/strong>\u00a0grandin\u0117l\u0117s ilgis &#8211; 42 cm (+6,5 cm prailginimas).<\/p>","protected":false},"featured_media":2358,"comment_status":"open","ping_status":"closed","template":"","meta":[],"product_brand":[],"product_cat":[33],"product_tag":[],"class_list":{"0":"post-73","1":"product","2":"type-product","3":"status-publish","4":"has-post-thumbnail","6":"product_cat-kaklo-papuosalai","8":"first","9":"instock","10":"taxable","11":"shipping-taxable","12":"purchasable","13":"product-type-simple"},"_links":{"self":[{"href":"https:\/\/lilypapuosalai.lt\/en\/wp-json\/wp\/v2\/product\/73","targetHints":{"allow":["GET"]}}],"collection":[{"href":"https:\/\/lilypapuosalai.lt\/en\/wp-json\/wp\/v2\/product"}],"about":[{"href":"https:\/\/lilypapuosalai.lt\/en\/wp-json\/wp\/v2\/types\/product"}],"replies":[{"embeddable":true,"href":"https:\/\/lilypapuosalai.lt\/en\/wp-json\/wp\/v2\/comments?post=73"}],"wp:featuredmedia":[{"embeddable":true,"href":"https:\/\/lilypapuosalai.lt\/en\/wp-json\/wp\/v2\/media\/2358"}],"wp:attachment":[{"href":"https:\/\/lilypapuosalai.lt\/en\/wp-json\/wp\/v2\/media?parent=73"}],"wp:term":[{"taxonomy":"product_brand","embeddable":true,"href":"https:\/\/lilypapuosalai.lt\/en\/wp-json\/wp\/v2\/product_brand?post=73"},{"taxonomy":"product_cat","embeddable":true,"href":"https:\/\/lilypapuosalai.lt\/en\/wp-json\/wp\/v2\/product_cat?post=73"},{"taxonomy":"product_tag","embeddable":true,"href":"https:\/\/lilypapuosalai.lt\/en\/wp-json\/wp\/v2\/product_tag?post=73"}],"curies":[{"name":"wp","href":"https:\/\/api.w.org\/{rel}","templated":true}]}}