{"id":4773,"date":"2026-02-12T14:57:19","date_gmt":"2026-02-12T14:57:19","guid":{"rendered":"https:\/\/lilypapuosalai.lt\/?post_type=product&#038;p=4773"},"modified":"2026-03-03T13:25:14","modified_gmt":"2026-03-03T13:25:14","slug":"afrikos-turkio-verinys","status":"publish","type":"product","link":"https:\/\/lilypapuosalai.lt\/en\/collections\/afrikos-turkio-verinys\/","title":{"rendered":"Afrikos turkio v\u0117rinys"},"content":{"rendered":"<p>\u0160is v\u0117rinys yra suvertas i\u0161 ma\u017e\u0173 (0,3 cm), fasetuot\u0173 afrikos turkio akmen\u0117li\u0173. J\u0173 briaunotas \u0161lifavimas atspindi \u0161vies\u0105 ry\u0161kiau nei poliruoti akmenys.<\/p>\n<ul>\n<li>V\u0117rinys turi patvar\u0173 sidabro spalvos \u201elobster\u201c tipo u\u017esegim\u0105 i\u0161 plieno.<\/li>\n<li>V\u0117rinio ilgis: ~ 41 cm.<\/li>\n<\/ul>\n<p>Kiekvienas akmuo yra nat\u016bralus, tod\u0117l spalvos gali ne\u017eymiai skirtis \u2013 tai pabr\u0117\u017eia kiekvieno v\u0117rinio unikalum\u0105.<\/p>\n<p>&nbsp;<\/p>\n<p>&nbsp;<\/p>","protected":false},"excerpt":{"rendered":"<p>\u0160is v\u0117rinys yra suvertas i\u0161 ma\u017e\u0173 (0,3 cm), fasetuot\u0173 afrikos turkio akmen\u0117li\u0173. J\u0173 briaunotas \u0161lifavimas atspindi \u0161vies\u0105 ry\u0161kiau nei poliruoti akmenys.<\/p>\n<ul>\n<li>V\u0117rinys turi patvar\u0173 sidabro spalvos \u201elobster\u201c tipo u\u017esegim\u0105 i\u0161 plieno.<\/li>\n<li>V\u0117rinio ilgis: ~ 41 cm.<\/li>\n<\/ul>\n<p>Kiekvienas akmuo yra nat\u016bralus, tod\u0117l spalvos gali ne\u017eymiai skirtis \u2013 tai pabr\u0117\u017eia kiekvieno v\u0117rinio unikalum\u0105.<\/p>\n<p>&nbsp;<\/p>","protected":false},"featured_media":4768,"comment_status":"open","ping_status":"closed","template":"","meta":[],"product_brand":[],"product_cat":[33],"product_tag":[],"class_list":{"0":"post-4773","1":"product","2":"type-product","3":"status-publish","4":"has-post-thumbnail","6":"product_cat-kaklo-papuosalai","8":"first","9":"instock","10":"taxable","11":"shipping-taxable","12":"purchasable","13":"product-type-simple"},"_links":{"self":[{"href":"https:\/\/lilypapuosalai.lt\/en\/wp-json\/wp\/v2\/product\/4773","targetHints":{"allow":["GET"]}}],"collection":[{"href":"https:\/\/lilypapuosalai.lt\/en\/wp-json\/wp\/v2\/product"}],"about":[{"href":"https:\/\/lilypapuosalai.lt\/en\/wp-json\/wp\/v2\/types\/product"}],"replies":[{"embeddable":true,"href":"https:\/\/lilypapuosalai.lt\/en\/wp-json\/wp\/v2\/comments?post=4773"}],"wp:featuredmedia":[{"embeddable":true,"href":"https:\/\/lilypapuosalai.lt\/en\/wp-json\/wp\/v2\/media\/4768"}],"wp:attachment":[{"href":"https:\/\/lilypapuosalai.lt\/en\/wp-json\/wp\/v2\/media?parent=4773"}],"wp:term":[{"taxonomy":"product_brand","embeddable":true,"href":"https:\/\/lilypapuosalai.lt\/en\/wp-json\/wp\/v2\/product_brand?post=4773"},{"taxonomy":"product_cat","embeddable":true,"href":"https:\/\/lilypapuosalai.lt\/en\/wp-json\/wp\/v2\/product_cat?post=4773"},{"taxonomy":"product_tag","embeddable":true,"href":"https:\/\/lilypapuosalai.lt\/en\/wp-json\/wp\/v2\/product_tag?post=4773"}],"curies":[{"name":"wp","href":"https:\/\/api.w.org\/{rel}","templated":true}]}}