{"id":4760,"date":"2026-02-12T13:41:40","date_gmt":"2026-02-12T13:41:40","guid":{"rendered":"https:\/\/lilypapuosalai.lt\/?post_type=product&#038;p=4760"},"modified":"2026-03-02T21:28:33","modified_gmt":"2026-03-02T21:28:33","slug":"amazonito-verinys","status":"publish","type":"product","link":"https:\/\/lilypapuosalai.lt\/en\/collections\/amazonito-verinys\/","title":{"rendered":"Amazonito v\u0117rinys"},"content":{"rendered":"<p>\u0160is v\u0117rinys yra suvertas i\u0161 ma\u017e\u0173 (0,3 cm), fasetuot\u0173 amazonito akmen\u0117li\u0173. J\u0173 briaunotas \u0161lifavimas atspindi \u0161vies\u0105 ry\u0161kiau nei poliruoti akmenys.<\/p>\n<p>V\u0117rinys turi patvar\u0173 sidabro spalvos \u201elobster\u201c tipo u\u017esegim\u0105 i\u0161 plieno.<\/p>\n<p>Kiekvienas amazonito akmuo yra nat\u016bralus, tod\u0117l spalvos gali ne\u017eymiai skirtis \u2013 tai pabr\u0117\u017eia kiekvieno v\u0117rinio unikalum\u0105.<\/p>\n<p>&nbsp;<\/p>\n<p>&nbsp;<\/p>","protected":false},"excerpt":{"rendered":"<p>\u0160is v\u0117rinys yra suvertas i\u0161 ma\u017e\u0173 (0,3 cm), fasetuot\u0173 amazonito akmen\u0117li\u0173. J\u0173 briaunotas \u0161lifavimas atspindi \u0161vies\u0105 ry\u0161kiau nei poliruoti akmenys.<\/p>\n<p>V\u0117rinys turi patvar\u0173 sidabro spalvos \u201elobster\u201c tipo u\u017esegim\u0105 i\u0161 plieno.<\/p>\n<p>Kiekvienas amazonito akmuo yra nat\u016bralus, tod\u0117l spalvos gali ne\u017eymiai skirtis \u2013 tai pabr\u0117\u017eia kiekvieno v\u0117rinio unikalum\u0105.<\/p>\n<p>&nbsp;<\/p>","protected":false},"featured_media":4761,"comment_status":"open","ping_status":"closed","template":"","meta":[],"product_brand":[],"product_cat":[33],"product_tag":[],"class_list":{"0":"post-4760","1":"product","2":"type-product","3":"status-publish","4":"has-post-thumbnail","6":"product_cat-kaklo-papuosalai","8":"first","9":"instock","10":"taxable","11":"shipping-taxable","12":"purchasable","13":"product-type-variable"},"_links":{"self":[{"href":"https:\/\/lilypapuosalai.lt\/en\/wp-json\/wp\/v2\/product\/4760","targetHints":{"allow":["GET"]}}],"collection":[{"href":"https:\/\/lilypapuosalai.lt\/en\/wp-json\/wp\/v2\/product"}],"about":[{"href":"https:\/\/lilypapuosalai.lt\/en\/wp-json\/wp\/v2\/types\/product"}],"replies":[{"embeddable":true,"href":"https:\/\/lilypapuosalai.lt\/en\/wp-json\/wp\/v2\/comments?post=4760"}],"wp:featuredmedia":[{"embeddable":true,"href":"https:\/\/lilypapuosalai.lt\/en\/wp-json\/wp\/v2\/media\/4761"}],"wp:attachment":[{"href":"https:\/\/lilypapuosalai.lt\/en\/wp-json\/wp\/v2\/media?parent=4760"}],"wp:term":[{"taxonomy":"product_brand","embeddable":true,"href":"https:\/\/lilypapuosalai.lt\/en\/wp-json\/wp\/v2\/product_brand?post=4760"},{"taxonomy":"product_cat","embeddable":true,"href":"https:\/\/lilypapuosalai.lt\/en\/wp-json\/wp\/v2\/product_cat?post=4760"},{"taxonomy":"product_tag","embeddable":true,"href":"https:\/\/lilypapuosalai.lt\/en\/wp-json\/wp\/v2\/product_tag?post=4760"}],"curies":[{"name":"wp","href":"https:\/\/api.w.org\/{rel}","templated":true}]}}