{"id":4732,"date":"2026-02-11T08:12:02","date_gmt":"2026-02-11T08:12:02","guid":{"rendered":"https:\/\/lilypapuosalai.lt\/?post_type=product&#038;p=4732"},"modified":"2026-02-26T21:43:15","modified_gmt":"2026-02-26T21:43:15","slug":"ivairiaspalvio-turmalino-verinys","status":"publish","type":"product","link":"https:\/\/lilypapuosalai.lt\/en\/collections\/ivairiaspalvio-turmalino-verinys\/","title":{"rendered":"\u012evairiaspalvio turmalino v\u0117rinys"},"content":{"rendered":"<p>Smulki\u0173, \u012fvairi\u0173 atspalvi\u0173 turmalino karoliuk\u0173 v\u0117rinys su aukso spalvos \u201elobster\u201c tipo u\u017esegimu i\u0161 plieno. Akmenukai yra fasetuoti (\u0161lifuoti su briaunomis), tod\u0117l:<\/p>\n<ul>\n<li>turi daug smulki\u0173 plok\u0161tum\u0173 (briaun\u0173),<\/li>\n<li>yra \u0161lifuoti taip, kad atspind\u0117t\u0173 \u0161vies\u0105,<\/li>\n<li>\u017e\u0117ri ry\u0161kiau nei lyg\u016bs (poliruoti) akmenys.<\/li>\n<li>Akmenuk\u0173 dydis: 0,2 cm.<\/li>\n<\/ul>\n<p>Atkreipkite d\u0117mes\u012f, kad turmalino akmenys yra nat\u016bral\u016bs, tod\u0117l j\u0173 spalvos gali \u0161iek tiek skirtis.<\/p>\n<p>&nbsp;<\/p>","protected":false},"excerpt":{"rendered":"<p>Smulki\u0173, \u012fvairi\u0173 atspalvi\u0173 turmalino karoliuk\u0173 v\u0117rinys su aukso spalvos \u201elobster\u201c tipo u\u017esegimu i\u0161 plieno. Akmenukai yra fasetuoti (\u0161lifuoti su briaunomis), tod\u0117l:<\/p>\n<ul>\n<li>turi daug smulki\u0173 plok\u0161tum\u0173 (briaun\u0173),<\/li>\n<li>yra \u0161lifuoti taip, kad atspind\u0117t\u0173 \u0161vies\u0105,<\/li>\n<li>\u017e\u0117ri ry\u0161kiau nei lyg\u016bs (poliruoti) akmenys.<\/li>\n<li>Akmenuk\u0173 dydis: 0,2 cm.<\/li>\n<\/ul>\n<p>Atkreipkite d\u0117mes\u012f, kad turmalino akmenys yra nat\u016bral\u016bs, tod\u0117l j\u0173 spalvos gali \u0161iek tiek skirtis.<\/p>\n<p>&nbsp;<\/p>","protected":false},"featured_media":4735,"comment_status":"open","ping_status":"closed","template":"","meta":[],"product_brand":[],"product_cat":[33],"product_tag":[],"class_list":{"0":"post-4732","1":"product","2":"type-product","3":"status-publish","4":"has-post-thumbnail","6":"product_cat-kaklo-papuosalai","8":"first","9":"instock","10":"taxable","11":"shipping-taxable","12":"purchasable","13":"product-type-variable"},"_links":{"self":[{"href":"https:\/\/lilypapuosalai.lt\/en\/wp-json\/wp\/v2\/product\/4732","targetHints":{"allow":["GET"]}}],"collection":[{"href":"https:\/\/lilypapuosalai.lt\/en\/wp-json\/wp\/v2\/product"}],"about":[{"href":"https:\/\/lilypapuosalai.lt\/en\/wp-json\/wp\/v2\/types\/product"}],"replies":[{"embeddable":true,"href":"https:\/\/lilypapuosalai.lt\/en\/wp-json\/wp\/v2\/comments?post=4732"}],"wp:featuredmedia":[{"embeddable":true,"href":"https:\/\/lilypapuosalai.lt\/en\/wp-json\/wp\/v2\/media\/4735"}],"wp:attachment":[{"href":"https:\/\/lilypapuosalai.lt\/en\/wp-json\/wp\/v2\/media?parent=4732"}],"wp:term":[{"taxonomy":"product_brand","embeddable":true,"href":"https:\/\/lilypapuosalai.lt\/en\/wp-json\/wp\/v2\/product_brand?post=4732"},{"taxonomy":"product_cat","embeddable":true,"href":"https:\/\/lilypapuosalai.lt\/en\/wp-json\/wp\/v2\/product_cat?post=4732"},{"taxonomy":"product_tag","embeddable":true,"href":"https:\/\/lilypapuosalai.lt\/en\/wp-json\/wp\/v2\/product_tag?post=4732"}],"curies":[{"name":"wp","href":"https:\/\/api.w.org\/{rel}","templated":true}]}}