{"id":4708,"date":"2026-02-09T22:52:44","date_gmt":"2026-02-09T22:52:44","guid":{"rendered":"https:\/\/lilypapuosalai.lt\/?post_type=product&#038;p=4708"},"modified":"2026-03-03T20:37:42","modified_gmt":"2026-03-03T20:37:42","slug":"perlu-verinys-su-gintaru","status":"publish","type":"product","link":"https:\/\/lilypapuosalai.lt\/en\/collections\/perlu-verinys-su-gintaru\/","title":{"rendered":"Perl\u0173 v\u0117rinys"},"content":{"rendered":"<p><strong>\u0160is v\u0117rinys su g\u0117lavandeniais perlais<\/strong> \u2013 subtilus, lengvai derinamas papuo\u0161alas. Puikiai atrodo d\u0117vimas vienas arba sluoksniuojamas su kitais kaklo papuo\u0161alais. V\u0117rinys sudarytas i\u0161 smulki\u0173 perl\u0173, suvert\u0173 ant si\u016blo ir atskirt\u0173 mazgeliais.<\/p>\n<ul>\n<li><strong data-start=\"233\" data-end=\"245\">U\u017esegimas\u00a0<\/strong>pagamintas i\u0161 sidabro spalvos plieno.<\/li>\n<li><strong>V\u0117rinio ilgis:<\/strong> ~ 42 cm.<\/li>\n<li data-start=\"331\" data-end=\"386\"><strong>Perl\u0173 dydis:<\/strong> ~ 0,4 cm.<\/li>\n<\/ul>\n<p>&nbsp;<\/p>","protected":false},"excerpt":{"rendered":"<p><strong>\u0160is v\u0117rinys su g\u0117lavandeniais perlais<\/strong> \u2013 subtilus, lengvai derinamas papuo\u0161alas. Puikiai atrodo d\u0117vimas vienas arba sluoksniuojamas su kitais kaklo papuo\u0161alais. V\u0117rinys sudarytas i\u0161 smulki\u0173 perl\u0173, suvert\u0173 ant si\u016blo ir atskirt\u0173 mazgeliais.<\/p>\n<ul>\n<li><strong data-start=\"233\" data-end=\"245\">U\u017esegimas\u00a0<\/strong>pagamintas i\u0161 sidabro spalvos plieno.<\/li>\n<li><strong>V\u0117rinio ilgis:<\/strong> ~ 42 cm.<\/li>\n<li data-start=\"331\" data-end=\"386\"><strong>Perl\u0173 dydis:<\/strong> ~ 0,4 cm.<\/li>\n<\/ul>","protected":false},"featured_media":4712,"comment_status":"open","ping_status":"closed","template":"","meta":[],"product_brand":[],"product_cat":[33],"product_tag":[],"class_list":{"0":"post-4708","1":"product","2":"type-product","3":"status-publish","4":"has-post-thumbnail","6":"product_cat-kaklo-papuosalai","8":"first","9":"instock","10":"taxable","11":"shipping-taxable","12":"purchasable","13":"product-type-simple"},"_links":{"self":[{"href":"https:\/\/lilypapuosalai.lt\/en\/wp-json\/wp\/v2\/product\/4708","targetHints":{"allow":["GET"]}}],"collection":[{"href":"https:\/\/lilypapuosalai.lt\/en\/wp-json\/wp\/v2\/product"}],"about":[{"href":"https:\/\/lilypapuosalai.lt\/en\/wp-json\/wp\/v2\/types\/product"}],"replies":[{"embeddable":true,"href":"https:\/\/lilypapuosalai.lt\/en\/wp-json\/wp\/v2\/comments?post=4708"}],"wp:featuredmedia":[{"embeddable":true,"href":"https:\/\/lilypapuosalai.lt\/en\/wp-json\/wp\/v2\/media\/4712"}],"wp:attachment":[{"href":"https:\/\/lilypapuosalai.lt\/en\/wp-json\/wp\/v2\/media?parent=4708"}],"wp:term":[{"taxonomy":"product_brand","embeddable":true,"href":"https:\/\/lilypapuosalai.lt\/en\/wp-json\/wp\/v2\/product_brand?post=4708"},{"taxonomy":"product_cat","embeddable":true,"href":"https:\/\/lilypapuosalai.lt\/en\/wp-json\/wp\/v2\/product_cat?post=4708"},{"taxonomy":"product_tag","embeddable":true,"href":"https:\/\/lilypapuosalai.lt\/en\/wp-json\/wp\/v2\/product_tag?post=4708"}],"curies":[{"name":"wp","href":"https:\/\/api.w.org\/{rel}","templated":true}]}}