{"id":4705,"date":"2026-02-09T22:40:42","date_gmt":"2026-02-09T22:40:42","guid":{"rendered":"https:\/\/lilypapuosalai.lt\/?post_type=product&#038;p=4705"},"modified":"2026-03-02T08:16:54","modified_gmt":"2026-03-02T08:16:54","slug":"barokiniu-perlu-verinys-su-gintaru","status":"publish","type":"product","link":"https:\/\/lilypapuosalai.lt\/en\/collections\/barokiniu-perlu-verinys-su-gintaru\/","title":{"rendered":"Barokini\u0173 perl\u0173 v\u0117rinys su gintaru"},"content":{"rendered":"<p>\u0160is v\u0117rinys suvertas i\u0161 smulki\u0173 barokini\u0173 perl\u0173, kuriems b\u016bdinga savita, netaisyklinga forma, dydis ir tekst\u016bra. Pavadinimas <em>baroque<\/em> kilo i\u0161 pranc\u016bz\u0173 (\u201enetaisyklinga forma\u201c) ir portugal\u0173 (<em>barroco<\/em> \u2013 \u201enetaisyklingas perlas\u201c) kalb\u0173, ir puikiai apib\u016bdina kiekvieno perlo autenti\u0161kum\u0105 bei nat\u016bral\u0173 gro\u017e\u012f.<\/p>\n<p>Kiekvienas perlas yra kruop\u0161\u010diai suvertas ant si\u016blo ir atskirtas mazgeliais. Centre esantis briaunuotas gintaras suteikia v\u0117riniui i\u0161skirtinumo.<\/p>\n<ul>\n<li><strong>U\u017esegimas<\/strong> pagamintas i\u0161 aukso spalvos plieno.<\/li>\n<li><strong>V\u0117rinio ilgis:<\/strong> ~ 40 cm.<\/li>\n<li><strong>Perl\u0173 dydis:<\/strong> ~ 0,5 x 0,3 cm.<\/li>\n<li><strong>Gintaro dydis:<\/strong> ~ 0,5 cm.<\/li>\n<\/ul>\n<p>V\u0117rinys puikiai atrodo d\u0117vimas vienas kaip subtilus akcentas arba sluoksniuojamas su kitais kaklo papuo\u0161alais.<\/p>","protected":false},"excerpt":{"rendered":"<p>\u0160is v\u0117rinys suvertas i\u0161 smulki\u0173 barokini\u0173 perl\u0173, kuriems b\u016bdinga savita, netaisyklinga forma, dydis ir tekst\u016bra. Pavadinimas <em>baroque<\/em> kilo i\u0161 pranc\u016bz\u0173 (\u201enetaisyklinga forma\u201c) ir portugal\u0173 (<em>barroco<\/em> \u2013 \u201enetaisyklingas perlas\u201c) kalb\u0173, ir puikiai apib\u016bdina kiekvieno perlo autenti\u0161kum\u0105 bei nat\u016bral\u0173 gro\u017e\u012f.<\/p>\n<p>Kiekvienas perlas yra kruop\u0161\u010diai suvertas ant si\u016blo ir atskirtas mazgeliais. Centre esantis briaunuotas gintaras suteikia v\u0117riniui i\u0161skirtinumo.<\/p>\n<ul>\n<li><strong>U\u017esegimas<\/strong> pagamintas i\u0161 aukso spalvos plieno.<\/li>\n<li><strong>V\u0117rinio ilgis:<\/strong> ~ 40 cm.<\/li>\n<li><strong>Perl\u0173 dydis:<\/strong> ~ 0,5 x 0,3 cm.<\/li>\n<li><strong>Gintaro dydis:<\/strong> ~ 0,5 cm.<\/li>\n<\/ul>\n<p>V\u0117rinys puikiai atrodo d\u0117vimas vienas kaip subtilus akcentas arba sluoksniuojamas su kitais kaklo papuo\u0161alais.<\/p>","protected":false},"featured_media":4706,"comment_status":"open","ping_status":"closed","template":"","meta":[],"product_brand":[],"product_cat":[33],"product_tag":[],"class_list":{"0":"post-4705","1":"product","2":"type-product","3":"status-publish","4":"has-post-thumbnail","6":"product_cat-kaklo-papuosalai","8":"first","9":"instock","10":"taxable","11":"shipping-taxable","12":"purchasable","13":"product-type-simple"},"_links":{"self":[{"href":"https:\/\/lilypapuosalai.lt\/en\/wp-json\/wp\/v2\/product\/4705","targetHints":{"allow":["GET"]}}],"collection":[{"href":"https:\/\/lilypapuosalai.lt\/en\/wp-json\/wp\/v2\/product"}],"about":[{"href":"https:\/\/lilypapuosalai.lt\/en\/wp-json\/wp\/v2\/types\/product"}],"replies":[{"embeddable":true,"href":"https:\/\/lilypapuosalai.lt\/en\/wp-json\/wp\/v2\/comments?post=4705"}],"wp:featuredmedia":[{"embeddable":true,"href":"https:\/\/lilypapuosalai.lt\/en\/wp-json\/wp\/v2\/media\/4706"}],"wp:attachment":[{"href":"https:\/\/lilypapuosalai.lt\/en\/wp-json\/wp\/v2\/media?parent=4705"}],"wp:term":[{"taxonomy":"product_brand","embeddable":true,"href":"https:\/\/lilypapuosalai.lt\/en\/wp-json\/wp\/v2\/product_brand?post=4705"},{"taxonomy":"product_cat","embeddable":true,"href":"https:\/\/lilypapuosalai.lt\/en\/wp-json\/wp\/v2\/product_cat?post=4705"},{"taxonomy":"product_tag","embeddable":true,"href":"https:\/\/lilypapuosalai.lt\/en\/wp-json\/wp\/v2\/product_tag?post=4705"}],"curies":[{"name":"wp","href":"https:\/\/api.w.org\/{rel}","templated":true}]}}