{"id":4698,"date":"2026-02-09T21:50:17","date_gmt":"2026-02-09T21:50:17","guid":{"rendered":"https:\/\/lilypapuosalai.lt\/?post_type=product&#038;p=4698"},"modified":"2026-03-24T14:45:44","modified_gmt":"2026-03-24T14:45:44","slug":"barokiniu-perlu-verinys","status":"publish","type":"product","link":"https:\/\/lilypapuosalai.lt\/en\/collections\/barokiniu-perlu-verinys\/","title":{"rendered":"Barokini\u0173 perl\u0173 v\u0117rinys"},"content":{"rendered":"<ul>\n<li><strong data-start=\"142\" data-end=\"186\">V\u0117rinys su g\u0117lavandeniais perlais <\/strong>\u2013 subtilus ir lengvai derinamas papuo\u0161alas. Puikiai atrodo d\u0117vimas vienas arba sluoksniuojamas su kitais kaklo papuo\u0161alais. V\u0117rinys sudarytas i\u0161 smulki\u0173 perl\u0173, suvert\u0173 ant si\u016blo ir atskirt\u0173 mazgeliais.<\/li>\n<li><strong data-start=\"233\" data-end=\"245\">U\u017esegimas <\/strong>pagamintas i\u0161 sidabro spalvos plieno.<\/li>\n<li data-start=\"331\" data-end=\"386\"><strong>Barokiniai g\u0117lavandeniai perlai:<\/strong> ~ 0,5 x 0,3 cm.<\/li>\n<li data-start=\"331\" data-end=\"386\"><strong>Barokiniai perlai<\/strong> \u2013 nat\u016bral\u016bs g\u0117lavandeniai perlai, kuriems b\u016bdinga savita forma, dydis ir tekst\u016bra. Pavadinimas <em data-start=\"948\" data-end=\"957\">baroque<\/em> kil\u0119s i\u0161 pranc\u016bz\u0173 (\u201enetaisyklinga forma\u201c) ir portugal\u0173 (<em data-start=\"1014\" data-end=\"1023\">barroco<\/em> \u2013 \u201enetaisyklingas perlas\u201c) kalb\u0173, ir puikiai apib\u016bdina \u0161i\u0173 perl\u0173 autenti\u0161kum\u0105 ir nat\u016bral\u0173 gro\u017e\u012f.<\/li>\n<\/ul>\n<p>&nbsp;<\/p>\n<p>&nbsp;<\/p>","protected":false},"excerpt":{"rendered":"<p><strong data-start=\"142\" data-end=\"186\">\u0160is v\u0117rinys su g\u0117lavandeniais perlais <\/strong>\u2013 subtilus ir lengvai derinamas papuo\u0161alas. Puikiai atrodo d\u0117vimas vienas arba sluoksniuojamas su kitais kaklo papuo\u0161alais. V\u0117rinys sudarytas i\u0161 smulki\u0173 barokini\u0173 perl\u0173, suvert\u0173 ant si\u016blo ir atskirt\u0173 mazgeliais.<\/p>\n<ul>\n<li><strong data-start=\"233\" data-end=\"245\">U\u017esegimas <\/strong>pagamintas i\u0161 sidabro spalvos plieno.<\/li>\n<li data-start=\"331\" data-end=\"386\"><strong>Perl\u0173 dydis:<\/strong> ~ 0,5 cm x 0,3 cm.<\/li>\n<\/ul>\n<p><strong>Barokiniai perlai<\/strong> \u2013 nat\u016bral\u016bs g\u0117lavandeniai perlai, kuriems b\u016bdinga savita forma, dydis ir tekst\u016bra. Pavadinimas <em data-start=\"948\" data-end=\"957\">baroque<\/em> kil\u0119s i\u0161 pranc\u016bz\u0173 (\u201enetaisyklinga forma\u201c) ir portugal\u0173 (<em data-start=\"1014\" data-end=\"1023\">barroco<\/em> \u2013 \u201enetaisyklingas perlas\u201c) kalb\u0173, ir puikiai apib\u016bdina \u0161i\u0173 perl\u0173 autenti\u0161kum\u0105 ir nat\u016bral\u0173 gro\u017e\u012f.<\/p>","protected":false},"featured_media":4699,"comment_status":"open","ping_status":"closed","template":"","meta":[],"product_brand":[],"product_cat":[33],"product_tag":[],"class_list":{"0":"post-4698","1":"product","2":"type-product","3":"status-publish","4":"has-post-thumbnail","6":"product_cat-kaklo-papuosalai","8":"first","9":"instock","10":"taxable","11":"shipping-taxable","12":"purchasable","13":"product-type-variable"},"_links":{"self":[{"href":"https:\/\/lilypapuosalai.lt\/en\/wp-json\/wp\/v2\/product\/4698","targetHints":{"allow":["GET"]}}],"collection":[{"href":"https:\/\/lilypapuosalai.lt\/en\/wp-json\/wp\/v2\/product"}],"about":[{"href":"https:\/\/lilypapuosalai.lt\/en\/wp-json\/wp\/v2\/types\/product"}],"replies":[{"embeddable":true,"href":"https:\/\/lilypapuosalai.lt\/en\/wp-json\/wp\/v2\/comments?post=4698"}],"wp:featuredmedia":[{"embeddable":true,"href":"https:\/\/lilypapuosalai.lt\/en\/wp-json\/wp\/v2\/media\/4699"}],"wp:attachment":[{"href":"https:\/\/lilypapuosalai.lt\/en\/wp-json\/wp\/v2\/media?parent=4698"}],"wp:term":[{"taxonomy":"product_brand","embeddable":true,"href":"https:\/\/lilypapuosalai.lt\/en\/wp-json\/wp\/v2\/product_brand?post=4698"},{"taxonomy":"product_cat","embeddable":true,"href":"https:\/\/lilypapuosalai.lt\/en\/wp-json\/wp\/v2\/product_cat?post=4698"},{"taxonomy":"product_tag","embeddable":true,"href":"https:\/\/lilypapuosalai.lt\/en\/wp-json\/wp\/v2\/product_tag?post=4698"}],"curies":[{"name":"wp","href":"https:\/\/api.w.org\/{rel}","templated":true}]}}