{"id":4187,"date":"2026-01-14T15:54:20","date_gmt":"2026-01-14T15:54:20","guid":{"rendered":"https:\/\/lilypapuosalai.lt\/?post_type=product&#038;p=4187"},"modified":"2026-03-02T13:49:11","modified_gmt":"2026-03-02T13:49:11","slug":"auskarai-9","status":"publish","type":"product","link":"https:\/\/lilypapuosalai.lt\/en\/collections\/auskarai-9\/","title":{"rendered":"Auskarai &#8222;Kriaukl\u0117s&#8221;"},"content":{"rendered":"<p>Auskarai pagaminti i\u0161 ner\u016bdijan\u010dio plieno.<\/p>\n<p>Auskar\u0173 ilgis: 4,4 cm.<\/p>\n<p>&nbsp;<\/p>","protected":false},"excerpt":{"rendered":"<p>Auskarai pagaminti i\u0161 ner\u016bdijan\u010dio plieno.<\/p>\n<p>Auskar\u0173 ilgis: 4,4 cm.<\/p>","protected":false},"featured_media":4188,"comment_status":"open","ping_status":"closed","template":"","meta":[],"product_brand":[],"product_cat":[40],"product_tag":[],"class_list":{"0":"post-4187","1":"product","2":"type-product","3":"status-publish","4":"has-post-thumbnail","6":"product_cat-auskarai","8":"first","9":"outofstock","10":"sale","11":"taxable","12":"shipping-taxable","13":"purchasable","14":"product-type-simple"},"_links":{"self":[{"href":"https:\/\/lilypapuosalai.lt\/en\/wp-json\/wp\/v2\/product\/4187","targetHints":{"allow":["GET"]}}],"collection":[{"href":"https:\/\/lilypapuosalai.lt\/en\/wp-json\/wp\/v2\/product"}],"about":[{"href":"https:\/\/lilypapuosalai.lt\/en\/wp-json\/wp\/v2\/types\/product"}],"replies":[{"embeddable":true,"href":"https:\/\/lilypapuosalai.lt\/en\/wp-json\/wp\/v2\/comments?post=4187"}],"wp:featuredmedia":[{"embeddable":true,"href":"https:\/\/lilypapuosalai.lt\/en\/wp-json\/wp\/v2\/media\/4188"}],"wp:attachment":[{"href":"https:\/\/lilypapuosalai.lt\/en\/wp-json\/wp\/v2\/media?parent=4187"}],"wp:term":[{"taxonomy":"product_brand","embeddable":true,"href":"https:\/\/lilypapuosalai.lt\/en\/wp-json\/wp\/v2\/product_brand?post=4187"},{"taxonomy":"product_cat","embeddable":true,"href":"https:\/\/lilypapuosalai.lt\/en\/wp-json\/wp\/v2\/product_cat?post=4187"},{"taxonomy":"product_tag","embeddable":true,"href":"https:\/\/lilypapuosalai.lt\/en\/wp-json\/wp\/v2\/product_tag?post=4187"}],"curies":[{"name":"wp","href":"https:\/\/api.w.org\/{rel}","templated":true}]}}