{"id":4186,"date":"2026-01-14T15:24:04","date_gmt":"2026-01-14T15:24:04","guid":{"rendered":"https:\/\/lilypapuosalai.lt\/?post_type=product&#038;p=4186"},"modified":"2026-01-14T20:58:51","modified_gmt":"2026-01-14T20:58:51","slug":"auskarai-8","status":"publish","type":"product","link":"https:\/\/lilypapuosalai.lt\/en\/collections\/auskarai-8\/","title":{"rendered":"Ilgi kabantys auskarai"},"content":{"rendered":"<p>Auskarai pagaminti i\u0161 ner\u016bdijan\u010dio plieno.<\/p>","protected":false},"excerpt":{"rendered":"<p>Auskarai pagaminti i\u0161 ner\u016bdijan\u010dio plieno.<\/p>","protected":false},"featured_media":4185,"comment_status":"open","ping_status":"closed","template":"","meta":[],"product_brand":[],"product_cat":[40],"product_tag":[],"class_list":{"0":"post-4186","1":"product","2":"type-product","3":"status-publish","4":"has-post-thumbnail","6":"product_cat-auskarai","8":"first","9":"instock","10":"sale","11":"taxable","12":"shipping-taxable","13":"purchasable","14":"product-type-simple"},"_links":{"self":[{"href":"https:\/\/lilypapuosalai.lt\/en\/wp-json\/wp\/v2\/product\/4186","targetHints":{"allow":["GET"]}}],"collection":[{"href":"https:\/\/lilypapuosalai.lt\/en\/wp-json\/wp\/v2\/product"}],"about":[{"href":"https:\/\/lilypapuosalai.lt\/en\/wp-json\/wp\/v2\/types\/product"}],"replies":[{"embeddable":true,"href":"https:\/\/lilypapuosalai.lt\/en\/wp-json\/wp\/v2\/comments?post=4186"}],"wp:featuredmedia":[{"embeddable":true,"href":"https:\/\/lilypapuosalai.lt\/en\/wp-json\/wp\/v2\/media\/4185"}],"wp:attachment":[{"href":"https:\/\/lilypapuosalai.lt\/en\/wp-json\/wp\/v2\/media?parent=4186"}],"wp:term":[{"taxonomy":"product_brand","embeddable":true,"href":"https:\/\/lilypapuosalai.lt\/en\/wp-json\/wp\/v2\/product_brand?post=4186"},{"taxonomy":"product_cat","embeddable":true,"href":"https:\/\/lilypapuosalai.lt\/en\/wp-json\/wp\/v2\/product_cat?post=4186"},{"taxonomy":"product_tag","embeddable":true,"href":"https:\/\/lilypapuosalai.lt\/en\/wp-json\/wp\/v2\/product_tag?post=4186"}],"curies":[{"name":"wp","href":"https:\/\/api.w.org\/{rel}","templated":true}]}}