{"id":3698,"date":"2025-04-07T16:28:21","date_gmt":"2025-04-07T16:28:21","guid":{"rendered":"https:\/\/lilypapuosalai.lt\/?post_type=product&#038;p=3698"},"modified":"2025-04-07T16:28:21","modified_gmt":"2025-04-07T16:28:21","slug":"auskaras-i-bamba-su-rozinemis-akutemis","status":"publish","type":"product","link":"https:\/\/lilypapuosalai.lt\/en\/collections\/auskaras-i-bamba-su-rozinemis-akutemis\/","title":{"rendered":"Auskaras \u012f bamb\u0105 su ro\u017ein\u0117mis akut\u0117mis"},"content":{"rendered":"<ul>\n<li>\u0160is auskaras \u012f bamb\u0105 yra pagamintas i\u0161 medicininio plieno ir stiklo aku\u010di\u0173.<\/li>\n<li><strong>Metalo spalva:<\/strong> sidabrin\u0117, <strong>akut\u0117s spalva:<\/strong> ro\u017ein\u0117.<\/li>\n<\/ul>","protected":false},"excerpt":{"rendered":"<p>\u0160is auskaras \u012f bamb\u0105 yra pagamintas i\u0161 medicininio plieno ir stiklo aku\u010di\u0173. Metalo spalva: sidabrin\u0117, akut\u0117s spalva: ro\u017ein\u0117.<\/p>","protected":false},"featured_media":3699,"comment_status":"open","ping_status":"closed","template":"","meta":[],"product_brand":[],"product_cat":[41],"product_tag":[],"class_list":{"0":"post-3698","1":"product","2":"type-product","3":"status-publish","4":"has-post-thumbnail","6":"product_cat-auskarai-i-bamba","8":"first","9":"instock","10":"sale","11":"taxable","12":"shipping-taxable","13":"purchasable","14":"product-type-simple"},"_links":{"self":[{"href":"https:\/\/lilypapuosalai.lt\/en\/wp-json\/wp\/v2\/product\/3698","targetHints":{"allow":["GET"]}}],"collection":[{"href":"https:\/\/lilypapuosalai.lt\/en\/wp-json\/wp\/v2\/product"}],"about":[{"href":"https:\/\/lilypapuosalai.lt\/en\/wp-json\/wp\/v2\/types\/product"}],"replies":[{"embeddable":true,"href":"https:\/\/lilypapuosalai.lt\/en\/wp-json\/wp\/v2\/comments?post=3698"}],"wp:featuredmedia":[{"embeddable":true,"href":"https:\/\/lilypapuosalai.lt\/en\/wp-json\/wp\/v2\/media\/3699"}],"wp:attachment":[{"href":"https:\/\/lilypapuosalai.lt\/en\/wp-json\/wp\/v2\/media?parent=3698"}],"wp:term":[{"taxonomy":"product_brand","embeddable":true,"href":"https:\/\/lilypapuosalai.lt\/en\/wp-json\/wp\/v2\/product_brand?post=3698"},{"taxonomy":"product_cat","embeddable":true,"href":"https:\/\/lilypapuosalai.lt\/en\/wp-json\/wp\/v2\/product_cat?post=3698"},{"taxonomy":"product_tag","embeddable":true,"href":"https:\/\/lilypapuosalai.lt\/en\/wp-json\/wp\/v2\/product_tag?post=3698"}],"curies":[{"name":"wp","href":"https:\/\/api.w.org\/{rel}","templated":true}]}}