{"id":3231,"date":"2025-03-24T14:29:09","date_gmt":"2025-03-24T14:29:09","guid":{"rendered":"https:\/\/lilypapuosalai.lt\/?post_type=product&#038;p=3231"},"modified":"2025-03-24T14:30:44","modified_gmt":"2025-03-24T14:30:44","slug":"rudas-plauku-segtukas","status":"publish","type":"product","link":"https:\/\/lilypapuosalai.lt\/en\/collections\/rudas-plauku-segtukas\/","title":{"rendered":"Rudas plauk\u0173 segtukas"},"content":{"rendered":"<ul>\n<li><strong>Plauk\u0173 sag\u0117<\/strong>\u00a0pagaminta i\u0161 lengvo metalo lydinio ir plastiko.<\/li>\n<li><strong>Matmenys:<\/strong> plauk\u0173 sag\u0117s ilgis ~ 9,2 cm, papuo\u0161imo skersmuo ~ 7,5 x 7,5 cm.<\/li>\n<\/ul>","protected":false},"excerpt":{"rendered":"<ul>\n<li><strong>Plauk\u0173 sag\u0117<\/strong>\u00a0pagaminta i\u0161 lengvo metalo lydinio ir plastiko.<\/li>\n<li><strong>Matmenys:<\/strong> plauk\u0173 sag\u0117s ilgis ~ 9,2 cm, papuo\u0161imo skersmuo ~ 7,5 x 7,5 cm.<\/li>\n<\/ul>","protected":false},"featured_media":3232,"comment_status":"open","ping_status":"closed","template":"","meta":[],"product_brand":[],"product_cat":[35],"product_tag":[],"class_list":{"0":"post-3231","1":"product","2":"type-product","3":"status-publish","4":"has-post-thumbnail","6":"product_cat-plauku-aksesuarai","8":"first","9":"instock","10":"taxable","11":"shipping-taxable","12":"purchasable","13":"product-type-simple"},"_links":{"self":[{"href":"https:\/\/lilypapuosalai.lt\/en\/wp-json\/wp\/v2\/product\/3231","targetHints":{"allow":["GET"]}}],"collection":[{"href":"https:\/\/lilypapuosalai.lt\/en\/wp-json\/wp\/v2\/product"}],"about":[{"href":"https:\/\/lilypapuosalai.lt\/en\/wp-json\/wp\/v2\/types\/product"}],"replies":[{"embeddable":true,"href":"https:\/\/lilypapuosalai.lt\/en\/wp-json\/wp\/v2\/comments?post=3231"}],"wp:featuredmedia":[{"embeddable":true,"href":"https:\/\/lilypapuosalai.lt\/en\/wp-json\/wp\/v2\/media\/3232"}],"wp:attachment":[{"href":"https:\/\/lilypapuosalai.lt\/en\/wp-json\/wp\/v2\/media?parent=3231"}],"wp:term":[{"taxonomy":"product_brand","embeddable":true,"href":"https:\/\/lilypapuosalai.lt\/en\/wp-json\/wp\/v2\/product_brand?post=3231"},{"taxonomy":"product_cat","embeddable":true,"href":"https:\/\/lilypapuosalai.lt\/en\/wp-json\/wp\/v2\/product_cat?post=3231"},{"taxonomy":"product_tag","embeddable":true,"href":"https:\/\/lilypapuosalai.lt\/en\/wp-json\/wp\/v2\/product_tag?post=3231"}],"curies":[{"name":"wp","href":"https:\/\/api.w.org\/{rel}","templated":true}]}}