{"id":3229,"date":"2025-03-24T14:03:21","date_gmt":"2025-03-24T14:03:21","guid":{"rendered":"https:\/\/lilypapuosalai.lt\/?post_type=product&#038;p=3229"},"modified":"2025-03-24T14:27:51","modified_gmt":"2025-03-24T14:27:51","slug":"plauku-segtukas-drugelis","status":"publish","type":"product","link":"https:\/\/lilypapuosalai.lt\/en\/collections\/plauku-segtukas-drugelis\/","title":{"rendered":"Plauk\u0173 segtukas &#8222;Drugelis&#8221;"},"content":{"rendered":"<ul>\n<li><strong>Plauk\u0173 sag\u0117<\/strong>\u00a0pagaminta i\u0161 lengvo metalo lydinio ir plastiko.<\/li>\n<li><strong>Matmenys:<\/strong> plauk\u0173 sag\u0117s ilgis ~ 9,2 cm, papuo\u0161imo skersmuo ~ 7,5 x 7,5 cm.<\/li>\n<\/ul>","protected":false},"excerpt":{"rendered":"<ul>\n<li><strong>Plauk\u0173 sag\u0117<\/strong>\u00a0pagaminta i\u0161 lengvo metalo lydinio ir plastiko.<\/li>\n<li><strong>Matmenys:<\/strong> plauk\u0173 sag\u0117s ilgis ~ 9,2 cm, papuo\u0161imo skersmuo ~ 7,5 x 7,5 cm.<\/li>\n<\/ul>","protected":false},"featured_media":3230,"comment_status":"open","ping_status":"closed","template":"","meta":[],"product_brand":[],"product_cat":[35],"product_tag":[],"class_list":{"0":"post-3229","1":"product","2":"type-product","3":"status-publish","4":"has-post-thumbnail","6":"product_cat-plauku-aksesuarai","8":"first","9":"instock","10":"taxable","11":"shipping-taxable","12":"purchasable","13":"product-type-simple"},"_links":{"self":[{"href":"https:\/\/lilypapuosalai.lt\/en\/wp-json\/wp\/v2\/product\/3229","targetHints":{"allow":["GET"]}}],"collection":[{"href":"https:\/\/lilypapuosalai.lt\/en\/wp-json\/wp\/v2\/product"}],"about":[{"href":"https:\/\/lilypapuosalai.lt\/en\/wp-json\/wp\/v2\/types\/product"}],"replies":[{"embeddable":true,"href":"https:\/\/lilypapuosalai.lt\/en\/wp-json\/wp\/v2\/comments?post=3229"}],"wp:featuredmedia":[{"embeddable":true,"href":"https:\/\/lilypapuosalai.lt\/en\/wp-json\/wp\/v2\/media\/3230"}],"wp:attachment":[{"href":"https:\/\/lilypapuosalai.lt\/en\/wp-json\/wp\/v2\/media?parent=3229"}],"wp:term":[{"taxonomy":"product_brand","embeddable":true,"href":"https:\/\/lilypapuosalai.lt\/en\/wp-json\/wp\/v2\/product_brand?post=3229"},{"taxonomy":"product_cat","embeddable":true,"href":"https:\/\/lilypapuosalai.lt\/en\/wp-json\/wp\/v2\/product_cat?post=3229"},{"taxonomy":"product_tag","embeddable":true,"href":"https:\/\/lilypapuosalai.lt\/en\/wp-json\/wp\/v2\/product_tag?post=3229"}],"curies":[{"name":"wp","href":"https:\/\/api.w.org\/{rel}","templated":true}]}}