{"id":3222,"date":"2025-03-24T13:01:13","date_gmt":"2025-03-24T13:01:13","guid":{"rendered":"https:\/\/lilypapuosalai.lt\/?post_type=product&#038;p=3222"},"modified":"2025-04-15T12:33:43","modified_gmt":"2025-04-15T12:33:43","slug":"plauku-gumele","status":"publish","type":"product","link":"https:\/\/lilypapuosalai.lt\/en\/collections\/plauku-gumele\/","title":{"rendered":"Plauk\u0173 gumel\u0117"},"content":{"rendered":"<ul>\n<li><strong>Plauk\u0173 gumel\u0117 pagaminta i\u0161<\/strong>\u00a0plastiko, elastin\u0117s gumel\u0117s.<\/li>\n<li><strong>Matmenys:<\/strong>\u00a0i\u0161orinis gumel\u0117s skersmuo ~ 5 cm, papuo\u0161imas &#8211; 4,5 x 2,5 cm.<\/li>\n<\/ul>","protected":false},"excerpt":{"rendered":"<ul>\n<li><strong>Plauk\u0173 gumel\u0117 pagaminta i\u0161<\/strong>\u00a0plastiko, elastin\u0117s gumel\u0117s.<\/li>\n<li><strong>Matmenys:<\/strong>\u00a0i\u0161orinis gumel\u0117s skersmuo ~ 5 cm, papuo\u0161imas &#8211; 4,5 x 2,5 cm.<\/li>\n<\/ul>","protected":false},"featured_media":3224,"comment_status":"open","ping_status":"closed","template":"","meta":[],"product_brand":[],"product_cat":[35],"product_tag":[],"class_list":{"0":"post-3222","1":"product","2":"type-product","3":"status-publish","4":"has-post-thumbnail","6":"product_cat-plauku-aksesuarai","8":"first","9":"instock","10":"taxable","11":"shipping-taxable","12":"purchasable","13":"product-type-simple"},"_links":{"self":[{"href":"https:\/\/lilypapuosalai.lt\/en\/wp-json\/wp\/v2\/product\/3222","targetHints":{"allow":["GET"]}}],"collection":[{"href":"https:\/\/lilypapuosalai.lt\/en\/wp-json\/wp\/v2\/product"}],"about":[{"href":"https:\/\/lilypapuosalai.lt\/en\/wp-json\/wp\/v2\/types\/product"}],"replies":[{"embeddable":true,"href":"https:\/\/lilypapuosalai.lt\/en\/wp-json\/wp\/v2\/comments?post=3222"}],"wp:featuredmedia":[{"embeddable":true,"href":"https:\/\/lilypapuosalai.lt\/en\/wp-json\/wp\/v2\/media\/3224"}],"wp:attachment":[{"href":"https:\/\/lilypapuosalai.lt\/en\/wp-json\/wp\/v2\/media?parent=3222"}],"wp:term":[{"taxonomy":"product_brand","embeddable":true,"href":"https:\/\/lilypapuosalai.lt\/en\/wp-json\/wp\/v2\/product_brand?post=3222"},{"taxonomy":"product_cat","embeddable":true,"href":"https:\/\/lilypapuosalai.lt\/en\/wp-json\/wp\/v2\/product_cat?post=3222"},{"taxonomy":"product_tag","embeddable":true,"href":"https:\/\/lilypapuosalai.lt\/en\/wp-json\/wp\/v2\/product_tag?post=3222"}],"curies":[{"name":"wp","href":"https:\/\/api.w.org\/{rel}","templated":true}]}}