{"id":3217,"date":"2025-03-24T12:46:02","date_gmt":"2025-03-24T12:46:02","guid":{"rendered":"https:\/\/lilypapuosalai.lt\/?post_type=product&#038;p=3217"},"modified":"2025-03-24T12:54:48","modified_gmt":"2025-03-24T12:54:48","slug":"juodas-plauku-segtukas","status":"publish","type":"product","link":"https:\/\/lilypapuosalai.lt\/en\/collections\/juodas-plauku-segtukas\/","title":{"rendered":"Juodas plauk\u0173 segtukas"},"content":{"rendered":"<ul>\n<li><strong>Plauk\u0173 sag\u0117 pagaminta i\u0161<\/strong>\u00a0plastiko.<\/li>\n<li><strong>Spalva:<\/strong>\u00a0juoda.<\/li>\n<li><strong>Matmenys:<\/strong>\u00a0plauk\u0173 sag\u0117s ilgis ~ 8 cm.<\/li>\n<\/ul>","protected":false},"excerpt":{"rendered":"<ul>\n<li><strong>Plauk\u0173 sag\u0117 pagaminta i\u0161<\/strong>\u00a0plastiko.<\/li>\n<li><strong>Spalva:<\/strong>\u00a0juoda.<\/li>\n<li><strong>Matmenys:<\/strong>\u00a0plauk\u0173 sag\u0117s ilgis ~ 8 cm.<\/li>\n<\/ul>","protected":false},"featured_media":3218,"comment_status":"open","ping_status":"closed","template":"","meta":[],"product_brand":[],"product_cat":[35],"product_tag":[],"class_list":{"0":"post-3217","1":"product","2":"type-product","3":"status-publish","4":"has-post-thumbnail","6":"product_cat-plauku-aksesuarai","8":"first","9":"instock","10":"taxable","11":"shipping-taxable","12":"purchasable","13":"product-type-simple"},"_links":{"self":[{"href":"https:\/\/lilypapuosalai.lt\/en\/wp-json\/wp\/v2\/product\/3217","targetHints":{"allow":["GET"]}}],"collection":[{"href":"https:\/\/lilypapuosalai.lt\/en\/wp-json\/wp\/v2\/product"}],"about":[{"href":"https:\/\/lilypapuosalai.lt\/en\/wp-json\/wp\/v2\/types\/product"}],"replies":[{"embeddable":true,"href":"https:\/\/lilypapuosalai.lt\/en\/wp-json\/wp\/v2\/comments?post=3217"}],"wp:featuredmedia":[{"embeddable":true,"href":"https:\/\/lilypapuosalai.lt\/en\/wp-json\/wp\/v2\/media\/3218"}],"wp:attachment":[{"href":"https:\/\/lilypapuosalai.lt\/en\/wp-json\/wp\/v2\/media?parent=3217"}],"wp:term":[{"taxonomy":"product_brand","embeddable":true,"href":"https:\/\/lilypapuosalai.lt\/en\/wp-json\/wp\/v2\/product_brand?post=3217"},{"taxonomy":"product_cat","embeddable":true,"href":"https:\/\/lilypapuosalai.lt\/en\/wp-json\/wp\/v2\/product_cat?post=3217"},{"taxonomy":"product_tag","embeddable":true,"href":"https:\/\/lilypapuosalai.lt\/en\/wp-json\/wp\/v2\/product_tag?post=3217"}],"curies":[{"name":"wp","href":"https:\/\/api.w.org\/{rel}","templated":true}]}}