{"id":3197,"date":"2025-03-23T02:43:08","date_gmt":"2025-03-23T02:43:08","guid":{"rendered":"https:\/\/lilypapuosalai.lt\/?post_type=product&#038;p=3197"},"modified":"2025-04-28T07:00:29","modified_gmt":"2025-04-28T07:00:29","slug":"saules-akmens-apyranke-su-pakabuku","status":"publish","type":"product","link":"https:\/\/lilypapuosalai.lt\/en\/collections\/saules-akmens-apyranke-su-pakabuku\/","title":{"rendered":"Saul\u0117s akmens apyrank\u0117 su pakabuku"},"content":{"rendered":"<p><strong>Apyrank\u0117 pagaminta i\u0161\u00a0<\/strong>\u00a0smulkaus saul\u0117s akmens\u00a0ir plieno, suverta ant tvirtos elastin\u0117s gumel\u0117s.<\/p>\n<p><strong>Matmenys:<\/strong> akmenuk\u0173 skersmuo &#8211; 0,5 cm. Apyrank\u0117 tinka 16 cm rie\u0161ui.<\/p>","protected":false},"excerpt":{"rendered":"<p><strong>Apyrank\u0117 pagaminta i\u0161\u00a0<\/strong>\u00a0smulkaus saul\u0117s akmens\u00a0ir plieno, suverta ant tvirtos elastin\u0117s gumel\u0117s.<\/p>\n<p><strong>Matmenys:<\/strong> akmenuk\u0173 skersmuo &#8211; 0,5 cm. Apyrank\u0117 tinka 16 cm rie\u0161ui.<\/p>","protected":false},"featured_media":3211,"comment_status":"open","ping_status":"closed","template":"","meta":[],"product_brand":[],"product_cat":[32],"product_tag":[],"class_list":{"0":"post-3197","1":"product","2":"type-product","3":"status-publish","4":"has-post-thumbnail","6":"product_cat-apyrankes","8":"first","9":"outofstock","10":"sale","11":"taxable","12":"shipping-taxable","13":"purchasable","14":"product-type-simple"},"_links":{"self":[{"href":"https:\/\/lilypapuosalai.lt\/en\/wp-json\/wp\/v2\/product\/3197","targetHints":{"allow":["GET"]}}],"collection":[{"href":"https:\/\/lilypapuosalai.lt\/en\/wp-json\/wp\/v2\/product"}],"about":[{"href":"https:\/\/lilypapuosalai.lt\/en\/wp-json\/wp\/v2\/types\/product"}],"replies":[{"embeddable":true,"href":"https:\/\/lilypapuosalai.lt\/en\/wp-json\/wp\/v2\/comments?post=3197"}],"wp:featuredmedia":[{"embeddable":true,"href":"https:\/\/lilypapuosalai.lt\/en\/wp-json\/wp\/v2\/media\/3211"}],"wp:attachment":[{"href":"https:\/\/lilypapuosalai.lt\/en\/wp-json\/wp\/v2\/media?parent=3197"}],"wp:term":[{"taxonomy":"product_brand","embeddable":true,"href":"https:\/\/lilypapuosalai.lt\/en\/wp-json\/wp\/v2\/product_brand?post=3197"},{"taxonomy":"product_cat","embeddable":true,"href":"https:\/\/lilypapuosalai.lt\/en\/wp-json\/wp\/v2\/product_cat?post=3197"},{"taxonomy":"product_tag","embeddable":true,"href":"https:\/\/lilypapuosalai.lt\/en\/wp-json\/wp\/v2\/product_tag?post=3197"}],"curies":[{"name":"wp","href":"https:\/\/api.w.org\/{rel}","templated":true}]}}