{"id":3173,"date":"2025-03-23T01:54:15","date_gmt":"2025-03-23T01:54:15","guid":{"rendered":"https:\/\/lilypapuosalai.lt\/?post_type=product&#038;p=3173"},"modified":"2025-03-23T01:56:39","modified_gmt":"2025-03-23T01:56:39","slug":"klasikinio-agato-apyranke","status":"publish","type":"product","link":"https:\/\/lilypapuosalai.lt\/en\/collections\/klasikinio-agato-apyranke\/","title":{"rendered":"Klasikinio agato apyrank\u0117"},"content":{"rendered":"<p><strong>Apyrank\u0117 pagaminta i\u0161<\/strong>\u00a0klasikinio agato\u00a0ir plieno, suverta ant tvirtos elastin\u0117s gumel\u0117s.<\/p>\n<p><strong>Matmenys:<\/strong>\u00a0akmenuk\u0173 skersmuo &#8211; 0,8 cm. Apyrank\u0117 tinka 17 cm rie\u0161ui.<\/p>","protected":false},"excerpt":{"rendered":"<p><strong>Apyrank\u0117 pagaminta i\u0161<\/strong>\u00a0klasikinio agato\u00a0ir plieno, suverta ant tvirtos elastin\u0117s gumel\u0117s.<\/p>\n<p><strong>Matmenys:<\/strong>\u00a0akmenuk\u0173 skersmuo &#8211; 0,8 cm. Apyrank\u0117 tinka 17 cm rie\u0161ui.<\/p>","protected":false},"featured_media":3174,"comment_status":"open","ping_status":"closed","template":"","meta":[],"product_brand":[],"product_cat":[32],"product_tag":[],"class_list":{"0":"post-3173","1":"product","2":"type-product","3":"status-publish","4":"has-post-thumbnail","6":"product_cat-apyrankes","8":"first","9":"instock","10":"sale","11":"taxable","12":"shipping-taxable","13":"purchasable","14":"product-type-simple"},"_links":{"self":[{"href":"https:\/\/lilypapuosalai.lt\/en\/wp-json\/wp\/v2\/product\/3173","targetHints":{"allow":["GET"]}}],"collection":[{"href":"https:\/\/lilypapuosalai.lt\/en\/wp-json\/wp\/v2\/product"}],"about":[{"href":"https:\/\/lilypapuosalai.lt\/en\/wp-json\/wp\/v2\/types\/product"}],"replies":[{"embeddable":true,"href":"https:\/\/lilypapuosalai.lt\/en\/wp-json\/wp\/v2\/comments?post=3173"}],"wp:featuredmedia":[{"embeddable":true,"href":"https:\/\/lilypapuosalai.lt\/en\/wp-json\/wp\/v2\/media\/3174"}],"wp:attachment":[{"href":"https:\/\/lilypapuosalai.lt\/en\/wp-json\/wp\/v2\/media?parent=3173"}],"wp:term":[{"taxonomy":"product_brand","embeddable":true,"href":"https:\/\/lilypapuosalai.lt\/en\/wp-json\/wp\/v2\/product_brand?post=3173"},{"taxonomy":"product_cat","embeddable":true,"href":"https:\/\/lilypapuosalai.lt\/en\/wp-json\/wp\/v2\/product_cat?post=3173"},{"taxonomy":"product_tag","embeddable":true,"href":"https:\/\/lilypapuosalai.lt\/en\/wp-json\/wp\/v2\/product_tag?post=3173"}],"curies":[{"name":"wp","href":"https:\/\/api.w.org\/{rel}","templated":true}]}}