{"id":3156,"date":"2025-03-23T01:13:42","date_gmt":"2025-03-23T01:13:42","guid":{"rendered":"https:\/\/lilypapuosalai.lt\/?post_type=product&#038;p=3156"},"modified":"2025-03-23T01:18:49","modified_gmt":"2025-03-23T01:18:49","slug":"juodojo-turmalino-ir-melsvojo-agato-apyranke","status":"publish","type":"product","link":"https:\/\/lilypapuosalai.lt\/en\/collections\/juodojo-turmalino-ir-melsvojo-agato-apyranke\/","title":{"rendered":"Juodojo turmalino ir melsvojo agato apyrank\u0117"},"content":{"rendered":"<p><strong>Apyrank\u0117 pagaminta i\u0161<\/strong>\u00a0juodojo turmalino, melsvojo agato ir plieno detal\u0117s, suverta ant tvirtos elastin\u0117s gumel\u0117s.<\/p>\n<p><strong>Matmenys:<\/strong> akmenuk\u0173 skersmuo &#8211; 1 cm. Apyrank\u0117 tinka 16 &#8211; 16,50 cm rie\u0161ui.<\/p>","protected":false},"excerpt":{"rendered":"<p><strong>Apyrank\u0117 pagaminta i\u0161<\/strong>\u00a0juodojo turmalino, melsvojo agato ir plieno detal\u0117s, suverta ant tvirtos elastin\u0117s gumel\u0117s.<\/p>\n<p><strong>Matmenys:<\/strong> akmenuk\u0173 skersmuo &#8211; 1 cm. Apyrank\u0117 tinka 16 &#8211; 17 cm rie\u0161ui.<\/p>","protected":false},"featured_media":3157,"comment_status":"open","ping_status":"closed","template":"","meta":[],"product_brand":[],"product_cat":[32],"product_tag":[],"class_list":{"0":"post-3156","1":"product","2":"type-product","3":"status-publish","4":"has-post-thumbnail","6":"product_cat-apyrankes","8":"first","9":"instock","10":"sale","11":"taxable","12":"shipping-taxable","13":"purchasable","14":"product-type-simple"},"_links":{"self":[{"href":"https:\/\/lilypapuosalai.lt\/en\/wp-json\/wp\/v2\/product\/3156","targetHints":{"allow":["GET"]}}],"collection":[{"href":"https:\/\/lilypapuosalai.lt\/en\/wp-json\/wp\/v2\/product"}],"about":[{"href":"https:\/\/lilypapuosalai.lt\/en\/wp-json\/wp\/v2\/types\/product"}],"replies":[{"embeddable":true,"href":"https:\/\/lilypapuosalai.lt\/en\/wp-json\/wp\/v2\/comments?post=3156"}],"wp:featuredmedia":[{"embeddable":true,"href":"https:\/\/lilypapuosalai.lt\/en\/wp-json\/wp\/v2\/media\/3157"}],"wp:attachment":[{"href":"https:\/\/lilypapuosalai.lt\/en\/wp-json\/wp\/v2\/media?parent=3156"}],"wp:term":[{"taxonomy":"product_brand","embeddable":true,"href":"https:\/\/lilypapuosalai.lt\/en\/wp-json\/wp\/v2\/product_brand?post=3156"},{"taxonomy":"product_cat","embeddable":true,"href":"https:\/\/lilypapuosalai.lt\/en\/wp-json\/wp\/v2\/product_cat?post=3156"},{"taxonomy":"product_tag","embeddable":true,"href":"https:\/\/lilypapuosalai.lt\/en\/wp-json\/wp\/v2\/product_tag?post=3156"}],"curies":[{"name":"wp","href":"https:\/\/api.w.org\/{rel}","templated":true}]}}