{"id":3094,"date":"2025-03-22T18:42:01","date_gmt":"2025-03-22T18:42:01","guid":{"rendered":"https:\/\/lilypapuosalai.lt\/?post_type=product&#038;p=3094"},"modified":"2026-03-16T19:21:51","modified_gmt":"2026-03-16T19:21:51","slug":"ilgi-auskarai","status":"publish","type":"product","link":"https:\/\/lilypapuosalai.lt\/en\/collections\/ilgi-auskarai\/","title":{"rendered":"Auskarai &#8222;Dviguba grandin\u0117l\u0117&#8221;"},"content":{"rendered":"<p><strong>Auskarai pagaminti i\u0161<\/strong>\u00a0plieno.<\/p>\n<p><strong>Matmenys:\u00a0<\/strong>3,0 x 1,5 cm.<\/p>","protected":false},"excerpt":{"rendered":"<p><strong>Auskarai pagaminti i\u0161<\/strong>\u00a0plieno.<\/p>\n<p><strong>Matmenys:\u00a0<\/strong>3,0 x 1,5 cm.<\/p>","protected":false},"featured_media":3106,"comment_status":"open","ping_status":"closed","template":"","meta":[],"product_brand":[],"product_cat":[40],"product_tag":[],"class_list":{"0":"post-3094","1":"product","2":"type-product","3":"status-publish","4":"has-post-thumbnail","6":"product_cat-auskarai","8":"first","9":"instock","10":"taxable","11":"shipping-taxable","12":"purchasable","13":"product-type-simple"},"_links":{"self":[{"href":"https:\/\/lilypapuosalai.lt\/en\/wp-json\/wp\/v2\/product\/3094","targetHints":{"allow":["GET"]}}],"collection":[{"href":"https:\/\/lilypapuosalai.lt\/en\/wp-json\/wp\/v2\/product"}],"about":[{"href":"https:\/\/lilypapuosalai.lt\/en\/wp-json\/wp\/v2\/types\/product"}],"replies":[{"embeddable":true,"href":"https:\/\/lilypapuosalai.lt\/en\/wp-json\/wp\/v2\/comments?post=3094"}],"wp:featuredmedia":[{"embeddable":true,"href":"https:\/\/lilypapuosalai.lt\/en\/wp-json\/wp\/v2\/media\/3106"}],"wp:attachment":[{"href":"https:\/\/lilypapuosalai.lt\/en\/wp-json\/wp\/v2\/media?parent=3094"}],"wp:term":[{"taxonomy":"product_brand","embeddable":true,"href":"https:\/\/lilypapuosalai.lt\/en\/wp-json\/wp\/v2\/product_brand?post=3094"},{"taxonomy":"product_cat","embeddable":true,"href":"https:\/\/lilypapuosalai.lt\/en\/wp-json\/wp\/v2\/product_cat?post=3094"},{"taxonomy":"product_tag","embeddable":true,"href":"https:\/\/lilypapuosalai.lt\/en\/wp-json\/wp\/v2\/product_tag?post=3094"}],"curies":[{"name":"wp","href":"https:\/\/api.w.org\/{rel}","templated":true}]}}