{"id":2948,"date":"2025-03-19T22:30:31","date_gmt":"2025-03-19T22:30:31","guid":{"rendered":"https:\/\/lilypapuosalai.lt\/?post_type=product&#038;p=2948"},"modified":"2025-09-20T16:14:16","modified_gmt":"2025-09-20T16:14:16","slug":"auskaras-i-nosi-18","status":"publish","type":"product","link":"https:\/\/lilypapuosalai.lt\/en\/collections\/auskaras-i-nosi-18\/","title":{"rendered":"Auskaras \u012f nos\u012f"},"content":{"rendered":"<p><strong>Auskaras \u012f nos\u012f pagamintas i\u0161<\/strong>\u00a0316L chirurginio plieno.<\/p>\n<p><strong>Metalo spalva:<\/strong>\u00a0sidabrin\u0117.<\/p>\n<p><strong>Matmenys:<\/strong>\u00a0auskaro kotelio ilgis &#8211;\u00a08 mm,\u00a0kotelio storis\u00a0&#8211;\u00a01\u00a0mm, papuo\u0161imo skersmuo\u00a0&#8211;\u00a02 mm.<\/p>","protected":false},"excerpt":{"rendered":"<p><strong>Auskaras \u012f nos\u012f pagamintas i\u0161<\/strong>\u00a0316L chirurginio plieno.<\/p>\n<p><strong>Metalo spalva:<\/strong>\u00a0sidabrin\u0117.<\/p>\n<p><strong>Matmenys:<\/strong>\u00a0auskaro kotelio ilgis &#8211;\u00a08 mm,\u00a0kotelio storis\u00a0&#8211;\u00a01\u00a0mm, papuo\u0161imo skersmuo\u00a0&#8211;\u00a02 mm.<\/p>","protected":false},"featured_media":2949,"comment_status":"open","ping_status":"closed","template":"","meta":[],"product_brand":[],"product_cat":[43,34],"product_tag":[],"class_list":{"0":"post-2948","1":"product","2":"type-product","3":"status-publish","4":"has-post-thumbnail","6":"product_cat-auskarai-i-nosi","7":"product_cat-kuno-auskarai","9":"first","10":"instock","11":"taxable","12":"shipping-taxable","13":"purchasable","14":"product-type-simple"},"_links":{"self":[{"href":"https:\/\/lilypapuosalai.lt\/en\/wp-json\/wp\/v2\/product\/2948","targetHints":{"allow":["GET"]}}],"collection":[{"href":"https:\/\/lilypapuosalai.lt\/en\/wp-json\/wp\/v2\/product"}],"about":[{"href":"https:\/\/lilypapuosalai.lt\/en\/wp-json\/wp\/v2\/types\/product"}],"replies":[{"embeddable":true,"href":"https:\/\/lilypapuosalai.lt\/en\/wp-json\/wp\/v2\/comments?post=2948"}],"wp:featuredmedia":[{"embeddable":true,"href":"https:\/\/lilypapuosalai.lt\/en\/wp-json\/wp\/v2\/media\/2949"}],"wp:attachment":[{"href":"https:\/\/lilypapuosalai.lt\/en\/wp-json\/wp\/v2\/media?parent=2948"}],"wp:term":[{"taxonomy":"product_brand","embeddable":true,"href":"https:\/\/lilypapuosalai.lt\/en\/wp-json\/wp\/v2\/product_brand?post=2948"},{"taxonomy":"product_cat","embeddable":true,"href":"https:\/\/lilypapuosalai.lt\/en\/wp-json\/wp\/v2\/product_cat?post=2948"},{"taxonomy":"product_tag","embeddable":true,"href":"https:\/\/lilypapuosalai.lt\/en\/wp-json\/wp\/v2\/product_tag?post=2948"}],"curies":[{"name":"wp","href":"https:\/\/api.w.org\/{rel}","templated":true}]}}