{"id":2936,"date":"2025-03-19T22:06:18","date_gmt":"2025-03-19T22:06:18","guid":{"rendered":"https:\/\/lilypapuosalai.lt\/?post_type=product&#038;p=2936"},"modified":"2025-03-19T22:08:54","modified_gmt":"2025-03-19T22:08:54","slug":"auskaras-i-nosi-12","status":"publish","type":"product","link":"https:\/\/lilypapuosalai.lt\/en\/collections\/auskaras-i-nosi-12\/","title":{"rendered":"Auskaras \u012f nos\u012f"},"content":{"rendered":"<p><strong>Auskaras \u012f nos\u012f pagamintas i\u0161<\/strong>\u00a0316L chirurginio plieno.<\/p>\n<p><strong>Metalo spalva:<\/strong>\u00a0auksin\u0117.<\/p>\n<p><strong>Matmenys:<\/strong>\u00a0auskaro kotelio ilgis &#8211;\u00a07 mm,\u00a0kotelio storis\u00a0&#8211;\u00a01\u00a0mm, papuo\u0161imo skersmuo\u00a0&#8211; 2 mm.<\/p>\n<p>&nbsp;<\/p>","protected":false},"excerpt":{"rendered":"<p><strong>Auskaras \u012f nos\u012f pagamintas i\u0161<\/strong>\u00a0316L chirurginio plieno.<\/p>\n<p><strong>Metalo spalva:<\/strong>\u00a0auksin\u0117.<\/p>\n<p><strong>Matmenys:<\/strong>\u00a0auskaro kotelio ilgis &#8211;\u00a07 mm,\u00a0kotelio storis\u00a0&#8211;\u00a01\u00a0mm, papuo\u0161imo skersmuo\u00a0&#8211; 2 mm.<\/p>","protected":false},"featured_media":2937,"comment_status":"open","ping_status":"closed","template":"","meta":[],"product_brand":[],"product_cat":[43,34],"product_tag":[],"class_list":{"0":"post-2936","1":"product","2":"type-product","3":"status-publish","4":"has-post-thumbnail","6":"product_cat-auskarai-i-nosi","7":"product_cat-kuno-auskarai","9":"first","10":"instock","11":"taxable","12":"shipping-taxable","13":"purchasable","14":"product-type-simple"},"_links":{"self":[{"href":"https:\/\/lilypapuosalai.lt\/en\/wp-json\/wp\/v2\/product\/2936","targetHints":{"allow":["GET"]}}],"collection":[{"href":"https:\/\/lilypapuosalai.lt\/en\/wp-json\/wp\/v2\/product"}],"about":[{"href":"https:\/\/lilypapuosalai.lt\/en\/wp-json\/wp\/v2\/types\/product"}],"replies":[{"embeddable":true,"href":"https:\/\/lilypapuosalai.lt\/en\/wp-json\/wp\/v2\/comments?post=2936"}],"wp:featuredmedia":[{"embeddable":true,"href":"https:\/\/lilypapuosalai.lt\/en\/wp-json\/wp\/v2\/media\/2937"}],"wp:attachment":[{"href":"https:\/\/lilypapuosalai.lt\/en\/wp-json\/wp\/v2\/media?parent=2936"}],"wp:term":[{"taxonomy":"product_brand","embeddable":true,"href":"https:\/\/lilypapuosalai.lt\/en\/wp-json\/wp\/v2\/product_brand?post=2936"},{"taxonomy":"product_cat","embeddable":true,"href":"https:\/\/lilypapuosalai.lt\/en\/wp-json\/wp\/v2\/product_cat?post=2936"},{"taxonomy":"product_tag","embeddable":true,"href":"https:\/\/lilypapuosalai.lt\/en\/wp-json\/wp\/v2\/product_tag?post=2936"}],"curies":[{"name":"wp","href":"https:\/\/api.w.org\/{rel}","templated":true}]}}