{"id":2934,"date":"2025-03-19T22:03:07","date_gmt":"2025-03-19T22:03:07","guid":{"rendered":"https:\/\/lilypapuosalai.lt\/?post_type=product&#038;p=2934"},"modified":"2025-06-18T08:01:56","modified_gmt":"2025-06-18T08:01:56","slug":"auskaras-i-nosi-11","status":"publish","type":"product","link":"https:\/\/lilypapuosalai.lt\/en\/collections\/auskaras-i-nosi-11\/","title":{"rendered":"Auskaras \u012f nos\u012f"},"content":{"rendered":"<p><strong>Auskaras pagamintas i\u0161<\/strong>\u00a0medicininio plieno.<\/p>\n<p><strong>Matmenys:<\/strong>\u00a0auskaro skersmuo: vidinis &#8211;\u00a09 mm, i\u0161orinis &#8211; 10\u00a0mm, kotelio storis &#8211;\u00a00,5 mm, antgalio dydis\u00a0&#8211;\u00a01 mm.<\/p>\n<p>&nbsp;<\/p>","protected":false},"excerpt":{"rendered":"<p><strong>Auskaras pagamintas i\u0161<\/strong>\u00a0medicininio plieno.<\/p>\n<p><strong>Matmenys:<\/strong>\u00a0auskaro skersmuo: vidinis &#8211;\u00a09 mm, i\u0161orinis &#8211; 10\u00a0mm, kotelio storis &#8211;\u00a00,5 mm, antgalio dydis\u00a0&#8211;\u00a01 mm.<\/p>","protected":false},"featured_media":2935,"comment_status":"open","ping_status":"closed","template":"","meta":[],"product_brand":[],"product_cat":[43,34],"product_tag":[],"class_list":{"0":"post-2934","1":"product","2":"type-product","3":"status-publish","4":"has-post-thumbnail","6":"product_cat-auskarai-i-nosi","7":"product_cat-kuno-auskarai","9":"first","10":"outofstock","11":"taxable","12":"shipping-taxable","13":"purchasable","14":"product-type-simple"},"_links":{"self":[{"href":"https:\/\/lilypapuosalai.lt\/en\/wp-json\/wp\/v2\/product\/2934","targetHints":{"allow":["GET"]}}],"collection":[{"href":"https:\/\/lilypapuosalai.lt\/en\/wp-json\/wp\/v2\/product"}],"about":[{"href":"https:\/\/lilypapuosalai.lt\/en\/wp-json\/wp\/v2\/types\/product"}],"replies":[{"embeddable":true,"href":"https:\/\/lilypapuosalai.lt\/en\/wp-json\/wp\/v2\/comments?post=2934"}],"wp:featuredmedia":[{"embeddable":true,"href":"https:\/\/lilypapuosalai.lt\/en\/wp-json\/wp\/v2\/media\/2935"}],"wp:attachment":[{"href":"https:\/\/lilypapuosalai.lt\/en\/wp-json\/wp\/v2\/media?parent=2934"}],"wp:term":[{"taxonomy":"product_brand","embeddable":true,"href":"https:\/\/lilypapuosalai.lt\/en\/wp-json\/wp\/v2\/product_brand?post=2934"},{"taxonomy":"product_cat","embeddable":true,"href":"https:\/\/lilypapuosalai.lt\/en\/wp-json\/wp\/v2\/product_cat?post=2934"},{"taxonomy":"product_tag","embeddable":true,"href":"https:\/\/lilypapuosalai.lt\/en\/wp-json\/wp\/v2\/product_tag?post=2934"}],"curies":[{"name":"wp","href":"https:\/\/api.w.org\/{rel}","templated":true}]}}