{"id":2921,"date":"2025-03-19T21:26:02","date_gmt":"2025-03-19T21:26:02","guid":{"rendered":"https:\/\/lilypapuosalai.lt\/?post_type=product&#038;p=2921"},"modified":"2025-03-19T21:30:02","modified_gmt":"2025-03-19T21:30:02","slug":"auskaras-i-nosi-sirdele","status":"publish","type":"product","link":"https:\/\/lilypapuosalai.lt\/en\/collections\/auskaras-i-nosi-sirdele\/","title":{"rendered":"Auskaras \u012f nos\u012f &#8222;\u0160irdel\u0117&#8221;"},"content":{"rendered":"<p><strong>Auskaras \u012f nos\u012f pagamintas i\u0161<\/strong>\u00a0plastiko\u00a0ir stiklo akut\u0117s.<\/p>\n<p><strong>Metalo spalva:<\/strong>\u00a0balta.<\/p>\n<p><strong>Matmenys:<\/strong>\u00a0auskaro kotelio ilgis &#8211;\u00a08 mm, papuo\u0161imo skersmuo\u00a0&#8211;\u00a03 mm.<\/p>\n<p>&nbsp;<\/p>","protected":false},"excerpt":{"rendered":"<p><strong>Auskaras \u012f nos\u012f pagamintas i\u0161<\/strong>\u00a0plastiko\u00a0ir stiklo akut\u0117s.<\/p>\n<p><strong>Metalo spalva:<\/strong>\u00a0balta.<\/p>\n<p><strong>Matmenys:<\/strong>\u00a0auskaro kotelio ilgis &#8211;\u00a08 mm, papuo\u0161imo skersmuo\u00a0&#8211;\u00a03 mm.<\/p>","protected":false},"featured_media":2922,"comment_status":"open","ping_status":"closed","template":"","meta":[],"product_brand":[],"product_cat":[43,34],"product_tag":[],"class_list":{"0":"post-2921","1":"product","2":"type-product","3":"status-publish","4":"has-post-thumbnail","6":"product_cat-auskarai-i-nosi","7":"product_cat-kuno-auskarai","9":"first","10":"instock","11":"taxable","12":"shipping-taxable","13":"purchasable","14":"product-type-simple"},"_links":{"self":[{"href":"https:\/\/lilypapuosalai.lt\/en\/wp-json\/wp\/v2\/product\/2921","targetHints":{"allow":["GET"]}}],"collection":[{"href":"https:\/\/lilypapuosalai.lt\/en\/wp-json\/wp\/v2\/product"}],"about":[{"href":"https:\/\/lilypapuosalai.lt\/en\/wp-json\/wp\/v2\/types\/product"}],"replies":[{"embeddable":true,"href":"https:\/\/lilypapuosalai.lt\/en\/wp-json\/wp\/v2\/comments?post=2921"}],"wp:featuredmedia":[{"embeddable":true,"href":"https:\/\/lilypapuosalai.lt\/en\/wp-json\/wp\/v2\/media\/2922"}],"wp:attachment":[{"href":"https:\/\/lilypapuosalai.lt\/en\/wp-json\/wp\/v2\/media?parent=2921"}],"wp:term":[{"taxonomy":"product_brand","embeddable":true,"href":"https:\/\/lilypapuosalai.lt\/en\/wp-json\/wp\/v2\/product_brand?post=2921"},{"taxonomy":"product_cat","embeddable":true,"href":"https:\/\/lilypapuosalai.lt\/en\/wp-json\/wp\/v2\/product_cat?post=2921"},{"taxonomy":"product_tag","embeddable":true,"href":"https:\/\/lilypapuosalai.lt\/en\/wp-json\/wp\/v2\/product_tag?post=2921"}],"curies":[{"name":"wp","href":"https:\/\/api.w.org\/{rel}","templated":true}]}}