{"id":2913,"date":"2025-03-19T21:04:55","date_gmt":"2025-03-19T21:04:55","guid":{"rendered":"https:\/\/lilypapuosalai.lt\/?post_type=product&#038;p=2913"},"modified":"2025-06-29T11:53:25","modified_gmt":"2025-06-29T11:53:25","slug":"auskaras-i-nosi-5","status":"publish","type":"product","link":"https:\/\/lilypapuosalai.lt\/en\/collections\/auskaras-i-nosi-5\/","title":{"rendered":"Auskaras \u012f nos\u012f"},"content":{"rendered":"<p><strong>Auskaras \u012f nos\u012f pagamintas i\u0161<\/strong>\u00a0316L chirurginio plieno ir cirkonio kristalo.<\/p>\n<p><strong>Metalo spalva:<\/strong>\u00a0sidabrin\u0117.<\/p>\n<p><strong>Matmenys:<\/strong>\u00a0auskaro kotelio ilgis &#8211; 7 mm, papuo\u0161imo skersmuo\u00a0&#8211; 2,5 mm.<\/p>\n<p>&nbsp;<\/p>","protected":false},"excerpt":{"rendered":"<p><strong>Auskaras \u012f nos\u012f pagamintas i\u0161<\/strong>\u00a0316L chirurginio plieno ir cirkonio kristalo.<\/p>\n<p><strong>Metalo spalva:<\/strong>\u00a0sidabrin\u0117.<\/p>\n<p><strong>Matmenys:<\/strong>\u00a0auskaro kotelio ilgis &#8211; 7 mm, papuo\u0161imo skersmuo\u00a0&#8211; 2,5 mm.<\/p>","protected":false},"featured_media":2914,"comment_status":"open","ping_status":"closed","template":"","meta":[],"product_brand":[],"product_cat":[43,34],"product_tag":[],"class_list":{"0":"post-2913","1":"product","2":"type-product","3":"status-publish","4":"has-post-thumbnail","6":"product_cat-auskarai-i-nosi","7":"product_cat-kuno-auskarai","9":"first","10":"instock","11":"taxable","12":"shipping-taxable","13":"purchasable","14":"product-type-simple"},"_links":{"self":[{"href":"https:\/\/lilypapuosalai.lt\/en\/wp-json\/wp\/v2\/product\/2913","targetHints":{"allow":["GET"]}}],"collection":[{"href":"https:\/\/lilypapuosalai.lt\/en\/wp-json\/wp\/v2\/product"}],"about":[{"href":"https:\/\/lilypapuosalai.lt\/en\/wp-json\/wp\/v2\/types\/product"}],"replies":[{"embeddable":true,"href":"https:\/\/lilypapuosalai.lt\/en\/wp-json\/wp\/v2\/comments?post=2913"}],"wp:featuredmedia":[{"embeddable":true,"href":"https:\/\/lilypapuosalai.lt\/en\/wp-json\/wp\/v2\/media\/2914"}],"wp:attachment":[{"href":"https:\/\/lilypapuosalai.lt\/en\/wp-json\/wp\/v2\/media?parent=2913"}],"wp:term":[{"taxonomy":"product_brand","embeddable":true,"href":"https:\/\/lilypapuosalai.lt\/en\/wp-json\/wp\/v2\/product_brand?post=2913"},{"taxonomy":"product_cat","embeddable":true,"href":"https:\/\/lilypapuosalai.lt\/en\/wp-json\/wp\/v2\/product_cat?post=2913"},{"taxonomy":"product_tag","embeddable":true,"href":"https:\/\/lilypapuosalai.lt\/en\/wp-json\/wp\/v2\/product_tag?post=2913"}],"curies":[{"name":"wp","href":"https:\/\/api.w.org\/{rel}","templated":true}]}}