{"id":2909,"date":"2025-03-19T20:42:27","date_gmt":"2025-03-19T20:42:27","guid":{"rendered":"https:\/\/lilypapuosalai.lt\/?post_type=product&#038;p=2909"},"modified":"2025-03-19T20:48:22","modified_gmt":"2025-03-19T20:48:22","slug":"auskaras-i-nosi-3","status":"publish","type":"product","link":"https:\/\/lilypapuosalai.lt\/en\/collections\/auskaras-i-nosi-3\/","title":{"rendered":"Auskaras \u012f nos\u012f"},"content":{"rendered":"<p><strong>Auskaras \u012f nos\u012f pagamintas i\u0161<\/strong>\u00a0316L chirurginio plieno ir stiklo akut\u0117s.<\/p>\n<p><strong>Metalo spalva:<\/strong>\u00a0sidabrin\u0117,\u00a0<strong>akut\u0117s spalva:<\/strong>\u00a0balta.<\/p>\n<p><strong>Matmenys:<\/strong>\u00a0auskario kotelio ilgis &#8211; 8 mm, akut\u0117s skersmuo &#8211; 3 mm.<\/p>","protected":false},"excerpt":{"rendered":"<p><strong>Auskaras \u012f nos\u012f pagamintas i\u0161<\/strong>\u00a0316L chirurginio plieno ir stiklo akut\u0117s.<\/p>\n<p><strong>Metalo spalva:<\/strong>\u00a0sidabrin\u0117,\u00a0<strong>akut\u0117s spalva:<\/strong>\u00a0balta.<\/p>\n<p><strong>Matmenys:<\/strong>\u00a0auskario kotelio ilgis &#8211; 8 mm, akut\u0117s skersmuo &#8211; 3 mm.<\/p>","protected":false},"featured_media":2910,"comment_status":"open","ping_status":"closed","template":"","meta":[],"product_brand":[],"product_cat":[43,34],"product_tag":[],"class_list":{"0":"post-2909","1":"product","2":"type-product","3":"status-publish","4":"has-post-thumbnail","6":"product_cat-auskarai-i-nosi","7":"product_cat-kuno-auskarai","9":"first","10":"instock","11":"taxable","12":"shipping-taxable","13":"purchasable","14":"product-type-simple"},"_links":{"self":[{"href":"https:\/\/lilypapuosalai.lt\/en\/wp-json\/wp\/v2\/product\/2909","targetHints":{"allow":["GET"]}}],"collection":[{"href":"https:\/\/lilypapuosalai.lt\/en\/wp-json\/wp\/v2\/product"}],"about":[{"href":"https:\/\/lilypapuosalai.lt\/en\/wp-json\/wp\/v2\/types\/product"}],"replies":[{"embeddable":true,"href":"https:\/\/lilypapuosalai.lt\/en\/wp-json\/wp\/v2\/comments?post=2909"}],"wp:featuredmedia":[{"embeddable":true,"href":"https:\/\/lilypapuosalai.lt\/en\/wp-json\/wp\/v2\/media\/2910"}],"wp:attachment":[{"href":"https:\/\/lilypapuosalai.lt\/en\/wp-json\/wp\/v2\/media?parent=2909"}],"wp:term":[{"taxonomy":"product_brand","embeddable":true,"href":"https:\/\/lilypapuosalai.lt\/en\/wp-json\/wp\/v2\/product_brand?post=2909"},{"taxonomy":"product_cat","embeddable":true,"href":"https:\/\/lilypapuosalai.lt\/en\/wp-json\/wp\/v2\/product_cat?post=2909"},{"taxonomy":"product_tag","embeddable":true,"href":"https:\/\/lilypapuosalai.lt\/en\/wp-json\/wp\/v2\/product_tag?post=2909"}],"curies":[{"name":"wp","href":"https:\/\/api.w.org\/{rel}","templated":true}]}}