{"id":2880,"date":"2025-03-19T17:40:50","date_gmt":"2025-03-19T17:40:50","guid":{"rendered":"https:\/\/lilypapuosalai.lt\/?post_type=product&#038;p=2880"},"modified":"2025-10-28T11:35:19","modified_gmt":"2025-10-28T11:35:19","slug":"auskaras-i-liezuvi-7","status":"publish","type":"product","link":"https:\/\/lilypapuosalai.lt\/en\/collections\/auskaras-i-liezuvi-7\/","title":{"rendered":"Auskaras \u012f lie\u017euv\u012f"},"content":{"rendered":"<p><strong>Auskaras pagamintas i\u0161<\/strong>\u00a0316L chirurginio plieno ir stiklo akut\u0117s.<\/p>\n<p><strong>Metalo spalva:<\/strong>\u00a0juoda,\u00a0<strong>akut\u0117s spalva:<\/strong>\u00a0balta.<\/p>\n<p><strong>Matmenys:<\/strong>\u00a0auskaro kotelio ilgis &#8211; 1,6 cm, burbuliuko skersmuo &#8211; 0,6 cm.<\/p>","protected":false},"excerpt":{"rendered":"<p><strong>Auskaras pagamintas i\u0161<\/strong>\u00a0316L chirurginio plieno ir stiklo akut\u0117s.<\/p>\n<p><strong>Metalo spalva:<\/strong>\u00a0juoda,\u00a0<strong>akut\u0117s spalva:<\/strong>\u00a0balta.<\/p>\n<p><strong>Matmenys:<\/strong>\u00a0auskaro kotelio ilgis &#8211; 1,6 cm, burbuliuko skersmuo &#8211; 0,6 cm.<\/p>","protected":false},"featured_media":2881,"comment_status":"open","ping_status":"closed","template":"","meta":[],"product_brand":[],"product_cat":[45,34],"product_tag":[],"class_list":{"0":"post-2880","1":"product","2":"type-product","3":"status-publish","4":"has-post-thumbnail","6":"product_cat-auskarai-i-liezuvi","7":"product_cat-kuno-auskarai","9":"first","10":"instock","11":"taxable","12":"shipping-taxable","13":"purchasable","14":"product-type-simple"},"_links":{"self":[{"href":"https:\/\/lilypapuosalai.lt\/en\/wp-json\/wp\/v2\/product\/2880","targetHints":{"allow":["GET"]}}],"collection":[{"href":"https:\/\/lilypapuosalai.lt\/en\/wp-json\/wp\/v2\/product"}],"about":[{"href":"https:\/\/lilypapuosalai.lt\/en\/wp-json\/wp\/v2\/types\/product"}],"replies":[{"embeddable":true,"href":"https:\/\/lilypapuosalai.lt\/en\/wp-json\/wp\/v2\/comments?post=2880"}],"wp:featuredmedia":[{"embeddable":true,"href":"https:\/\/lilypapuosalai.lt\/en\/wp-json\/wp\/v2\/media\/2881"}],"wp:attachment":[{"href":"https:\/\/lilypapuosalai.lt\/en\/wp-json\/wp\/v2\/media?parent=2880"}],"wp:term":[{"taxonomy":"product_brand","embeddable":true,"href":"https:\/\/lilypapuosalai.lt\/en\/wp-json\/wp\/v2\/product_brand?post=2880"},{"taxonomy":"product_cat","embeddable":true,"href":"https:\/\/lilypapuosalai.lt\/en\/wp-json\/wp\/v2\/product_cat?post=2880"},{"taxonomy":"product_tag","embeddable":true,"href":"https:\/\/lilypapuosalai.lt\/en\/wp-json\/wp\/v2\/product_tag?post=2880"}],"curies":[{"name":"wp","href":"https:\/\/api.w.org\/{rel}","templated":true}]}}