{"id":2865,"date":"2025-03-19T16:58:59","date_gmt":"2025-03-19T16:58:59","guid":{"rendered":"https:\/\/lilypapuosalai.lt\/?post_type=product&#038;p=2865"},"modified":"2025-05-14T15:00:08","modified_gmt":"2025-05-14T15:00:08","slug":"auskaras-i-liezuvi-4","status":"publish","type":"product","link":"https:\/\/lilypapuosalai.lt\/en\/collections\/auskaras-i-liezuvi-4\/","title":{"rendered":"Auskaras \u012f lie\u017euv\u012f"},"content":{"rendered":"<p><strong>Auskaras pagamintas i\u0161<\/strong>\u00a0bioflex ir akrilo.<\/p>\n<p><strong>Spalva:<\/strong>\u00a0balta.<\/p>\n<p><strong>Matmenys:<\/strong>\u00a0auskaro kotelio ilgis &#8211; 2,0 cm, burbuliuko skersmuo &#8211; 0,5 cm.<\/p>","protected":false},"excerpt":{"rendered":"<p><strong>Auskaras pagamintas i\u0161<\/strong>\u00a0bioflex ir akrilo.<\/p>\n<p><strong>Spalva:<\/strong>\u00a0balta.<\/p>\n<p><strong>Matmenys:<\/strong>\u00a0auskaro kotelio ilgis &#8211; 2,0 cm, burbuliuko skersmuo &#8211; 0,5 cm.<\/p>","protected":false},"featured_media":2866,"comment_status":"open","ping_status":"closed","template":"","meta":[],"product_brand":[],"product_cat":[45,34],"product_tag":[],"class_list":{"0":"post-2865","1":"product","2":"type-product","3":"status-publish","4":"has-post-thumbnail","6":"product_cat-auskarai-i-liezuvi","7":"product_cat-kuno-auskarai","9":"first","10":"instock","11":"taxable","12":"shipping-taxable","13":"purchasable","14":"product-type-simple"},"_links":{"self":[{"href":"https:\/\/lilypapuosalai.lt\/en\/wp-json\/wp\/v2\/product\/2865","targetHints":{"allow":["GET"]}}],"collection":[{"href":"https:\/\/lilypapuosalai.lt\/en\/wp-json\/wp\/v2\/product"}],"about":[{"href":"https:\/\/lilypapuosalai.lt\/en\/wp-json\/wp\/v2\/types\/product"}],"replies":[{"embeddable":true,"href":"https:\/\/lilypapuosalai.lt\/en\/wp-json\/wp\/v2\/comments?post=2865"}],"wp:featuredmedia":[{"embeddable":true,"href":"https:\/\/lilypapuosalai.lt\/en\/wp-json\/wp\/v2\/media\/2866"}],"wp:attachment":[{"href":"https:\/\/lilypapuosalai.lt\/en\/wp-json\/wp\/v2\/media?parent=2865"}],"wp:term":[{"taxonomy":"product_brand","embeddable":true,"href":"https:\/\/lilypapuosalai.lt\/en\/wp-json\/wp\/v2\/product_brand?post=2865"},{"taxonomy":"product_cat","embeddable":true,"href":"https:\/\/lilypapuosalai.lt\/en\/wp-json\/wp\/v2\/product_cat?post=2865"},{"taxonomy":"product_tag","embeddable":true,"href":"https:\/\/lilypapuosalai.lt\/en\/wp-json\/wp\/v2\/product_tag?post=2865"}],"curies":[{"name":"wp","href":"https:\/\/api.w.org\/{rel}","templated":true}]}}