{"id":2811,"date":"2025-03-19T13:24:32","date_gmt":"2025-03-19T13:24:32","guid":{"rendered":"https:\/\/lilypapuosalai.lt\/?post_type=product&#038;p=2811"},"modified":"2025-03-19T13:26:18","modified_gmt":"2025-03-19T13:26:18","slug":"auskaras-i-lupa-4","status":"publish","type":"product","link":"https:\/\/lilypapuosalai.lt\/en\/collections\/auskaras-i-lupa-4\/","title":{"rendered":"Auskaras \u012f l\u016bp\u0105"},"content":{"rendered":"<p><strong>Auskaras pagamintas i\u0161<\/strong>\u00a0medicininio plieno.<\/p>\n<p><strong>Matmenys:<\/strong>\u00a0kotelio ilgis &#8211; 0,8 cm, storis &#8211; 0,1 cm, antgalio\u00a0skersmuo\u00a0&#8211; 0,4 cm.<\/p>","protected":false},"excerpt":{"rendered":"<p><strong>Auskaras pagamintas i\u0161<\/strong>\u00a0medicininio plieno.<\/p>\n<p><strong>Matmenys:<\/strong>\u00a0kotelio ilgis &#8211; 0,8 cm, storis &#8211; 0,1 cm, antgalio\u00a0skersmuo\u00a0&#8211; 0,4 cm.<\/p>\n<p>.<\/p>","protected":false},"featured_media":2812,"comment_status":"open","ping_status":"closed","template":"","meta":[],"product_brand":[],"product_cat":[44,34],"product_tag":[],"class_list":{"0":"post-2811","1":"product","2":"type-product","3":"status-publish","4":"has-post-thumbnail","6":"product_cat-auskarai-i-lupa","7":"product_cat-kuno-auskarai","9":"first","10":"instock","11":"taxable","12":"shipping-taxable","13":"purchasable","14":"product-type-simple"},"_links":{"self":[{"href":"https:\/\/lilypapuosalai.lt\/en\/wp-json\/wp\/v2\/product\/2811","targetHints":{"allow":["GET"]}}],"collection":[{"href":"https:\/\/lilypapuosalai.lt\/en\/wp-json\/wp\/v2\/product"}],"about":[{"href":"https:\/\/lilypapuosalai.lt\/en\/wp-json\/wp\/v2\/types\/product"}],"replies":[{"embeddable":true,"href":"https:\/\/lilypapuosalai.lt\/en\/wp-json\/wp\/v2\/comments?post=2811"}],"wp:featuredmedia":[{"embeddable":true,"href":"https:\/\/lilypapuosalai.lt\/en\/wp-json\/wp\/v2\/media\/2812"}],"wp:attachment":[{"href":"https:\/\/lilypapuosalai.lt\/en\/wp-json\/wp\/v2\/media?parent=2811"}],"wp:term":[{"taxonomy":"product_brand","embeddable":true,"href":"https:\/\/lilypapuosalai.lt\/en\/wp-json\/wp\/v2\/product_brand?post=2811"},{"taxonomy":"product_cat","embeddable":true,"href":"https:\/\/lilypapuosalai.lt\/en\/wp-json\/wp\/v2\/product_cat?post=2811"},{"taxonomy":"product_tag","embeddable":true,"href":"https:\/\/lilypapuosalai.lt\/en\/wp-json\/wp\/v2\/product_tag?post=2811"}],"curies":[{"name":"wp","href":"https:\/\/api.w.org\/{rel}","templated":true}]}}