{"id":2778,"date":"2025-03-19T01:41:15","date_gmt":"2025-03-19T01:41:15","guid":{"rendered":"https:\/\/lilypapuosalai.lt\/?post_type=product&#038;p=2778"},"modified":"2025-04-22T09:53:44","modified_gmt":"2025-04-22T09:53:44","slug":"auskaras-i-lupa-su-melyna-akute-4","status":"publish","type":"product","link":"https:\/\/lilypapuosalai.lt\/en\/collections\/auskaras-i-lupa-su-melyna-akute-4\/","title":{"rendered":"Auskaras \u012f l\u016bp\u0105 su m\u0117lyna akute"},"content":{"rendered":"<p><strong>Auskaras pagamintas i\u0161<\/strong>\u00a0medicininio plieno ir stiklo.<\/p>\n<p><strong>Spalva:<\/strong>\u00a0sidabro, akut\u0117 m\u0117lyna.<\/p>\n<p><strong>Matmenys:<\/strong> auskaro kotelio ilgis &#8211; 0,65 cm, storis &#8211; 0,1 cm, akut\u0117s skersmuo &#8211; 0,2 cm.<\/p>","protected":false},"excerpt":{"rendered":"<p><strong>Auskaras pagamintas i\u0161<\/strong>\u00a0medicininio plieno ir stiklo.<\/p>\n<p><strong>Spalva:<\/strong>\u00a0sidabro, akut\u0117 m\u0117lyna.<\/p>\n<p><strong>Matmenys:<\/strong> auskaro kotelio ilgis &#8211; 0,65 cm, storis &#8211; 0,1 cm, akut\u0117s skersmuo &#8211; 0,2 cm.<\/p>","protected":false},"featured_media":2775,"comment_status":"open","ping_status":"closed","template":"","meta":[],"product_brand":[],"product_cat":[44,34],"product_tag":[],"class_list":{"0":"post-2778","1":"product","2":"type-product","3":"status-publish","4":"has-post-thumbnail","6":"product_cat-auskarai-i-lupa","7":"product_cat-kuno-auskarai","9":"first","10":"instock","11":"taxable","12":"shipping-taxable","13":"purchasable","14":"product-type-simple"},"_links":{"self":[{"href":"https:\/\/lilypapuosalai.lt\/en\/wp-json\/wp\/v2\/product\/2778","targetHints":{"allow":["GET"]}}],"collection":[{"href":"https:\/\/lilypapuosalai.lt\/en\/wp-json\/wp\/v2\/product"}],"about":[{"href":"https:\/\/lilypapuosalai.lt\/en\/wp-json\/wp\/v2\/types\/product"}],"replies":[{"embeddable":true,"href":"https:\/\/lilypapuosalai.lt\/en\/wp-json\/wp\/v2\/comments?post=2778"}],"wp:featuredmedia":[{"embeddable":true,"href":"https:\/\/lilypapuosalai.lt\/en\/wp-json\/wp\/v2\/media\/2775"}],"wp:attachment":[{"href":"https:\/\/lilypapuosalai.lt\/en\/wp-json\/wp\/v2\/media?parent=2778"}],"wp:term":[{"taxonomy":"product_brand","embeddable":true,"href":"https:\/\/lilypapuosalai.lt\/en\/wp-json\/wp\/v2\/product_brand?post=2778"},{"taxonomy":"product_cat","embeddable":true,"href":"https:\/\/lilypapuosalai.lt\/en\/wp-json\/wp\/v2\/product_cat?post=2778"},{"taxonomy":"product_tag","embeddable":true,"href":"https:\/\/lilypapuosalai.lt\/en\/wp-json\/wp\/v2\/product_tag?post=2778"}],"curies":[{"name":"wp","href":"https:\/\/api.w.org\/{rel}","templated":true}]}}