{"id":2757,"date":"2025-03-19T01:01:59","date_gmt":"2025-03-19T01:01:59","guid":{"rendered":"https:\/\/lilypapuosalai.lt\/?post_type=product&#038;p=2757"},"modified":"2026-03-23T20:40:29","modified_gmt":"2026-03-23T20:40:29","slug":"auskaras-i-lupa-su-raudona-akute","status":"publish","type":"product","link":"https:\/\/lilypapuosalai.lt\/en\/collections\/auskaras-i-lupa-su-raudona-akute\/","title":{"rendered":"Auskaras \u012f l\u016bp\u0105 su raudona akute"},"content":{"rendered":"<ul>\n<li><strong>Auskaras pagamintas i\u0161<\/strong> plastiko, medicininis plieno ir stiklo akut\u0117s.<\/li>\n<li><strong>Matmenys:<\/strong>\u00a0kotelio ilgis &#8211; 0,8 cm, storis &#8211; 0,1 cm, akut\u0117s skersmuo &#8211; 0,2 cm.<\/li>\n<\/ul>","protected":false},"excerpt":{"rendered":"<ul>\n<li><strong>Auskaras pagamintas i\u0161<\/strong> plastiko, medicininis plieno ir stiklo akut\u0117s.<\/li>\n<li><strong>Matmenys:<\/strong>\u00a0kotelio ilgis &#8211; 0,8 cm, storis &#8211; 0,1 cm, akut\u0117s skersmuo &#8211; 0,2 cm.<\/li>\n<\/ul>","protected":false},"featured_media":2758,"comment_status":"open","ping_status":"closed","template":"","meta":[],"product_brand":[],"product_cat":[44,34],"product_tag":[],"class_list":{"0":"post-2757","1":"product","2":"type-product","3":"status-publish","4":"has-post-thumbnail","6":"product_cat-auskarai-i-lupa","7":"product_cat-kuno-auskarai","9":"first","10":"instock","11":"taxable","12":"shipping-taxable","13":"purchasable","14":"product-type-simple"},"_links":{"self":[{"href":"https:\/\/lilypapuosalai.lt\/en\/wp-json\/wp\/v2\/product\/2757","targetHints":{"allow":["GET"]}}],"collection":[{"href":"https:\/\/lilypapuosalai.lt\/en\/wp-json\/wp\/v2\/product"}],"about":[{"href":"https:\/\/lilypapuosalai.lt\/en\/wp-json\/wp\/v2\/types\/product"}],"replies":[{"embeddable":true,"href":"https:\/\/lilypapuosalai.lt\/en\/wp-json\/wp\/v2\/comments?post=2757"}],"wp:featuredmedia":[{"embeddable":true,"href":"https:\/\/lilypapuosalai.lt\/en\/wp-json\/wp\/v2\/media\/2758"}],"wp:attachment":[{"href":"https:\/\/lilypapuosalai.lt\/en\/wp-json\/wp\/v2\/media?parent=2757"}],"wp:term":[{"taxonomy":"product_brand","embeddable":true,"href":"https:\/\/lilypapuosalai.lt\/en\/wp-json\/wp\/v2\/product_brand?post=2757"},{"taxonomy":"product_cat","embeddable":true,"href":"https:\/\/lilypapuosalai.lt\/en\/wp-json\/wp\/v2\/product_cat?post=2757"},{"taxonomy":"product_tag","embeddable":true,"href":"https:\/\/lilypapuosalai.lt\/en\/wp-json\/wp\/v2\/product_tag?post=2757"}],"curies":[{"name":"wp","href":"https:\/\/api.w.org\/{rel}","templated":true}]}}