{"id":2748,"date":"2025-03-19T00:52:49","date_gmt":"2025-03-19T00:52:49","guid":{"rendered":"https:\/\/lilypapuosalai.lt\/?post_type=product&#038;p=2748"},"modified":"2025-05-14T11:07:17","modified_gmt":"2025-05-14T11:07:17","slug":"auskaras-i-lupa-su-juoda-akute","status":"publish","type":"product","link":"https:\/\/lilypapuosalai.lt\/en\/collections\/auskaras-i-lupa-su-juoda-akute\/","title":{"rendered":"Auskaras \u012f l\u016bp\u0105 su juoda akute"},"content":{"rendered":"<ul>\n<li><strong>Auskaras pagamintas i\u0161<\/strong>\u00a0plastiko, medicininis plieno ir stiklo akut\u0117s.<\/li>\n<li><strong>Matmenys:<\/strong>\u00a0kotelio ilgis &#8211; 0,8 cm, storis &#8211; 0,1 cm, akut\u0117s skersmuo &#8211; 0,2 cm.<\/li>\n<\/ul>","protected":false},"excerpt":{"rendered":"<ul>\n<li><strong>Auskaras pagamintas i\u0161<\/strong>\u00a0plastiko, medicininis plieno ir stiklo akut\u0117s.<\/li>\n<li><strong>Matmenys:<\/strong>\u00a0kotelio ilgis &#8211; 0,8 cm, storis &#8211; 0,1 cm, akut\u0117s skersmuo &#8211; 0,2 cm.<\/li>\n<\/ul>","protected":false},"featured_media":2749,"comment_status":"open","ping_status":"closed","template":"","meta":[],"product_brand":[],"product_cat":[44,34],"product_tag":[],"class_list":{"0":"post-2748","1":"product","2":"type-product","3":"status-publish","4":"has-post-thumbnail","6":"product_cat-auskarai-i-lupa","7":"product_cat-kuno-auskarai","9":"first","10":"instock","11":"taxable","12":"shipping-taxable","13":"purchasable","14":"product-type-simple"},"_links":{"self":[{"href":"https:\/\/lilypapuosalai.lt\/en\/wp-json\/wp\/v2\/product\/2748","targetHints":{"allow":["GET"]}}],"collection":[{"href":"https:\/\/lilypapuosalai.lt\/en\/wp-json\/wp\/v2\/product"}],"about":[{"href":"https:\/\/lilypapuosalai.lt\/en\/wp-json\/wp\/v2\/types\/product"}],"replies":[{"embeddable":true,"href":"https:\/\/lilypapuosalai.lt\/en\/wp-json\/wp\/v2\/comments?post=2748"}],"wp:featuredmedia":[{"embeddable":true,"href":"https:\/\/lilypapuosalai.lt\/en\/wp-json\/wp\/v2\/media\/2749"}],"wp:attachment":[{"href":"https:\/\/lilypapuosalai.lt\/en\/wp-json\/wp\/v2\/media?parent=2748"}],"wp:term":[{"taxonomy":"product_brand","embeddable":true,"href":"https:\/\/lilypapuosalai.lt\/en\/wp-json\/wp\/v2\/product_brand?post=2748"},{"taxonomy":"product_cat","embeddable":true,"href":"https:\/\/lilypapuosalai.lt\/en\/wp-json\/wp\/v2\/product_cat?post=2748"},{"taxonomy":"product_tag","embeddable":true,"href":"https:\/\/lilypapuosalai.lt\/en\/wp-json\/wp\/v2\/product_tag?post=2748"}],"curies":[{"name":"wp","href":"https:\/\/api.w.org\/{rel}","templated":true}]}}