{"id":2730,"date":"2025-03-19T00:18:47","date_gmt":"2025-03-19T00:18:47","guid":{"rendered":"https:\/\/lilypapuosalai.lt\/?post_type=product&#038;p=2730"},"modified":"2025-07-29T16:39:45","modified_gmt":"2025-07-29T16:39:45","slug":"auskaras-i-antaki-kugis","status":"publish","type":"product","link":"https:\/\/lilypapuosalai.lt\/en\/collections\/auskaras-i-antaki-kugis\/","title":{"rendered":"Auskaras \u012f antak\u012f &#8222;K\u016bgis&#8221;"},"content":{"rendered":"<ul>\n<li><strong>Auskaras pagamintas i\u0161<\/strong>\u00a0medicininio plieno.<\/li>\n<li>\u00a0<strong>Metalo spalva:<\/strong> auksin\u0117.<\/li>\n<li>\u00a0<strong>Matmenys:<\/strong>\u00a0auskaro kotelio ilgis &#8211;\u00a010 mm.<\/li>\n<\/ul>","protected":false},"excerpt":{"rendered":"<ul>\n<li><strong>Auskaras pagamintas i\u0161<\/strong>\u00a0medicininio plieno.<\/li>\n<li><strong>Metalo spalva:<\/strong> auksin\u0117.<\/li>\n<li><strong>Matmenys:<\/strong> auskaro kotelio ilgis &#8211;\u00a010 mm.<\/li>\n<\/ul>\n<p>&nbsp;<\/p>","protected":false},"featured_media":2731,"comment_status":"open","ping_status":"closed","template":"","meta":[],"product_brand":[],"product_cat":[42,34],"product_tag":[],"class_list":{"0":"post-2730","1":"product","2":"type-product","3":"status-publish","4":"has-post-thumbnail","6":"product_cat-auskarai-i-antaki","7":"product_cat-kuno-auskarai","9":"first","10":"instock","11":"taxable","12":"shipping-taxable","13":"purchasable","14":"product-type-simple"},"_links":{"self":[{"href":"https:\/\/lilypapuosalai.lt\/en\/wp-json\/wp\/v2\/product\/2730","targetHints":{"allow":["GET"]}}],"collection":[{"href":"https:\/\/lilypapuosalai.lt\/en\/wp-json\/wp\/v2\/product"}],"about":[{"href":"https:\/\/lilypapuosalai.lt\/en\/wp-json\/wp\/v2\/types\/product"}],"replies":[{"embeddable":true,"href":"https:\/\/lilypapuosalai.lt\/en\/wp-json\/wp\/v2\/comments?post=2730"}],"wp:featuredmedia":[{"embeddable":true,"href":"https:\/\/lilypapuosalai.lt\/en\/wp-json\/wp\/v2\/media\/2731"}],"wp:attachment":[{"href":"https:\/\/lilypapuosalai.lt\/en\/wp-json\/wp\/v2\/media?parent=2730"}],"wp:term":[{"taxonomy":"product_brand","embeddable":true,"href":"https:\/\/lilypapuosalai.lt\/en\/wp-json\/wp\/v2\/product_brand?post=2730"},{"taxonomy":"product_cat","embeddable":true,"href":"https:\/\/lilypapuosalai.lt\/en\/wp-json\/wp\/v2\/product_cat?post=2730"},{"taxonomy":"product_tag","embeddable":true,"href":"https:\/\/lilypapuosalai.lt\/en\/wp-json\/wp\/v2\/product_tag?post=2730"}],"curies":[{"name":"wp","href":"https:\/\/api.w.org\/{rel}","templated":true}]}}