{"id":2671,"date":"2025-03-18T20:21:33","date_gmt":"2025-03-18T20:21:33","guid":{"rendered":"https:\/\/lilypapuosalai.lt\/?post_type=product&#038;p=2671"},"modified":"2025-04-07T15:38:13","modified_gmt":"2025-04-07T15:38:13","slug":"auskaras-i-bamba-baltas-kaciukas","status":"publish","type":"product","link":"https:\/\/lilypapuosalai.lt\/en\/collections\/auskaras-i-bamba-baltas-kaciukas\/","title":{"rendered":"Auskaras \u012f bamb\u0105 &#8222;Baltas ka\u010diukas&#8221;"},"content":{"rendered":"<ul>\n<li>\u0160is auskaras \u012f bamb\u0105 yra pagamintas i\u0161 medicininio plieno ir inkrustuotas stiklo kristalais.<\/li>\n<li><strong>Metalo spalva:<\/strong>\u00a0sidabrin\u0117,\u00a0<strong>aku\u010di\u0173 spalva:<\/strong>\u00a0balta.<\/li>\n<\/ul>","protected":false},"excerpt":{"rendered":"<ul>\n<li>\u0160is auskaras \u012f bamb\u0105 yra pagamintas i\u0161 medicininio plieno ir inkrustuotas stiklo kristalais.<\/li>\n<li><strong>Metalo spalva:<\/strong>\u00a0sidabrin\u0117,\u00a0<strong>aku\u010di\u0173 spalva:<\/strong>\u00a0balta.<\/li>\n<\/ul>","protected":false},"featured_media":2672,"comment_status":"open","ping_status":"closed","template":"","meta":[],"product_brand":[],"product_cat":[41,34],"product_tag":[],"class_list":{"0":"post-2671","1":"product","2":"type-product","3":"status-publish","4":"has-post-thumbnail","6":"product_cat-auskarai-i-bamba","7":"product_cat-kuno-auskarai","9":"first","10":"instock","11":"sale","12":"taxable","13":"shipping-taxable","14":"purchasable","15":"product-type-simple"},"_links":{"self":[{"href":"https:\/\/lilypapuosalai.lt\/en\/wp-json\/wp\/v2\/product\/2671","targetHints":{"allow":["GET"]}}],"collection":[{"href":"https:\/\/lilypapuosalai.lt\/en\/wp-json\/wp\/v2\/product"}],"about":[{"href":"https:\/\/lilypapuosalai.lt\/en\/wp-json\/wp\/v2\/types\/product"}],"replies":[{"embeddable":true,"href":"https:\/\/lilypapuosalai.lt\/en\/wp-json\/wp\/v2\/comments?post=2671"}],"wp:featuredmedia":[{"embeddable":true,"href":"https:\/\/lilypapuosalai.lt\/en\/wp-json\/wp\/v2\/media\/2672"}],"wp:attachment":[{"href":"https:\/\/lilypapuosalai.lt\/en\/wp-json\/wp\/v2\/media?parent=2671"}],"wp:term":[{"taxonomy":"product_brand","embeddable":true,"href":"https:\/\/lilypapuosalai.lt\/en\/wp-json\/wp\/v2\/product_brand?post=2671"},{"taxonomy":"product_cat","embeddable":true,"href":"https:\/\/lilypapuosalai.lt\/en\/wp-json\/wp\/v2\/product_cat?post=2671"},{"taxonomy":"product_tag","embeddable":true,"href":"https:\/\/lilypapuosalai.lt\/en\/wp-json\/wp\/v2\/product_tag?post=2671"}],"curies":[{"name":"wp","href":"https:\/\/api.w.org\/{rel}","templated":true}]}}