{"id":2663,"date":"2025-03-18T00:35:51","date_gmt":"2025-03-18T00:35:51","guid":{"rendered":"https:\/\/lilypapuosalai.lt\/?post_type=product&#038;p=2663"},"modified":"2025-03-18T00:41:46","modified_gmt":"2025-03-18T00:41:46","slug":"auskarai-su-rozines-spalvos-kristalais-mini","status":"publish","type":"product","link":"https:\/\/lilypapuosalai.lt\/en\/collections\/auskarai-su-rozines-spalvos-kristalais-mini\/","title":{"rendered":"Auskarai su ro\u017ein\u0117s spalvos kristalais &#8222;MINI&#8221;"},"content":{"rendered":"<p>\u0160ie eleganti\u0161ki auskarai i\u0161siskiria subtiliu ir prabangiu dizainu. Auskarai inkrustuoti austri\u0161ko stiklo kristalais, kurie \u017eavi savo\u00a0 ro\u017eini\u0173 atspalvi\u0173 \u017eaismu, o angli\u0161ko tipo u\u017esegimai u\u017etikrina patikim\u0105 ir saug\u0173 ne\u0161iojim\u0105<\/p>\n<p><strong>Auskarai pagaminti<\/strong>\u00a0i\u0161 netauriojo metalo ir\u00a0 inkrustuoti austri\u0161ko stiklo kristalais.<\/p>\n<p><strong>Metalo spalva \u2013<\/strong> sidabrin\u0117, <strong>kristal\u0173 spalva\u00a0<\/strong>\u2013 ro\u017ein\u0117.<\/p>\n<p><strong>Matmenys:<\/strong> auskar\u0173 su u\u017esegimu ilgis &#8211; 1,50 cm, <strong>kristal\u0173 skersmuo\u00a0<\/strong>\u2013 1,00 cm.<\/p>","protected":false},"excerpt":{"rendered":"<p>\u0160ie eleganti\u0161ki auskarai i\u0161siskiria subtiliu ir prabangiu dizainu. Auskarai inkrustuoti austri\u0161ko stiklo kristalais, kurie \u017eavi savo\u00a0 ro\u017eini\u0173 atspalvi\u0173 \u017eaismu, o angli\u0161ko tipo u\u017esegimai u\u017etikrina patikim\u0105 ir saug\u0173 ne\u0161iojim\u0105<\/p>\n<p><strong>Auskarai pagaminti<\/strong>\u00a0i\u0161 netauriojo metalo ir\u00a0 inkrustuoti austri\u0161ko stiklo kristalais.<\/p>\n<p><strong>Metalo spalva \u2013<\/strong> sidabrin\u0117, <strong>kristal\u0173 spalva\u00a0<\/strong>\u2013 ro\u017ein\u0117.<\/p>\n<p><strong>Matmenys:<\/strong> auskar\u0173 su u\u017esegimu ilgis &#8211; 1,50 cm, <strong>kristal\u0173 skersmuo\u00a0<\/strong>\u2013 1,00 cm.<\/p>","protected":false},"featured_media":2664,"comment_status":"open","ping_status":"closed","template":"","meta":[],"product_brand":[],"product_cat":[40],"product_tag":[],"class_list":{"0":"post-2663","1":"product","2":"type-product","3":"status-publish","4":"has-post-thumbnail","6":"product_cat-auskarai","8":"first","9":"instock","10":"sale","11":"taxable","12":"shipping-taxable","13":"purchasable","14":"product-type-simple"},"_links":{"self":[{"href":"https:\/\/lilypapuosalai.lt\/en\/wp-json\/wp\/v2\/product\/2663","targetHints":{"allow":["GET"]}}],"collection":[{"href":"https:\/\/lilypapuosalai.lt\/en\/wp-json\/wp\/v2\/product"}],"about":[{"href":"https:\/\/lilypapuosalai.lt\/en\/wp-json\/wp\/v2\/types\/product"}],"replies":[{"embeddable":true,"href":"https:\/\/lilypapuosalai.lt\/en\/wp-json\/wp\/v2\/comments?post=2663"}],"wp:featuredmedia":[{"embeddable":true,"href":"https:\/\/lilypapuosalai.lt\/en\/wp-json\/wp\/v2\/media\/2664"}],"wp:attachment":[{"href":"https:\/\/lilypapuosalai.lt\/en\/wp-json\/wp\/v2\/media?parent=2663"}],"wp:term":[{"taxonomy":"product_brand","embeddable":true,"href":"https:\/\/lilypapuosalai.lt\/en\/wp-json\/wp\/v2\/product_brand?post=2663"},{"taxonomy":"product_cat","embeddable":true,"href":"https:\/\/lilypapuosalai.lt\/en\/wp-json\/wp\/v2\/product_cat?post=2663"},{"taxonomy":"product_tag","embeddable":true,"href":"https:\/\/lilypapuosalai.lt\/en\/wp-json\/wp\/v2\/product_tag?post=2663"}],"curies":[{"name":"wp","href":"https:\/\/api.w.org\/{rel}","templated":true}]}}