{"id":2624,"date":"2025-03-17T21:16:43","date_gmt":"2025-03-17T21:16:43","guid":{"rendered":"https:\/\/lilypapuosalai.lt\/?post_type=product&#038;p=2624"},"modified":"2025-03-17T22:04:25","modified_gmt":"2025-03-17T22:04:25","slug":"auskarai-su-zalsvos-spalvos-kristalais","status":"publish","type":"product","link":"https:\/\/lilypapuosalai.lt\/en\/collections\/auskarai-su-zalsvos-spalvos-kristalais\/","title":{"rendered":"Auskarai su \u017ealios spalvos kristalais"},"content":{"rendered":"<p>\u0160ie eleganti\u0161ki auskarai i\u0161siskiria subtiliu ir prabangiu dizainu. Auskarai inkrustuoti austri\u0161ko stiklo kristalais, kurie \u017eavi savo \u0161viesiai \u017ealios spalvos atspalvi\u0173 \u017eaismu, o angli\u0161ko tipo u\u017esegimai u\u017etikrina patikim\u0105 ir saug\u0173 ne\u0161iojim\u0105<\/p>\n<p><strong>Auskarai pagaminti<\/strong>\u00a0i\u0161 netauriojo metalo ir\u00a0 inkrustuoti austri\u0161ko stiklo kristalais.<\/p>\n<p><strong>Metalo spalva \u2013<\/strong> sidabrin\u0117, <strong>kristal\u0173 spalva\u00a0<\/strong>\u2013 \u0161viesiai \u017ealia.<\/p>\n<p><strong>Matmenys:<\/strong>\u00a0auskar\u0173 su u\u017esegimu ilgis -2.5 cm,\u00a0<strong>kristal\u0173 skersmuo\u00a0<\/strong>\u2013 1,5 cm.<\/p>","protected":false},"excerpt":{"rendered":"<p>\u0160ie eleganti\u0161ki auskarai i\u0161siskiria subtiliu ir prabangiu dizainu. Auskarai inkrustuoti austri\u0161ko stiklo kristalais, kurie \u017eavi savo \u0161viesiai \u017ealios spalvos atspalvi\u0173 \u017eaismu, o angli\u0161ko tipo u\u017esegimai u\u017etikrina patikim\u0105 ir saug\u0173 ne\u0161iojim\u0105<\/p>\n<p><strong>Auskarai pagaminti<\/strong>\u00a0i\u0161 netauriojo metalo ir\u00a0 inkrustuoti austri\u0161ko stiklo kristalais.<\/p>\n<p><strong>Metalo spalva \u2013<\/strong> sidabrin\u0117, <strong>kristal\u0173 spalva\u00a0<\/strong>\u2013 \u0161viesiai \u017ealia.<\/p>\n<p><strong>Matmenys:<\/strong>\u00a0auskar\u0173 su u\u017esegimu ilgis -2.5 cm,\u00a0<strong>kristal\u0173 skersmuo\u00a0<\/strong>\u2013 1,5 cm.<\/p>","protected":false},"featured_media":2625,"comment_status":"open","ping_status":"closed","template":"","meta":[],"product_brand":[],"product_cat":[40],"product_tag":[],"class_list":{"0":"post-2624","1":"product","2":"type-product","3":"status-publish","4":"has-post-thumbnail","6":"product_cat-auskarai","8":"first","9":"instock","10":"sale","11":"taxable","12":"shipping-taxable","13":"purchasable","14":"product-type-simple"},"_links":{"self":[{"href":"https:\/\/lilypapuosalai.lt\/en\/wp-json\/wp\/v2\/product\/2624","targetHints":{"allow":["GET"]}}],"collection":[{"href":"https:\/\/lilypapuosalai.lt\/en\/wp-json\/wp\/v2\/product"}],"about":[{"href":"https:\/\/lilypapuosalai.lt\/en\/wp-json\/wp\/v2\/types\/product"}],"replies":[{"embeddable":true,"href":"https:\/\/lilypapuosalai.lt\/en\/wp-json\/wp\/v2\/comments?post=2624"}],"wp:featuredmedia":[{"embeddable":true,"href":"https:\/\/lilypapuosalai.lt\/en\/wp-json\/wp\/v2\/media\/2625"}],"wp:attachment":[{"href":"https:\/\/lilypapuosalai.lt\/en\/wp-json\/wp\/v2\/media?parent=2624"}],"wp:term":[{"taxonomy":"product_brand","embeddable":true,"href":"https:\/\/lilypapuosalai.lt\/en\/wp-json\/wp\/v2\/product_brand?post=2624"},{"taxonomy":"product_cat","embeddable":true,"href":"https:\/\/lilypapuosalai.lt\/en\/wp-json\/wp\/v2\/product_cat?post=2624"},{"taxonomy":"product_tag","embeddable":true,"href":"https:\/\/lilypapuosalai.lt\/en\/wp-json\/wp\/v2\/product_tag?post=2624"}],"curies":[{"name":"wp","href":"https:\/\/api.w.org\/{rel}","templated":true}]}}