{"id":2460,"date":"2025-03-15T20:58:28","date_gmt":"2025-03-15T20:58:28","guid":{"rendered":"https:\/\/lilypapuosalai.lt\/?post_type=product&#038;p=2460"},"modified":"2025-08-09T13:35:26","modified_gmt":"2025-08-09T13:35:26","slug":"2460","status":"publish","type":"product","link":"https:\/\/lilypapuosalai.lt\/en\/collections\/2460\/","title":{"rendered":"Plauk\u0173 sag\u0117"},"content":{"rendered":"<ul>\n<li><strong>Plauk\u0173 sag\u0117 pagaminta i\u0161<\/strong>\u00a0lengvo metalo lydinio ir plastiko.<\/li>\n<li>Galima rinktis i\u0161 trij\u0173 skirting\u0173 spalv\u0173.<\/li>\n<li><strong>Matmenys:<\/strong>\u00a0plauk\u0173 sag\u0117s ilgis &#8211; 9 cm, u\u017esegimo ilgis &#8211; 6,5 cm.<\/li>\n<\/ul>","protected":false},"excerpt":{"rendered":"<ul>\n<li><strong>Plauk\u0173 sag\u0117 pagaminta i\u0161<\/strong>\u00a0lengvo metalo lydinio ir plastiko.<\/li>\n<li>Galima rinktis i\u0161 trij\u0173 skirting\u0173 spalv\u0173.<\/li>\n<li><strong>Matmenys:<\/strong>\u00a0plauk\u0173 sag\u0117s ilgis &#8211; 9 cm, u\u017esegimo ilgis &#8211; 6,5 cm.<\/li>\n<\/ul>","protected":false},"featured_media":2461,"comment_status":"open","ping_status":"closed","template":"","meta":[],"product_brand":[],"product_cat":[35],"product_tag":[],"class_list":{"0":"post-2460","1":"product","2":"type-product","3":"status-publish","4":"has-post-thumbnail","6":"product_cat-plauku-aksesuarai","8":"first","9":"instock","10":"taxable","11":"shipping-taxable","12":"purchasable","13":"product-type-variable"},"_links":{"self":[{"href":"https:\/\/lilypapuosalai.lt\/en\/wp-json\/wp\/v2\/product\/2460","targetHints":{"allow":["GET"]}}],"collection":[{"href":"https:\/\/lilypapuosalai.lt\/en\/wp-json\/wp\/v2\/product"}],"about":[{"href":"https:\/\/lilypapuosalai.lt\/en\/wp-json\/wp\/v2\/types\/product"}],"replies":[{"embeddable":true,"href":"https:\/\/lilypapuosalai.lt\/en\/wp-json\/wp\/v2\/comments?post=2460"}],"wp:featuredmedia":[{"embeddable":true,"href":"https:\/\/lilypapuosalai.lt\/en\/wp-json\/wp\/v2\/media\/2461"}],"wp:attachment":[{"href":"https:\/\/lilypapuosalai.lt\/en\/wp-json\/wp\/v2\/media?parent=2460"}],"wp:term":[{"taxonomy":"product_brand","embeddable":true,"href":"https:\/\/lilypapuosalai.lt\/en\/wp-json\/wp\/v2\/product_brand?post=2460"},{"taxonomy":"product_cat","embeddable":true,"href":"https:\/\/lilypapuosalai.lt\/en\/wp-json\/wp\/v2\/product_cat?post=2460"},{"taxonomy":"product_tag","embeddable":true,"href":"https:\/\/lilypapuosalai.lt\/en\/wp-json\/wp\/v2\/product_tag?post=2460"}],"curies":[{"name":"wp","href":"https:\/\/api.w.org\/{rel}","templated":true}]}}