{"id":2453,"date":"2025-03-15T20:30:58","date_gmt":"2025-03-15T20:30:58","guid":{"rendered":"https:\/\/lilypapuosalai.lt\/?post_type=product&#038;p=2453"},"modified":"2025-03-15T20:31:07","modified_gmt":"2025-03-15T20:31:07","slug":"plauku-sage-3","status":"publish","type":"product","link":"https:\/\/lilypapuosalai.lt\/en\/collections\/plauku-sage-3\/","title":{"rendered":"Plauk\u0173 sag\u0117"},"content":{"rendered":"<p><strong>Plauk\u0173 sag\u0117 pagaminta i\u0161<\/strong>\u00a0lengvo metalo lydinio ir plastiko.<\/p>\n<p><strong>Matmenys:<\/strong>\u00a0plauk\u0173 sag\u0117s ilgis &#8211; 9,5 cm, u\u017esegimo ilgis &#8211; 8 cm.<\/p>","protected":false},"excerpt":{"rendered":"<p><strong>Plauk\u0173 sag\u0117 pagaminta i\u0161<\/strong>\u00a0lengvo metalo lydinio ir plastiko.<\/p>\n<p><strong>Matmenys:<\/strong>\u00a0plauk\u0173 sag\u0117s ilgis &#8211; 9,5 cm, u\u017esegimo ilgis &#8211; 8 cm.<\/p>","protected":false},"featured_media":2454,"comment_status":"open","ping_status":"closed","template":"","meta":[],"product_brand":[],"product_cat":[35],"product_tag":[],"class_list":{"0":"post-2453","1":"product","2":"type-product","3":"status-publish","4":"has-post-thumbnail","6":"product_cat-plauku-aksesuarai","8":"first","9":"instock","10":"taxable","11":"shipping-taxable","12":"purchasable","13":"product-type-simple"},"_links":{"self":[{"href":"https:\/\/lilypapuosalai.lt\/en\/wp-json\/wp\/v2\/product\/2453","targetHints":{"allow":["GET"]}}],"collection":[{"href":"https:\/\/lilypapuosalai.lt\/en\/wp-json\/wp\/v2\/product"}],"about":[{"href":"https:\/\/lilypapuosalai.lt\/en\/wp-json\/wp\/v2\/types\/product"}],"replies":[{"embeddable":true,"href":"https:\/\/lilypapuosalai.lt\/en\/wp-json\/wp\/v2\/comments?post=2453"}],"wp:featuredmedia":[{"embeddable":true,"href":"https:\/\/lilypapuosalai.lt\/en\/wp-json\/wp\/v2\/media\/2454"}],"wp:attachment":[{"href":"https:\/\/lilypapuosalai.lt\/en\/wp-json\/wp\/v2\/media?parent=2453"}],"wp:term":[{"taxonomy":"product_brand","embeddable":true,"href":"https:\/\/lilypapuosalai.lt\/en\/wp-json\/wp\/v2\/product_brand?post=2453"},{"taxonomy":"product_cat","embeddable":true,"href":"https:\/\/lilypapuosalai.lt\/en\/wp-json\/wp\/v2\/product_cat?post=2453"},{"taxonomy":"product_tag","embeddable":true,"href":"https:\/\/lilypapuosalai.lt\/en\/wp-json\/wp\/v2\/product_tag?post=2453"}],"curies":[{"name":"wp","href":"https:\/\/api.w.org\/{rel}","templated":true}]}}