{"id":2432,"date":"2025-03-15T17:39:35","date_gmt":"2025-03-15T17:39:35","guid":{"rendered":"https:\/\/lilypapuosalai.lt\/?post_type=product&#038;p=2432"},"modified":"2025-03-15T17:39:35","modified_gmt":"2025-03-15T17:39:35","slug":"briaunuoto-menulio-akmens-apyranke","status":"publish","type":"product","link":"https:\/\/lilypapuosalai.lt\/en\/collections\/briaunuoto-menulio-akmens-apyranke\/","title":{"rendered":"Briaunuoto m\u0117nulio akmens apyrank\u0117"},"content":{"rendered":"<p>Apyrank\u0117 pagaminta i\u0161 m\u0117nulio akmens ir suverta ant tvirtos elastin\u0117s gumel\u0117s.<\/p>\n<p><strong>Matmenys:<\/strong> akmenuk\u0173 skersmuo &#8211; 0,5 cm. Apyrank\u0117 tinka 16,5 cm rie\u0161ui.<\/p>","protected":false},"excerpt":{"rendered":"<p>Apyrank\u0117 pagaminta i\u0161 m\u0117nulio akmens ir suverta ant tvirtos elastin\u0117s gumel\u0117s.<\/p>\n<p><strong>Matmenys:<\/strong> akmenuk\u0173 skersmuo &#8211; 0,5 cm. Apyrank\u0117 tinka 16,5 cm rie\u0161ui.<\/p>","protected":false},"featured_media":2433,"comment_status":"open","ping_status":"closed","template":"","meta":[],"product_brand":[],"product_cat":[32],"product_tag":[],"class_list":{"0":"post-2432","1":"product","2":"type-product","3":"status-publish","4":"has-post-thumbnail","6":"product_cat-apyrankes","8":"first","9":"instock","10":"sale","11":"taxable","12":"shipping-taxable","13":"purchasable","14":"product-type-simple"},"_links":{"self":[{"href":"https:\/\/lilypapuosalai.lt\/en\/wp-json\/wp\/v2\/product\/2432","targetHints":{"allow":["GET"]}}],"collection":[{"href":"https:\/\/lilypapuosalai.lt\/en\/wp-json\/wp\/v2\/product"}],"about":[{"href":"https:\/\/lilypapuosalai.lt\/en\/wp-json\/wp\/v2\/types\/product"}],"replies":[{"embeddable":true,"href":"https:\/\/lilypapuosalai.lt\/en\/wp-json\/wp\/v2\/comments?post=2432"}],"wp:featuredmedia":[{"embeddable":true,"href":"https:\/\/lilypapuosalai.lt\/en\/wp-json\/wp\/v2\/media\/2433"}],"wp:attachment":[{"href":"https:\/\/lilypapuosalai.lt\/en\/wp-json\/wp\/v2\/media?parent=2432"}],"wp:term":[{"taxonomy":"product_brand","embeddable":true,"href":"https:\/\/lilypapuosalai.lt\/en\/wp-json\/wp\/v2\/product_brand?post=2432"},{"taxonomy":"product_cat","embeddable":true,"href":"https:\/\/lilypapuosalai.lt\/en\/wp-json\/wp\/v2\/product_cat?post=2432"},{"taxonomy":"product_tag","embeddable":true,"href":"https:\/\/lilypapuosalai.lt\/en\/wp-json\/wp\/v2\/product_tag?post=2432"}],"curies":[{"name":"wp","href":"https:\/\/api.w.org\/{rel}","templated":true}]}}