{"id":2423,"date":"2025-03-15T16:45:17","date_gmt":"2025-03-15T16:45:17","guid":{"rendered":"https:\/\/lilypapuosalai.lt\/?post_type=product&#038;p=2423"},"modified":"2025-03-15T16:54:45","modified_gmt":"2025-03-15T16:54:45","slug":"menulio-akmens-apyranke","status":"publish","type":"product","link":"https:\/\/lilypapuosalai.lt\/en\/collections\/menulio-akmens-apyranke\/","title":{"rendered":"M\u0117nulio akmens apyrank\u0117"},"content":{"rendered":"<p><strong>Apyrank\u0117 pagaminta<\/strong> i\u0161 m\u0117nulio akmenuk\u0173 ir suverta ant tvirtos kokybi\u0161kos elastin\u0117s gumel\u0117s, tod\u0117l ji yra itin patogi d\u0117v\u0117ti kasdien.<\/p>\n<p><strong>Matmenys:<\/strong> akmenuk\u0173 skersmuo &#8211; 0,7 cm.<\/p>\n<p><strong>M\u0117nulio akmuo<\/strong> da\u017enai siejamas su intuicija, jausmingumu ir moteri\u0161kumu. Manoma, kad jis padeda stiprinti emocin\u012f balans\u0105 ir skatina vidin\u012f augim\u0105.<\/p>","protected":false},"excerpt":{"rendered":"<p><strong>Apyrank\u0117 pagaminta<\/strong> i\u0161 m\u0117nulio akmenuk\u0173 ir suverta ant tvirtos kokybi\u0161kos elastin\u0117s gumel\u0117s, tod\u0117l ji yra itin patogi d\u0117v\u0117ti kasdien.<\/p>\n<p><strong>Matmenys:<\/strong> akmenuk\u0173 skersmuo &#8211; 0,7 cm.<\/p>\n<p><strong>M\u0117nulio akmuo<\/strong> da\u017enai siejamas su intuicija, jausmingumu ir moteri\u0161kumu. Manoma, kad jis padeda stiprinti emocin\u012f balans\u0105 ir skatina vidin\u012f augim\u0105.<\/p>","protected":false},"featured_media":2424,"comment_status":"open","ping_status":"closed","template":"","meta":[],"product_brand":[],"product_cat":[32],"product_tag":[],"class_list":{"0":"post-2423","1":"product","2":"type-product","3":"status-publish","4":"has-post-thumbnail","6":"product_cat-apyrankes","8":"first","9":"instock","10":"sale","11":"taxable","12":"shipping-taxable","13":"purchasable","14":"product-type-variable"},"_links":{"self":[{"href":"https:\/\/lilypapuosalai.lt\/en\/wp-json\/wp\/v2\/product\/2423","targetHints":{"allow":["GET"]}}],"collection":[{"href":"https:\/\/lilypapuosalai.lt\/en\/wp-json\/wp\/v2\/product"}],"about":[{"href":"https:\/\/lilypapuosalai.lt\/en\/wp-json\/wp\/v2\/types\/product"}],"replies":[{"embeddable":true,"href":"https:\/\/lilypapuosalai.lt\/en\/wp-json\/wp\/v2\/comments?post=2423"}],"wp:featuredmedia":[{"embeddable":true,"href":"https:\/\/lilypapuosalai.lt\/en\/wp-json\/wp\/v2\/media\/2424"}],"wp:attachment":[{"href":"https:\/\/lilypapuosalai.lt\/en\/wp-json\/wp\/v2\/media?parent=2423"}],"wp:term":[{"taxonomy":"product_brand","embeddable":true,"href":"https:\/\/lilypapuosalai.lt\/en\/wp-json\/wp\/v2\/product_brand?post=2423"},{"taxonomy":"product_cat","embeddable":true,"href":"https:\/\/lilypapuosalai.lt\/en\/wp-json\/wp\/v2\/product_cat?post=2423"},{"taxonomy":"product_tag","embeddable":true,"href":"https:\/\/lilypapuosalai.lt\/en\/wp-json\/wp\/v2\/product_tag?post=2423"}],"curies":[{"name":"wp","href":"https:\/\/api.w.org\/{rel}","templated":true}]}}