{"id":2411,"date":"2025-03-14T19:02:33","date_gmt":"2025-03-14T19:02:33","guid":{"rendered":"https:\/\/lilypapuosalai.lt\/?post_type=product&#038;p=2411"},"modified":"2025-03-15T17:26:54","modified_gmt":"2025-03-15T17:26:54","slug":"briaunuoto-rozinio-kvarco-apyranke-2","status":"publish","type":"product","link":"https:\/\/lilypapuosalai.lt\/en\/collections\/briaunuoto-rozinio-kvarco-apyranke-2\/","title":{"rendered":"Briaunuoto ro\u017einio kvarco apyrank\u0117"},"content":{"rendered":"<p>Apyrank\u0117 suverta i\u0161 briaunuoto ro\u017einio kvarco akmenuk\u0173 ant tvirtos silikonin\u0117s elastin\u0117s gumel\u0117s.<\/p>\n<p><strong>Matmenys:<\/strong> akmenuk\u0173 skersmuo &#8211; 1,00 cm. Apyrank\u0117 tinka 16,5 &#8211; 17 cm rie\u0161ui.<\/p>","protected":false},"excerpt":{"rendered":"<p>Apyrank\u0117 suverta i\u0161 briaunuoto ro\u017einio kvarco akmenuk\u0173 ant tvirtos silikonin\u0117s elastin\u0117s gumel\u0117s.<\/p>\n<p><strong>Matmenys:<\/strong> akmenuk\u0173 skersmuo &#8211; 1,00 cm. Apyrank\u0117 tinka 16,5 &#8211; 17 cm rie\u0161ui.<\/p>","protected":false},"featured_media":2429,"comment_status":"open","ping_status":"closed","template":"","meta":[],"product_brand":[],"product_cat":[32],"product_tag":[],"class_list":{"0":"post-2411","1":"product","2":"type-product","3":"status-publish","4":"has-post-thumbnail","6":"product_cat-apyrankes","8":"first","9":"instock","10":"sale","11":"taxable","12":"shipping-taxable","13":"purchasable","14":"product-type-simple"},"_links":{"self":[{"href":"https:\/\/lilypapuosalai.lt\/en\/wp-json\/wp\/v2\/product\/2411","targetHints":{"allow":["GET"]}}],"collection":[{"href":"https:\/\/lilypapuosalai.lt\/en\/wp-json\/wp\/v2\/product"}],"about":[{"href":"https:\/\/lilypapuosalai.lt\/en\/wp-json\/wp\/v2\/types\/product"}],"replies":[{"embeddable":true,"href":"https:\/\/lilypapuosalai.lt\/en\/wp-json\/wp\/v2\/comments?post=2411"}],"wp:featuredmedia":[{"embeddable":true,"href":"https:\/\/lilypapuosalai.lt\/en\/wp-json\/wp\/v2\/media\/2429"}],"wp:attachment":[{"href":"https:\/\/lilypapuosalai.lt\/en\/wp-json\/wp\/v2\/media?parent=2411"}],"wp:term":[{"taxonomy":"product_brand","embeddable":true,"href":"https:\/\/lilypapuosalai.lt\/en\/wp-json\/wp\/v2\/product_brand?post=2411"},{"taxonomy":"product_cat","embeddable":true,"href":"https:\/\/lilypapuosalai.lt\/en\/wp-json\/wp\/v2\/product_cat?post=2411"},{"taxonomy":"product_tag","embeddable":true,"href":"https:\/\/lilypapuosalai.lt\/en\/wp-json\/wp\/v2\/product_tag?post=2411"}],"curies":[{"name":"wp","href":"https:\/\/api.w.org\/{rel}","templated":true}]}}