{"id":2401,"date":"2025-03-14T16:06:08","date_gmt":"2025-03-14T16:06:08","guid":{"rendered":"https:\/\/lilypapuosalai.lt\/?post_type=product&#038;p=2401"},"modified":"2025-03-14T16:06:08","modified_gmt":"2025-03-14T16:06:08","slug":"raudono-siulo-apyranke-su-ametistu","status":"publish","type":"product","link":"https:\/\/lilypapuosalai.lt\/en\/collections\/raudono-siulo-apyranke-su-ametistu\/","title":{"rendered":"Raudono si\u016blo apyrank\u0117 su ametistu"},"content":{"rendered":"<p>Apyrank\u0117 pagaminta i\u0161 med\u017eiaginio si\u016blo, ner\u016bdijan\u010dio plieno ir nat\u016bralaus gintaro.<\/p>\n<p><strong>Matmenys:<\/strong> universalus dydis (didinasi iki 17 cm), gintaro skersmuo &#8211; 0,5 cm.<\/p>","protected":false},"excerpt":{"rendered":"<p>Apyrank\u0117 pagaminta i\u0161 med\u017eiaginio si\u016blo, ner\u016bdijan\u010dio plieno ir nat\u016bralaus gintaro.<\/p>\n<p><strong>Matmenys:<\/strong> universalus dydis (didinasi iki 17 cm), gintaro skersmuo &#8211; 0,5 cm.<\/p>","protected":false},"featured_media":2402,"comment_status":"open","ping_status":"closed","template":"","meta":[],"product_brand":[],"product_cat":[32],"product_tag":[],"class_list":{"0":"post-2401","1":"product","2":"type-product","3":"status-publish","4":"has-post-thumbnail","6":"product_cat-apyrankes","8":"first","9":"outofstock","10":"sale","11":"taxable","12":"shipping-taxable","13":"purchasable","14":"product-type-simple"},"_links":{"self":[{"href":"https:\/\/lilypapuosalai.lt\/en\/wp-json\/wp\/v2\/product\/2401","targetHints":{"allow":["GET"]}}],"collection":[{"href":"https:\/\/lilypapuosalai.lt\/en\/wp-json\/wp\/v2\/product"}],"about":[{"href":"https:\/\/lilypapuosalai.lt\/en\/wp-json\/wp\/v2\/types\/product"}],"replies":[{"embeddable":true,"href":"https:\/\/lilypapuosalai.lt\/en\/wp-json\/wp\/v2\/comments?post=2401"}],"wp:featuredmedia":[{"embeddable":true,"href":"https:\/\/lilypapuosalai.lt\/en\/wp-json\/wp\/v2\/media\/2402"}],"wp:attachment":[{"href":"https:\/\/lilypapuosalai.lt\/en\/wp-json\/wp\/v2\/media?parent=2401"}],"wp:term":[{"taxonomy":"product_brand","embeddable":true,"href":"https:\/\/lilypapuosalai.lt\/en\/wp-json\/wp\/v2\/product_brand?post=2401"},{"taxonomy":"product_cat","embeddable":true,"href":"https:\/\/lilypapuosalai.lt\/en\/wp-json\/wp\/v2\/product_cat?post=2401"},{"taxonomy":"product_tag","embeddable":true,"href":"https:\/\/lilypapuosalai.lt\/en\/wp-json\/wp\/v2\/product_tag?post=2401"}],"curies":[{"name":"wp","href":"https:\/\/api.w.org\/{rel}","templated":true}]}}