{"id":2398,"date":"2025-03-14T15:26:21","date_gmt":"2025-03-14T15:26:21","guid":{"rendered":"https:\/\/lilypapuosalai.lt\/?post_type=product&#038;p=2398"},"modified":"2025-03-14T15:33:39","modified_gmt":"2025-03-14T15:33:39","slug":"raudono-siulo-apyranke-su-raudonitu","status":"publish","type":"product","link":"https:\/\/lilypapuosalai.lt\/en\/collections\/raudono-siulo-apyranke-su-raudonitu\/","title":{"rendered":"Raudono si\u016blo apyrank\u0117 su raudonitu"},"content":{"rendered":"<p>Apyrank\u0117 pagaminta i\u0161 med\u017eiaginio si\u016blio, ner\u016bdijan\u010dios plieno ir nat\u016bralaus rodonito akmens.<\/p>\n<p><strong>Matmenys:<\/strong>\u00a0universalus dydis.<\/p>","protected":false},"excerpt":{"rendered":"<p>Apyrank\u0117 pagaminta i\u0161 med\u017eiaginio si\u016blio, ner\u016bdijan\u010dios plieno ir nat\u016bralaus rodonito akmens.<\/p>\n<p><strong>Matmenys:<\/strong>\u00a0universalus dydis.<\/p>","protected":false},"featured_media":2399,"comment_status":"open","ping_status":"closed","template":"","meta":[],"product_brand":[],"product_cat":[32],"product_tag":[],"class_list":{"0":"post-2398","1":"product","2":"type-product","3":"status-publish","4":"has-post-thumbnail","6":"product_cat-apyrankes","8":"first","9":"instock","10":"sale","11":"taxable","12":"shipping-taxable","13":"purchasable","14":"product-type-simple"},"_links":{"self":[{"href":"https:\/\/lilypapuosalai.lt\/en\/wp-json\/wp\/v2\/product\/2398","targetHints":{"allow":["GET"]}}],"collection":[{"href":"https:\/\/lilypapuosalai.lt\/en\/wp-json\/wp\/v2\/product"}],"about":[{"href":"https:\/\/lilypapuosalai.lt\/en\/wp-json\/wp\/v2\/types\/product"}],"replies":[{"embeddable":true,"href":"https:\/\/lilypapuosalai.lt\/en\/wp-json\/wp\/v2\/comments?post=2398"}],"wp:featuredmedia":[{"embeddable":true,"href":"https:\/\/lilypapuosalai.lt\/en\/wp-json\/wp\/v2\/media\/2399"}],"wp:attachment":[{"href":"https:\/\/lilypapuosalai.lt\/en\/wp-json\/wp\/v2\/media?parent=2398"}],"wp:term":[{"taxonomy":"product_brand","embeddable":true,"href":"https:\/\/lilypapuosalai.lt\/en\/wp-json\/wp\/v2\/product_brand?post=2398"},{"taxonomy":"product_cat","embeddable":true,"href":"https:\/\/lilypapuosalai.lt\/en\/wp-json\/wp\/v2\/product_cat?post=2398"},{"taxonomy":"product_tag","embeddable":true,"href":"https:\/\/lilypapuosalai.lt\/en\/wp-json\/wp\/v2\/product_tag?post=2398"}],"curies":[{"name":"wp","href":"https:\/\/api.w.org\/{rel}","templated":true}]}}