{"id":2395,"date":"2025-03-14T14:52:59","date_gmt":"2025-03-14T14:52:59","guid":{"rendered":"https:\/\/lilypapuosalai.lt\/?post_type=product&#038;p=2395"},"modified":"2025-03-14T14:52:59","modified_gmt":"2025-03-14T14:52:59","slug":"raudono-siulo-apyranke-su-duminiu-kvarcu","status":"publish","type":"product","link":"https:\/\/lilypapuosalai.lt\/en\/collections\/raudono-siulo-apyranke-su-duminiu-kvarcu\/","title":{"rendered":"Raudono si\u016blo apyrank\u0117 su d\u016bminiu kvarcu"},"content":{"rendered":"<p>Apyrank\u0117 pagaminta i\u0161\u00a0med\u017eiaginio si\u016blo, ner\u016bdijan\u010dio plieno detal\u0117s ir nat\u016bralaus d\u016bmino kvarco akmens.<\/p>\n<p><strong>Matmenys:<\/strong>\u00a0universalus dydis.<\/p>","protected":false},"excerpt":{"rendered":"<p>Apyrank\u0117 pagaminta i\u0161\u00a0med\u017eiaginio si\u016blo, ner\u016bdijan\u010dio plieno detal\u0117s ir nat\u016bralaus d\u016bmino kvarco akmens.<\/p>\n<p><strong>Matmenys:<\/strong>\u00a0universalus dydis.<\/p>","protected":false},"featured_media":2396,"comment_status":"open","ping_status":"closed","template":"","meta":[],"product_brand":[],"product_cat":[32],"product_tag":[],"class_list":{"0":"post-2395","1":"product","2":"type-product","3":"status-publish","4":"has-post-thumbnail","6":"product_cat-apyrankes","8":"first","9":"instock","10":"sale","11":"taxable","12":"shipping-taxable","13":"purchasable","14":"product-type-simple"},"_links":{"self":[{"href":"https:\/\/lilypapuosalai.lt\/en\/wp-json\/wp\/v2\/product\/2395","targetHints":{"allow":["GET"]}}],"collection":[{"href":"https:\/\/lilypapuosalai.lt\/en\/wp-json\/wp\/v2\/product"}],"about":[{"href":"https:\/\/lilypapuosalai.lt\/en\/wp-json\/wp\/v2\/types\/product"}],"replies":[{"embeddable":true,"href":"https:\/\/lilypapuosalai.lt\/en\/wp-json\/wp\/v2\/comments?post=2395"}],"wp:featuredmedia":[{"embeddable":true,"href":"https:\/\/lilypapuosalai.lt\/en\/wp-json\/wp\/v2\/media\/2396"}],"wp:attachment":[{"href":"https:\/\/lilypapuosalai.lt\/en\/wp-json\/wp\/v2\/media?parent=2395"}],"wp:term":[{"taxonomy":"product_brand","embeddable":true,"href":"https:\/\/lilypapuosalai.lt\/en\/wp-json\/wp\/v2\/product_brand?post=2395"},{"taxonomy":"product_cat","embeddable":true,"href":"https:\/\/lilypapuosalai.lt\/en\/wp-json\/wp\/v2\/product_cat?post=2395"},{"taxonomy":"product_tag","embeddable":true,"href":"https:\/\/lilypapuosalai.lt\/en\/wp-json\/wp\/v2\/product_tag?post=2395"}],"curies":[{"name":"wp","href":"https:\/\/api.w.org\/{rel}","templated":true}]}}