{"id":2389,"date":"2025-03-13T23:29:24","date_gmt":"2025-03-13T23:29:24","guid":{"rendered":"https:\/\/lilypapuosalai.lt\/?post_type=product&#038;p=2389"},"modified":"2025-03-13T23:49:24","modified_gmt":"2025-03-13T23:49:24","slug":"dviguba-grandinele-ginkmedzio-lapas","status":"publish","type":"product","link":"https:\/\/lilypapuosalai.lt\/en\/collections\/dviguba-grandinele-ginkmedzio-lapas\/","title":{"rendered":"Dviguba grandin\u0117l\u0117 &#8222;Ginkmed\u017eio lapas&#8221;"},"content":{"rendered":"<p><strong>Pakabukas pagamintas i\u0161<\/strong> plieno ir cirkonio.<\/p>\n<p><strong>Matmenys:<\/strong>\u00a0grandin\u0117l\u0117s ilgis &#8211; 33 cm (+4 cm prailginimas).<\/p>","protected":false},"excerpt":{"rendered":"<p><strong>Pakabukas pagamintas i\u0161<\/strong> plieno ir cirkonio.<\/p>\n<p><strong>Matmenys:<\/strong>\u00a0grandin\u0117l\u0117s ilgis &#8211; 33 cm (+4 cm prailginimas).<\/p>","protected":false},"featured_media":2390,"comment_status":"open","ping_status":"closed","template":"","meta":[],"product_brand":[],"product_cat":[33],"product_tag":[],"class_list":{"0":"post-2389","1":"product","2":"type-product","3":"status-publish","4":"has-post-thumbnail","6":"product_cat-kaklo-papuosalai","8":"first","9":"instock","10":"taxable","11":"shipping-taxable","12":"purchasable","13":"product-type-simple"},"_links":{"self":[{"href":"https:\/\/lilypapuosalai.lt\/en\/wp-json\/wp\/v2\/product\/2389","targetHints":{"allow":["GET"]}}],"collection":[{"href":"https:\/\/lilypapuosalai.lt\/en\/wp-json\/wp\/v2\/product"}],"about":[{"href":"https:\/\/lilypapuosalai.lt\/en\/wp-json\/wp\/v2\/types\/product"}],"replies":[{"embeddable":true,"href":"https:\/\/lilypapuosalai.lt\/en\/wp-json\/wp\/v2\/comments?post=2389"}],"wp:featuredmedia":[{"embeddable":true,"href":"https:\/\/lilypapuosalai.lt\/en\/wp-json\/wp\/v2\/media\/2390"}],"wp:attachment":[{"href":"https:\/\/lilypapuosalai.lt\/en\/wp-json\/wp\/v2\/media?parent=2389"}],"wp:term":[{"taxonomy":"product_brand","embeddable":true,"href":"https:\/\/lilypapuosalai.lt\/en\/wp-json\/wp\/v2\/product_brand?post=2389"},{"taxonomy":"product_cat","embeddable":true,"href":"https:\/\/lilypapuosalai.lt\/en\/wp-json\/wp\/v2\/product_cat?post=2389"},{"taxonomy":"product_tag","embeddable":true,"href":"https:\/\/lilypapuosalai.lt\/en\/wp-json\/wp\/v2\/product_tag?post=2389"}],"curies":[{"name":"wp","href":"https:\/\/api.w.org\/{rel}","templated":true}]}}