{"id":2385,"date":"2025-03-13T23:18:09","date_gmt":"2025-03-13T23:18:09","guid":{"rendered":"https:\/\/lilypapuosalai.lt\/?post_type=product&#038;p=2385"},"modified":"2026-01-10T19:02:39","modified_gmt":"2026-01-10T19:02:39","slug":"lavos-ir-gintaro-verinys","status":"publish","type":"product","link":"https:\/\/lilypapuosalai.lt\/en\/collections\/lavos-ir-gintaro-verinys\/","title":{"rendered":"Lavos ir gintaro v\u0117rinys"},"content":{"rendered":"<p><strong>V\u0117rinys pagamintas i\u0161<\/strong>\u00a0lavos, gintaro ir plieno.<\/p>\n<p><strong>Matmenys:<\/strong> v\u0117rinio ilgis &#8211; 40 cm.<\/p>","protected":false},"excerpt":{"rendered":"<p><strong>V\u0117rinys pagamintas i\u0161<\/strong>\u00a0lavos, gintaro ir plieno.<\/p>\n<p><strong>Matmenys:<\/strong> v\u0117rinio ilgis &#8211; 40 cm.<\/p>","protected":false},"featured_media":2386,"comment_status":"open","ping_status":"closed","template":"","meta":[],"product_brand":[],"product_cat":[33],"product_tag":[],"class_list":{"0":"post-2385","1":"product","2":"type-product","3":"status-publish","4":"has-post-thumbnail","6":"product_cat-kaklo-papuosalai","8":"first","9":"instock","10":"taxable","11":"shipping-taxable","12":"purchasable","13":"product-type-simple"},"_links":{"self":[{"href":"https:\/\/lilypapuosalai.lt\/en\/wp-json\/wp\/v2\/product\/2385","targetHints":{"allow":["GET"]}}],"collection":[{"href":"https:\/\/lilypapuosalai.lt\/en\/wp-json\/wp\/v2\/product"}],"about":[{"href":"https:\/\/lilypapuosalai.lt\/en\/wp-json\/wp\/v2\/types\/product"}],"replies":[{"embeddable":true,"href":"https:\/\/lilypapuosalai.lt\/en\/wp-json\/wp\/v2\/comments?post=2385"}],"wp:featuredmedia":[{"embeddable":true,"href":"https:\/\/lilypapuosalai.lt\/en\/wp-json\/wp\/v2\/media\/2386"}],"wp:attachment":[{"href":"https:\/\/lilypapuosalai.lt\/en\/wp-json\/wp\/v2\/media?parent=2385"}],"wp:term":[{"taxonomy":"product_brand","embeddable":true,"href":"https:\/\/lilypapuosalai.lt\/en\/wp-json\/wp\/v2\/product_brand?post=2385"},{"taxonomy":"product_cat","embeddable":true,"href":"https:\/\/lilypapuosalai.lt\/en\/wp-json\/wp\/v2\/product_cat?post=2385"},{"taxonomy":"product_tag","embeddable":true,"href":"https:\/\/lilypapuosalai.lt\/en\/wp-json\/wp\/v2\/product_tag?post=2385"}],"curies":[{"name":"wp","href":"https:\/\/api.w.org\/{rel}","templated":true}]}}