{"id":2377,"date":"2025-03-13T22:51:35","date_gmt":"2025-03-13T22:51:35","guid":{"rendered":"https:\/\/lilypapuosalai.lt\/?post_type=product&#038;p=2377"},"modified":"2026-03-08T15:30:13","modified_gmt":"2026-03-08T15:30:13","slug":"aukso-spalvos-pakabukas-kopa","status":"publish","type":"product","link":"https:\/\/lilypapuosalai.lt\/en\/collections\/aukso-spalvos-pakabukas-kopa\/","title":{"rendered":"Aukso spalvos pakabukas &#8222;KOPA&#8221;"},"content":{"rendered":"<p>Grandin\u0117l\u0117 ir pakabukas pagaminti i\u0161\u00a0plieno.<\/p>\n<p><strong>Matmenys:<\/strong>\u00a0grandin\u0117l\u0117s ilgis &#8211; 40 cm (+6 cm prailginimas).<\/p>","protected":false},"excerpt":{"rendered":"<p>Grandin\u0117l\u0117 ir pakabukas pagaminti i\u0161\u00a0plieno.<\/p>\n<p><strong>Matmenys:<\/strong>\u00a0grandin\u0117l\u0117s ilgis &#8211; 40 cm (+6 cm prailginimas).<\/p>","protected":false},"featured_media":2378,"comment_status":"open","ping_status":"closed","template":"","meta":[],"product_brand":[],"product_cat":[33],"product_tag":[],"class_list":{"0":"post-2377","1":"product","2":"type-product","3":"status-publish","4":"has-post-thumbnail","6":"product_cat-kaklo-papuosalai","8":"first","9":"instock","10":"taxable","11":"shipping-taxable","12":"purchasable","13":"product-type-simple"},"_links":{"self":[{"href":"https:\/\/lilypapuosalai.lt\/en\/wp-json\/wp\/v2\/product\/2377","targetHints":{"allow":["GET"]}}],"collection":[{"href":"https:\/\/lilypapuosalai.lt\/en\/wp-json\/wp\/v2\/product"}],"about":[{"href":"https:\/\/lilypapuosalai.lt\/en\/wp-json\/wp\/v2\/types\/product"}],"replies":[{"embeddable":true,"href":"https:\/\/lilypapuosalai.lt\/en\/wp-json\/wp\/v2\/comments?post=2377"}],"wp:featuredmedia":[{"embeddable":true,"href":"https:\/\/lilypapuosalai.lt\/en\/wp-json\/wp\/v2\/media\/2378"}],"wp:attachment":[{"href":"https:\/\/lilypapuosalai.lt\/en\/wp-json\/wp\/v2\/media?parent=2377"}],"wp:term":[{"taxonomy":"product_brand","embeddable":true,"href":"https:\/\/lilypapuosalai.lt\/en\/wp-json\/wp\/v2\/product_brand?post=2377"},{"taxonomy":"product_cat","embeddable":true,"href":"https:\/\/lilypapuosalai.lt\/en\/wp-json\/wp\/v2\/product_cat?post=2377"},{"taxonomy":"product_tag","embeddable":true,"href":"https:\/\/lilypapuosalai.lt\/en\/wp-json\/wp\/v2\/product_tag?post=2377"}],"curies":[{"name":"wp","href":"https:\/\/api.w.org\/{rel}","templated":true}]}}