{"id":2375,"date":"2025-03-13T22:46:36","date_gmt":"2025-03-13T22:46:36","guid":{"rendered":"https:\/\/lilypapuosalai.lt\/?post_type=product&#038;p=2375"},"modified":"2025-04-06T15:06:21","modified_gmt":"2025-04-06T15:06:21","slug":"grandinele-su-pakabuku-ananasas","status":"publish","type":"product","link":"https:\/\/lilypapuosalai.lt\/en\/collections\/grandinele-su-pakabuku-ananasas\/","title":{"rendered":"GRANDIN\u0116L\u0116 SU PAKABUKU &#8222;ANANASAS&#8221;"},"content":{"rendered":"<p>Pakabukas pagamintas i\u0161\u00a0stiklo aku\u010di\u0173 ir pasidabruotas 925.<\/p>\n<p><strong>Matmenys:<\/strong>\u00a0grandin\u0117l\u0117s ilgis &#8211; 41 cm (+2,5 cm prailginimas).<\/p>","protected":false},"excerpt":{"rendered":"<p>Pakabukas pagamintas i\u0161\u00a0stiklo aku\u010di\u0173 ir pasidabruotas 925.<\/p>\n<p><strong>Matmenys:<\/strong>\u00a0grandin\u0117l\u0117s ilgis &#8211; 41 cm (+2,5 cm prailginimas).<\/p>","protected":false},"featured_media":2376,"comment_status":"open","ping_status":"closed","template":"","meta":[],"product_brand":[],"product_cat":[33],"product_tag":[],"class_list":{"0":"post-2375","1":"product","2":"type-product","3":"status-publish","4":"has-post-thumbnail","6":"product_cat-kaklo-papuosalai","8":"first","9":"instock","10":"taxable","11":"shipping-taxable","12":"purchasable","13":"product-type-simple"},"_links":{"self":[{"href":"https:\/\/lilypapuosalai.lt\/en\/wp-json\/wp\/v2\/product\/2375","targetHints":{"allow":["GET"]}}],"collection":[{"href":"https:\/\/lilypapuosalai.lt\/en\/wp-json\/wp\/v2\/product"}],"about":[{"href":"https:\/\/lilypapuosalai.lt\/en\/wp-json\/wp\/v2\/types\/product"}],"replies":[{"embeddable":true,"href":"https:\/\/lilypapuosalai.lt\/en\/wp-json\/wp\/v2\/comments?post=2375"}],"wp:featuredmedia":[{"embeddable":true,"href":"https:\/\/lilypapuosalai.lt\/en\/wp-json\/wp\/v2\/media\/2376"}],"wp:attachment":[{"href":"https:\/\/lilypapuosalai.lt\/en\/wp-json\/wp\/v2\/media?parent=2375"}],"wp:term":[{"taxonomy":"product_brand","embeddable":true,"href":"https:\/\/lilypapuosalai.lt\/en\/wp-json\/wp\/v2\/product_brand?post=2375"},{"taxonomy":"product_cat","embeddable":true,"href":"https:\/\/lilypapuosalai.lt\/en\/wp-json\/wp\/v2\/product_cat?post=2375"},{"taxonomy":"product_tag","embeddable":true,"href":"https:\/\/lilypapuosalai.lt\/en\/wp-json\/wp\/v2\/product_tag?post=2375"}],"curies":[{"name":"wp","href":"https:\/\/api.w.org\/{rel}","templated":true}]}}