{"id":3,"date":"2025-03-11T22:32:03","date_gmt":"2025-03-11T22:32:03","guid":{"rendered":"https:\/\/lilypapuosalai.lt\/?page_id=3"},"modified":"2025-04-05T11:15:03","modified_gmt":"2025-04-05T11:15:03","slug":"privacy-policy-2","status":"publish","type":"page","link":"https:\/\/lilypapuosalai.lt\/en\/privacy-policy-2\/","title":{"rendered":"Privacy Policy"},"content":{"rendered":"<p data-block-type=\"core\">\u0160ioje privatumo politikoje apra\u0161oma, kaip renkama, naudojama ir bendrinama j\u016bs\u0173 asmenin\u0117 informacija, kai lankot\u0117s arba perkate i\u0161 elektronin\u0117s parduotuv\u0117s lilypapuosalai.lt, kuri priklauso Rasai Jurgilevi\u010di\u016btei, individualios veiklos nr. 1108890.<\/p>\n\n\n\n<p data-block-type=\"core\">\u0160ia politika siekiame u\u017etikrinti s\u0105\u017eining\u0105 ir skaidr\u0173 informacijos apie klient\u0105 rinkim\u0105 ir naudojim\u0105 vadovaujantis Bendruoju duomen\u0173 apsaugos reglamentu (BDAR) bei kitais teis\u0117s aktais u\u017etikrinan\u010diais kliento duomen\u0173 apsaug\u0105.<\/p>\n\n\n\n<h2 class=\"wp-block-heading\" data-block-type=\"core\">Renkami asmeniniai duomenys<\/h2>\n\n\n\n<p data-block-type=\"core\">Kiekvieno pirkimo metu mes gauname tokius lankytojo \u012fvedamus duomenis kaip: vardas, pavard\u0117, el. pa\u0161to adresas, telefonas, pristatymo adresas bei kita. \u0160i informacija yra naudojama atlikti u\u017esakymams ir teikti geresnes paslaugas vartotojams. Vartotoj\u0173 asmeniniai duomenys yra naudojami tik su \u0161ia svetaine ir susijusiais produktais, informacijai teikti ir pasiekti lankytojus.<\/p>\n\n\n\n<h2 class=\"wp-block-heading\" data-block-type=\"core\">Asmens duomen\u0173 tvarkymas<\/h2>\n\n\n\n<p data-block-type=\"core\">Pateikdamas asmens duomenis klientas sutinka, kad \u0161ie surinkti duomenys bus naudojami vykdydant &nbsp;\u012fsipareigojimus klientui ir teikiant paslaugas, kuri\u0173 duomen\u0173 klientas tikisi.<\/p>\n\n\n\n<p data-block-type=\"core\">Asmens duomenys yra saugomi tik ta apimtimi ir tiek laiko, kiek yra reikalinga nustatytiems tikslams pasiekti. Kai kliento asmens duomen\u0173 nebereikia tvarkyti, priimamas sprendimas d\u0117l j\u0173 sunaikinimo, i\u0161skyrus tuos, kurie \u012fstatym\u0173 nustatytais atvejais turi b\u016bti suarchyvuoti pagal teis\u0117s akt\u0173 reikalavimus.<\/p>\n\n\n\n<p data-block-type=\"core\">Asmenys, kurie yra jaunesni negu 14 met\u0173, negali teikti joki\u0173 asmens duomen\u0173 per \u0161i\u0105 elektronin\u0119 parduotuv\u0119. Jei asmuo yra jaunesnis negu 14 met\u0173, siekiant pasinaudoti elektronin\u0117s parduotuv\u0117s paslaugomis, prie\u0161 pateikiant asmenin\u0119 informacij\u0105 yra privaloma pateikti vieno i\u0161 atstovo (t\u0117vo, motinos, glob\u0117jo (-os)) ra\u0161ytin\u012f sutikim\u0105 d\u0117l asmens duomen\u0173 tvarkymo.<\/p>\n\n\n\n<h2 class=\"wp-block-heading\" data-block-type=\"core\">Asmens duomen\u0173 panaudojimas<\/h2>\n\n\n\n<p data-block-type=\"core\">\u012esipareigojame laikytis konfidencialumo pareigos kliento at\u017evilgiu. Asmens duomenys gali b\u016bti atskleisti tre\u010diosioms \u0161alims tik tada, jeigu to reikia sutar\u010diai kliento naudai sudaryti ir vykdyti, arba d\u0117l kit\u0173 teis\u0117t\u0173 prie\u017eas\u010di\u0173.<\/p>\n\n\n\n<p data-block-type=\"core\">Asmens duomenys taip pat gali b\u016bti teikiami atsakant \u012f teismo arba valstybini\u0173 institucij\u0173 pra\u0161ymus ta apimtimi, kiek tai b\u016btina siekiant tinkamai vykdyti galiojan\u010dius teis\u0117s aktus ir valstybini\u0173 institucij\u0173 nurodymus.<\/p>\n\n\n\n<p data-block-type=\"core\">Kiti prane\u0161imai ir pasi\u016blymai gali b\u016bti pateikiami vartotojui su tuo sutikus ir nevir\u0161ijant jo privatumo, kaip tai nuodyta Lietuvos Respublikos \u012fstatymuose.<\/p>\n\n\n\n<h2 class=\"wp-block-heading\" data-block-type=\"core\">Elektronin\u0117 prekyba<\/h2>\n\n\n\n<p data-block-type=\"core\">Svetain\u0117 sukurta naudojantis \u201eWooCommerce\u201c platforma. Elektronin\u0117s prekybos tikslu surinkti duomenys yra saugomi \u201eWooCommerce\u201c serveriuose. \u201eWooCommerce\u201c platformos privatumo politika yra pateikiama adresu: <a href=\"https:\/\/docs.woocommerce.com\/documentation\/get-help\/woocommerce-com\/privacy\" target=\"_blank\" rel=\"noreferrer noopener\"><strong>https:\/\/docs.woocommerce.com\/documentation\/get-help\/woocommerce-com\/privacy<\/strong><\/a>.<\/p>\n\n\n\n<p data-block-type=\"core\">Svetain\u0117je apmok\u0117jimai apdorojami naudojantis&nbsp;opay.lt&nbsp;platforma, kurios valdytojas UAB \u201eOPAY solutions\u201c (M. K. Paco g. 4, LT-10309 Vilnius), tod\u0117l J\u016bs\u0173 asmenin\u0117 informacija, reikalinga mok\u0117jimo \u012fvykdymui ir patvirtinimui, bus perduodama UAB&nbsp;\u201eOPAY solutions\u201c. \u012emon\u0117s privatumo politika yra pateikiama adresu: <strong><a href=\"https:\/\/opay.eu\/lt\/teisine-informacija\/privatumo-politika\">https:\/\/opay.eu\/lt\/teisine-informacija\/privatumo-politika<\/a>.<\/strong><\/p>\n\n\n\n<p data-block-type=\"core\">M\u016bs\u0173 interneto svetain\u0117 yra apsaugota pagal saugumo protokol\u0105, kuris remiasi duomen\u0173 kodavimo sistemos sertifikatu (SSL). Tokios parduotuv\u0117s internetinio adreso u\u017era\u0161e yra raid\u0117 \u201es\u201c: \u201ehttps:\/\/\u201c.<\/p>\n\n\n\n<h2 class=\"wp-block-heading\" data-block-type=\"core\">Remarketingo duomen\u0173 rinkimas<\/h2>\n\n\n\n<p data-block-type=\"core\">\u0160iame puslapyje veikia Google \/ Facebook Remarketingas ir sausain\u0117liai (angl. cookies), kurie renka elementari\u0105 informacij\u0105 apie vartotoj\u0105. M\u016bs\u0173 reklama rodoma skirtinguose puslapiuose naudojant Google \/ Facebook bei tre\u010diuj\u0173 \u0161ali\u0173 paslaugas.<\/p>\n\n\n\n<h2 class=\"wp-block-heading\" data-block-type=\"core\">Elektronini\u0173 \u0161iuk\u0161li\u0173 politika<\/h2>\n\n\n\n<p data-block-type=\"core\">Mes garantuojame savo klientams, kurie naudojasi paslauga, kad j\u0173 elektroninio pa\u0161to adresai nebus naudojami el. pa\u0161to \u0161i\u016bk\u0161li\u0173 (SPAM\u2019o) siuntimui. Taip pat savo duomenis pateik\u0119 vartotojai negaus lai\u0161k\u0173:<\/p>\n\n\n\n<ul class=\"wp-block-list\" data-block-type=\"core\">\n<li data-block-type=\"core\">su negaliojan\u010diomis arba suklastotomis elektronini\u0173 lai\u0161k\u0173 antra\u0161t\u0117mis;<\/li>\n\n\n\n<li data-block-type=\"core\">su negaliojan\u010diais arba nesan\u010diais simbolini\u0173 adres\u0173 srities (domen\u0173) pavadinimais;<\/li>\n\n\n\n<li data-block-type=\"core\">klaidinan\u010dia siuntimo vietos ar siuntimo kelio informacija;<\/li>\n\n\n\n<li data-block-type=\"core\">kitais klaidinan\u010dio adresavimo b\u016bdais;<\/li>\n\n\n\n<li data-block-type=\"core\">talpinan\u010di\u0173 klaidinan\u010di\u0105 arba melaging\u0105 informacij\u0105 Temos eilut\u0117je;<\/li>\n\n\n\n<li data-block-type=\"core\">teikian\u010di\u0173 klaidinant\u012f arba melaging\u0105 turin\u012f elektroniniame lai\u0161ke;<\/li>\n\n\n\n<li data-block-type=\"core\">pa\u017eeid\u017eian\u010di\u0173 paslaugos s\u0105lygas ir taisykles.<\/li>\n<\/ul>\n\n\n\n<h2 class=\"wp-block-heading\" data-block-type=\"core\">Privatumo politikos keitimas<\/h2>\n\n\n\n<p data-block-type=\"core\">\u0160i elektronin\u0117 parduotuv\u0117 bet kada gali pakeisti savo privatumo politik\u0105 apie tai i\u0161 anksto prane\u0161usi savo tinklalapyje. Vartotojams rekomenduojama reguliariai dom\u0117tis privatumo politika.<\/p>\n\n\n\n<p data-block-type=\"core\"><\/p>","protected":false},"excerpt":{"rendered":"<p>\u0160ioje privatumo politikoje apra\u0161oma, kaip renkama, naudojama ir bendrinama j\u016bs\u0173 asmenin\u0117 informacija, kai lankot\u0117s arba perkate i\u0161 elektronin\u0117s parduotuv\u0117s lilypapuosalai.lt, kuri priklauso Rasai Jurgilevi\u010di\u016btei, individualios veiklos nr. 1108890. \u0160ia politika siekiame u\u017etikrinti s\u0105\u017eining\u0105 ir skaidr\u0173 informacijos apie klient\u0105 rinkim\u0105 ir naudojim\u0105 vadovaujantis Bendruoju duomen\u0173 apsaugos reglamentu (BDAR) bei kitais teis\u0117s aktais u\u017etikrinan\u010diais kliento duomen\u0173 apsaug\u0105. [&hellip;]<\/p>\n","protected":false},"author":1,"featured_media":0,"parent":0,"menu_order":0,"comment_status":"closed","ping_status":"open","template":"","meta":{"footnotes":""},"class_list":["post-3","page","type-page","status-publish","hentry"],"blocksy_meta":[],"_links":{"self":[{"href":"https:\/\/lilypapuosalai.lt\/en\/wp-json\/wp\/v2\/pages\/3","targetHints":{"allow":["GET"]}}],"collection":[{"href":"https:\/\/lilypapuosalai.lt\/en\/wp-json\/wp\/v2\/pages"}],"about":[{"href":"https:\/\/lilypapuosalai.lt\/en\/wp-json\/wp\/v2\/types\/page"}],"author":[{"embeddable":true,"href":"https:\/\/lilypapuosalai.lt\/en\/wp-json\/wp\/v2\/users\/1"}],"replies":[{"embeddable":true,"href":"https:\/\/lilypapuosalai.lt\/en\/wp-json\/wp\/v2\/comments?post=3"}],"version-history":[{"count":4,"href":"https:\/\/lilypapuosalai.lt\/en\/wp-json\/wp\/v2\/pages\/3\/revisions"}],"predecessor-version":[{"id":3760,"href":"https:\/\/lilypapuosalai.lt\/en\/wp-json\/wp\/v2\/pages\/3\/revisions\/3760"}],"wp:attachment":[{"href":"https:\/\/lilypapuosalai.lt\/en\/wp-json\/wp\/v2\/media?parent=3"}],"curies":[{"name":"wp","href":"https:\/\/api.w.org\/{rel}","templated":true}]}}