{"id":2537,"date":"2025-03-16T15:09:07","date_gmt":"2025-03-16T15:09:07","guid":{"rendered":"https:\/\/lilypapuosalai.lt\/?page_id=2537"},"modified":"2026-01-15T17:35:05","modified_gmt":"2026-01-15T17:35:05","slug":"apmokejimas-ir-pristatymas","status":"publish","type":"page","link":"https:\/\/lilypapuosalai.lt\/en\/apmokejimas-ir-pristatymas\/","title":{"rendered":"Payment &amp; Delivery"},"content":{"rendered":"<h2 class=\"wp-block-heading\" data-block-type=\"core\">Atsiskaitymo b\u016bdai:<\/h2>\n\n\n\n<p data-block-type=\"core\"><strong>Sumok\u0117ti u\u017e prekes galima \u0161iais b\u016bdais:<\/strong><\/p>\n\n\n\n<p data-block-type=\"core\">1.&nbsp;Paprastu bankiniu pavedimu. Pasirinkus \u0161\u012f mok\u0117jimo b\u016bd\u0105 sistema suformuos mok\u0117jimo nurodym\u0105. Belieka prisijungti prie J\u016bs\u0173 internetin\u0117s bankininkyst\u0117s ir atlikti bankin\u012f pavedim\u0105 pagal mok\u0117jimo nurodyme pateiktus duomenis arba \u0161\u012f mok\u0117jimo nurodym\u0105 pateikti banko skyriuje.<\/p>\n\n\n\n<p data-block-type=\"core\">2.&nbsp;Greituoju bankiniu mok\u0117jimu. Pasirinkus \u0161\u012f mok\u0117jimo b\u016bd\u0105 Jums tereiks pasirinkti bank\u0105 i\u0161 kurio norite atlikti mok\u0117jim\u0105 ir j\u012f patvirtinti. <\/p>\n\n\n\n<p data-block-type=\"core\">3. Grynaisiais arba mok\u0117jimo kortele atvykus atsiimti preki\u0173 \u012f parduotuv\u0119\u00a0&#8222;LILY&#8221;,\u00a0adresu Stikli\u0173 g. 6, Vilnius.<\/p>\n\n\n\n<h2 class=\"wp-block-heading\" data-block-type=\"core\">Pristatymo b\u016bdai<\/h2>\n\n\n\n<p data-block-type=\"core\">1. Prekes visoje Lietuvoje pristatome per&nbsp;<strong>1-4 darbo dienas&nbsp;<\/strong>\u0161iais b\u016bdais:<\/p>\n\n\n\n<p data-block-type=\"core\">&#8211; \u012f artimiausi\u0105&nbsp;Lietuvos pa\u0161to skyri\u0173. Pa\u0161te siuntos saugomos 7 dienas. Siuntimo kaina &#8211; 2,50 eurai.<\/p>\n\n\n\n<p data-block-type=\"core\">&#8211; \u012f J\u016bs\u0173 pasirinkt\u0105&nbsp;&#8222;LP EXPRESS&#8221;&nbsp;pa\u0161tomat\u0105. Pa\u0161tomatuose siuntos saugomos 3 dienas. Siuntimo kaina &#8211; 2,00 eurai.<\/p>\n\n\n\n<p data-block-type=\"core\">&#8211; &#8222;LP EXPRESS&#8221;<strong> <\/strong>kurjeri\u0173<strong>&nbsp;<\/strong>pagalba. Prek\u0117s pristatomos gav\u0117jui nurodytu adresu \u012f rankas. Siuntimo kaina 4,50 eurai.<\/p>\n\n\n\n<p data-block-type=\"core\">2. Nemokamai prekes galite atsiimti parduotuv\u0117je<strong>&nbsp;<\/strong>&#8222;LILY&#8221;&nbsp;Stikli\u0173 g. 6, Vilniuje.<\/p>\n\n\n\n<p data-block-type=\"core\">3. \u012e u\u017esien\u012f prek\u0117s siun\u010diamos registruotu pa\u0161tu per Lietuvos pa\u0161t\u0105. Siuntimo kaina nuo 5,00 eur\u0173.&nbsp;<\/p>","protected":false},"excerpt":{"rendered":"<p>Atsiskaitymo b\u016bdai: Sumok\u0117ti u\u017e prekes galima \u0161iais b\u016bdais: 1.&nbsp;Paprastu bankiniu pavedimu. Pasirinkus \u0161\u012f mok\u0117jimo b\u016bd\u0105 sistema suformuos mok\u0117jimo nurodym\u0105. Belieka prisijungti prie J\u016bs\u0173 internetin\u0117s bankininkyst\u0117s ir atlikti bankin\u012f pavedim\u0105 pagal mok\u0117jimo nurodyme pateiktus duomenis arba \u0161\u012f mok\u0117jimo nurodym\u0105 pateikti banko skyriuje. 2.&nbsp;Greituoju bankiniu mok\u0117jimu. Pasirinkus \u0161\u012f mok\u0117jimo b\u016bd\u0105 Jums tereiks pasirinkti bank\u0105 i\u0161 kurio norite [&hellip;]<\/p>\n","protected":false},"author":1,"featured_media":0,"parent":0,"menu_order":0,"comment_status":"closed","ping_status":"closed","template":"","meta":{"footnotes":""},"class_list":["post-2537","page","type-page","status-publish","hentry"],"blocksy_meta":[],"_links":{"self":[{"href":"https:\/\/lilypapuosalai.lt\/en\/wp-json\/wp\/v2\/pages\/2537","targetHints":{"allow":["GET"]}}],"collection":[{"href":"https:\/\/lilypapuosalai.lt\/en\/wp-json\/wp\/v2\/pages"}],"about":[{"href":"https:\/\/lilypapuosalai.lt\/en\/wp-json\/wp\/v2\/types\/page"}],"author":[{"embeddable":true,"href":"https:\/\/lilypapuosalai.lt\/en\/wp-json\/wp\/v2\/users\/1"}],"replies":[{"embeddable":true,"href":"https:\/\/lilypapuosalai.lt\/en\/wp-json\/wp\/v2\/comments?post=2537"}],"version-history":[{"count":14,"href":"https:\/\/lilypapuosalai.lt\/en\/wp-json\/wp\/v2\/pages\/2537\/revisions"}],"predecessor-version":[{"id":4232,"href":"https:\/\/lilypapuosalai.lt\/en\/wp-json\/wp\/v2\/pages\/2537\/revisions\/4232"}],"wp:attachment":[{"href":"https:\/\/lilypapuosalai.lt\/en\/wp-json\/wp\/v2\/media?parent=2537"}],"curies":[{"name":"wp","href":"https:\/\/api.w.org\/{rel}","templated":true}]}}