{"id":2535,"date":"2025-03-16T15:09:07","date_gmt":"2025-03-16T15:09:07","guid":{"rendered":"https:\/\/lilypapuosalai.lt\/?page_id=2535"},"modified":"2025-04-05T12:17:06","modified_gmt":"2025-04-05T12:17:06","slug":"pirkimo-pardavimo-taisykles","status":"publish","type":"page","link":"https:\/\/lilypapuosalai.lt\/en\/pirkimo-pardavimo-taisykles\/","title":{"rendered":"Terms &amp; Conditions"},"content":{"rendered":"<h2 class=\"wp-block-heading\" data-block-type=\"core\">1. Bendrosios nuostatos<\/h2>\n\n\n\n<p data-block-type=\"core\">1.1. \u0160ios pirkimo ir pardavimo taisykl\u0117s (toliau \u2013 Taisykl\u0117s) nustato elektronin\u0117s parduotuv\u0117s lilypapuoslai.lt, kuri priklauso Rasai Jurgilevi\u010di\u016btei, individualios veiklos nr. 1108890 (toliau &#8211; Pardav\u0117jas) ir jos kliento &#8211; asmens, \u012fsigyjan\u010dio prekes elektronin\u0117je parduotuv\u0117je info@lilypapuosalai.lt (toliau \u2013 Pirk\u0117jas), tarpusavio teises, pareigas ir atsakomyb\u0119. Pirk\u0117jas, pateikdamas u\u017esakym\u0105 svetain\u0117je, patvirtina, kad susipa\u017eino su \u0161iomis Taisykl\u0117mis ir sutinka su j\u0173 taikymu.<br>1.2. Pardav\u0117jas pasilieka teis\u0119 bet kuriuo metu atnaujinti (pakeisti, taisyti ar papildyti) \u0161ias Taisykles, tod\u0117l rekomenduokjame jas per\u017ei\u016br\u0117ti prie\u0161 pateikiant u\u017esakym\u0105.<\/p>\n\n\n\n<h2 class=\"wp-block-heading\" data-block-type=\"core\">2. Pirkimo &#8211; pardavimo sutarties sudarymas<\/h2>\n\n\n\n<p data-block-type=\"core\">2.1. Pirkimo ir pardavimo sutartis tarp Pirk\u0117jo ir Pardav\u0117jo laikoma sudaryta nuo tada, kai Pirk\u0117jas elektronin\u0117je parduotuv\u0117je suformav\u0119s preki\u0173 krep\u0161el\u012f, nurod\u0119s infomacij\u0105 apie save: vard\u0105, pavard\u0119, pristatymo adres\u0105, el. pa\u0161t\u0105, telefono numer\u012f ir pasirink\u0119s apmok\u0117jimo b\u016bd\u0105 bei susipa\u017ein\u0119s su \u0161iomis Taisykl\u0117mis, paspaud\u017eia mygtuk\u0105 \u201eU\u017esakyti\u201c, ir galioja iki visi\u0161ko pareig\u0173 pagal \u0161i\u0105 sutart\u012f \u012fvykdymo.<\/p>\n\n\n\n<h2 class=\"wp-block-heading\" data-block-type=\"core\">3. Pirk\u0117jo teis\u0117s<\/h2>\n\n\n\n<p data-block-type=\"core\">3.1. Pirk\u0117jas turi teis\u0119 pirkti prekes elektronin\u0117je parduotuv\u0117je vadovaudamasis \u0161iomis Taisykl\u0117mis.<br>3.2. Pirk\u0117jas turi teis\u0119 atsisakyti elektronin\u0117je parduotuv\u0117je sudarytos preki\u0173 pirkimo-pardavimo sutarties, prane\u0161damas apie tai Pardav\u0117jui ra\u0161tu ne v\u0117liau kaip per 14 (keturiolika) kalendorini\u0173 dien\u0173 nuo prek\u0117s pristatymo dienos.<br>3.3. 3.2 punkte aptarta Pirk\u0117jo teise Pirk\u0117jas gali pasinaudoti tik tuo atveju, jeigu prek\u0117 nebuvo sugadinta arba i\u0161 esm\u0117s nepasikeit\u0117 jos i\u0161vaizda, taip pat jei ji nebuvo naudojama.        <\/p>\n\n\n\n<h2 class=\"wp-block-heading\" data-block-type=\"core\">4. Pirk\u0117jo pareigos<\/h2>\n\n\n\n<p data-block-type=\"core\">4.1. Pirk\u0117jas privalo sumok\u0117ti u\u017e \u012fsigytas prekes ir jas priimti \u0161iose Taisykl\u0117se numatyta tvarka. Jeigu Pirk\u0117jas, preki\u0173 pristatymo metu, be svarbi\u0173 prie\u017eas\u010di\u0173 atsisako priimti prekes, Pardav\u0117jui pareikalavus Pirk\u0117jas privalo padengti preki\u0173 gra\u017einimo i\u0161laidas.<br>4.2. Pirk\u0117jas yra atsakingas u\u017e tai, kad elektronin\u0117je parduotuv\u0117je pateikti Pirk\u0117jo duomenys b\u016bt\u0173 tiksl\u016bs, teisingi ir i\u0161sam\u016bs. Pardav\u0117jas jokiu atveju nebus atsakingas u\u017e \u017eal\u0105, patirt\u0105 Pirk\u0117jo ir (arba) tre\u010di\u0173j\u0173 asmen\u0173, d\u0117l to, kad Pirk\u0117jas nurod\u0117 neteisingus ir (arba) nei\u0161samius asmens duomenis, adresa arba nepakeit\u0117 ir nepapild\u0117 duomen\u0173 jiems pasikeitus. Jei naudodamasis elektronine parduotuve Pirk\u0117jas pateikia tre\u010di\u0173j\u0173 asmen\u0173 Asmens duomenis, Pirk\u0117jas pats yra atsakingas u\u017e toki\u0173 duomen\u0173 pateikimo ir naudojimo teis\u0117tum\u0105.<\/p>\n\n\n\n<h2 class=\"wp-block-heading\" data-block-type=\"core\">5. Pardav\u0117jo teis\u0117s<\/h2>\n\n\n\n<p data-block-type=\"core\">5.1. Kai d\u0117l nenumatyt\u0173 aplinkybi\u0173 Pardav\u0117jas negali pristatyti elektronin\u0117je parduotuv\u0117je u\u017esakyt\u0173 preki\u0173, Pardav\u0117jas turi teis\u0119 nutraukti pirkimo-pardavimo sutart\u012f prie\u0161 tai informav\u0119s Pirk\u0117j\u0105. Pardav\u0117jas gali pasi\u016blyti analogi\u0161k\u0105 prek\u0119. Pirk\u0117jui atsisakius, Pardav\u0117jas \u012fsipareigoja gr\u0105\u017einti Pirk\u0117jo sumok\u0117tus pinigus per 3 darbo dienas \u012f Pirk\u0117jo s\u0105skait\u0105, i\u0161 kurios buvo atliktas apmok\u0117jimas.<br>5.2. Susidarius svarbioms aplinkyb\u0117ms, Pardav\u0117jas gali laikinai arba visi\u0161kai sustabdyti elektronin\u0117s parduotuv\u0117s veikl\u0105, prie\u0161 tai \u012fsp\u0117j\u0119s Pirk\u0117jus ir \u012fsipareigoja i\u0161si\u0173sti u\u017esakytas prekias u\u017e kurias Pirk\u0117jas jau yra sumok\u0117j\u0119s.<br>5.3. Pardav\u0117jas turi teis\u0119 viena\u0161ali\u0161kai pakeisti \u0161ias Taisykles, pakeistas Taisykles paskelbdamas elektronin\u0117s parduotuv\u0117s tinklalapyje. Pakeitimai \u012fsigalioja nuo paskelbimo momento visiems po paskelbimo sudaromiems sandoriams.<br>5.4. Jeigu Pirk\u0117jas elektronine parduotuve naudojasi pa\u017eeisdamas \u0161ias Taisykles, bando pakenkti elektronin\u0117s parduotuv\u0117s darbo stabilumui ir saugumui ar kitaip pa\u017eeid\u017eia Lietuvos Respublikos teis\u0117s aktus, Pardav\u0117jas turi teis\u0119 ne\u012fsp\u0117j\u0119s apriboti Pirk\u0117jo naudojim\u0105si elektronine parduotuve arba panaikinti Pirk\u0117jo paskyr\u0105. Bet kokiu atveju Pardav\u0117jas nebus atsakingas u\u017e bet kokius nuostolius ar \u017eal\u0105, atsiradusi\u0105 d\u0117l atakos prie\u0161 informacines sistemas, viruso ar kitos programin\u0117s \u012frangos ar technologi\u0161kai \u017ealingos ar kenksmingos med\u017eiagos, kuri gali paveikti elektronine parduotuve besinaudojan\u010di\u0173 asmen\u0173 kompiuterius, IT \u012frang\u0105, duomenis d\u0117l elektronin\u0117s parduotuv\u0117s naudojimo ar jos turinio parsiuntimo, taip pat svetaini\u0173 \u012f kurias nukreipiama.<br>5.5. Jeigu elektronin\u0117je parduotuv\u0117je yra nuorod\u0173 \u012f kitas svetaines ir tre\u010di\u0173j\u0173 \u0161ali\u0173 informacij\u0105, min\u0117tos nuorodos pateikiamos tik informaciniais tikslais ir Pardav\u0117jas nekontroliuoja \u0161i\u0173 svetaini\u0173, nesvarbu koks b\u016bt\u0173 j\u0173 turinys ar informacija. Tod\u0117l Pardav\u0117jas neprisiima jokios atsakomyb\u0117s u\u017e bet kokius nuostolius ar \u017eal\u0105, kylan\u010di\u0105 d\u0117l j\u0173 naudojimo.                                                                               <\/p>\n\n\n\n<h2 class=\"wp-block-heading\" data-block-type=\"core\">6. Pardav\u0117jo pareigos<\/h2>\n\n\n\n<p data-block-type=\"core\">6.1. Pardav\u0117jas \u012fsipareigoja sudaryti galimyb\u0119 naudotis elektronin\u0117s parduotuv\u0117s paslaugomis, kurios veikimo s\u0105lygas nustato \u0161ios Taisykl\u0117s ir kitos elektronin\u0117je parduotuv\u0117je skelbiamos s\u0105lygos.<br>6.2. Pardav\u0117jas \u012fsipareigoja Pirk\u0117jo \u012fsigytas prekes pristatyti Pirk\u0117jo pasirinktu pristatymo b\u016bdu Taisykl\u0117se numatytomis s\u0105lygomis.    <br>6.3. Pirk\u0117jui pasinaudojus Taisykli\u0173 3.2. punkte numatyta teise, Pardav\u0117jas \u012fsipareigoja gr\u0105\u017einti Pirk\u0117jui sumok\u0117tus pinigus per 5 (penkias) darbo dienas nuo gr\u0105\u017einamos prek\u0117s gavimo dienos.                                                                     <\/p>\n\n\n\n<h2 class=\"wp-block-heading\" data-block-type=\"core\">7. Preki\u0173 kainos<\/h2>\n\n\n\n<p data-block-type=\"core\">7.1. Preki\u0173 kainos elektronin\u0117je parduotuv\u0117je nurodomos eurais. Kainos nurodomos su PVM. Patvirtinus u\u017esakym\u0105 prie bendros preki\u0173 sumos prisideda pristatymo mokestis, jeigu toks yra taikomas.<\/p>\n\n\n\n<h2 class=\"wp-block-heading\" data-block-type=\"core\">8. Preki\u0173 u\u017esakymas ir apmok\u0117jimas<\/h2>\n\n\n\n<p data-block-type=\"core\">8.1. Pirk\u0117jas, apsilank\u0119s elektronin\u0117je parduotuv\u0117je, i\u0161sirenka jam patinkan\u010dias prekes, kurias \u012fsideda \u012f pirkini\u0173 krep\u0161el\u012f. Po pirkini\u0173 krep\u0161elio suformavimo, Pirk\u0117jas suveda asmens duomenis, b\u016btinus u\u017esakymo \u012fvykdymui: savo vard\u0105, pavard\u0119, adres\u0105, kuriuo bus pristatomos prek\u0117s, telefono numer\u012f bei papildom\u0105 informacij\u0105, kuri gali b\u016bti svarbi pristatant u\u017esakytas prekes.\u00a0Pirk\u0117jas patvirtina jog susipa\u017eino su \u0161iomis Taisykl\u0117mis ir patvirtina u\u017esakym\u0105.<br>8.2. Atsiskaityti galima naudojantis Swedbank, Seb, Luminor, Citadel\u0117s, Urbo, \u0160iauli\u0173 banko elektronin\u0117s bankininkyst\u0117s paslaugomis, Visa \/ MasterCard mok\u0117jimo kortel\u0117mis, Apple Pay,\u00a0Google Pay mobiliosiomis pinigin\u0117mis bei grynaisiais pinigais &#8222;Perlo&#8221; terminaluose. Atsiskaitymai galimi euro valiuta. Mok\u0117jimai apdorojami naudojantis\u00a0Opay.lt\u00a0mok\u0117jim\u0173 platforma.<\/p>\n\n\n\n<h2 class=\"wp-block-heading\" data-block-type=\"core\">9. Preki\u0173 pristatymas<\/h2>\n\n\n\n<p data-block-type=\"core\">9.1. Pirk\u0117jas, \u012fsigydamas prekes elektronin\u0117je parduotuv\u0117je, pasirenka preki\u0173 pristatymo b\u016bd\u0105 ir pateikia tiksl\u0173 preki\u0173 pristatymo adres\u0105.<br>9.2. Pirk\u0117jas \u012fsipareigoja prekes priimti pats. Jeigu jis preki\u0173 pats priimti negali, o prek\u0117s pristatytos nurodytu adresu ir remiantis kitais Pirk\u0117jo pateiktais duomenimis, Pirk\u0117jas neturi teis\u0117s reik\u0161ti Pardav\u0117jui pretenzij\u0173 d\u0117l preki\u0173 pristatymo netinkamam subjektui.<br>9.3. U\u017esakytas prekes galima atsiimti nemokamai fizin\u0117je parduotuv\u0117je Vilniuje, Stikli\u0173 g. 6. Pasirink\u0119 \u0161\u012f pristatymo b\u016bd\u0105 prekes galite pasiimti gav\u0119 patvirtinim\u0105, kad u\u017esakymas jau paruo\u0161tas (paprastai u\u017esakymai paruo\u0161iami po s\u0105skaitos apmok\u0117jimo). Taip pat galima pasirinkti pristatym\u0105 per LP EXPRESS terminalus, Lietuvos pa\u0161t\u0105 arba per &#8222;LP EXPRESS&#8221; kurjer\u012f. <br>9.4. Preki\u0173 pristatymo terminai pateikiami el. parduotuv\u0117s skiltyje &#8222;Apmok\u0117jimas ir pristatymas&#8221;. Jie yra preliminar\u016bs, priklauso nuo pasirinkt\u0173 siunt\u0173 tarnyb\u0173 galimybi\u0173 konkre\u010diu laiku ir gali b\u016bti kei\u010diami. Pardav\u0117jas atleid\u017eiamas nuo atsakomyb\u0117s u\u017e preki\u0173 pateikimo termin\u0173 pa\u017eeidim\u0105, jeigu prek\u0117s Pirk\u0117jui n\u0117ra pateikiamos arba pateikiamos ne laiku d\u0117l Pirk\u0117jo kalt\u0117s arba d\u0117l nuo Pirk\u0117jo priklausan\u010di\u0173 aplinkybi\u0173.<br>9.5. Vis\u0173 parduodam\u0173 preki\u0173 ypatyb\u0117s nurodomos elektronin\u0117je parduotuv\u0117je prie kiekvienos prek\u0117s esan\u010diame apra\u0161yme. Pardav\u0117jas neatsako u\u017e tai, jog elektronin\u0117je parduotuv\u0117je esan\u010di\u0173 preki\u0173 spalva, forma ar kiti parametrai gali neatitikti realaus preki\u0173 dyd\u017eio, formos ir spalvos d\u0117l Pirk\u0117jo naudojamo monitoriaus ypatybi\u0173.<\/p>\n\n\n\n<h2 class=\"wp-block-heading\" data-block-type=\"core\">10. Preki\u0173 gr\u0105\u017einimas<\/h2>\n\n\n\n<p data-block-type=\"core\">10.1.&nbsp;&nbsp;Kokybi\u0161kos prek\u0117s gali b\u016bti gr\u0105\u017einamos per 14 (keturiolika) kalendorini\u0173 dien\u0173 nuo j\u0173 gavimo dienos. Parduot\u0173 nekokybi\u0161k\u0173 preki\u0173 tr\u016bkumai \u0161alinami, nekokybi\u0161kos prek\u0117s kei\u010diamos, gr\u0105\u017einamos vadovaujantis&nbsp;Lietuvos Respublikos civilinio kodekso nuostatomis.<br>10.2. Gr\u0105\u017einant prekes b\u016btina laikytis \u0161i\u0173 s\u0105lyg\u0173:<br>10.2.1. Gr\u0105\u017einama prek\u0117 turi b\u016bti originalioje tvarkingoje pakuot\u0117je (\u0161is punktas netaikomas&nbsp;tuo atveju, kai gr\u0105\u017einama nekokybi\u0161ka prek\u0117);<br>10.2.2. Prek\u0117 turi b\u016bti Pirk\u0117jo nesugadinta;<br>10.2.3. Prek\u0117 turi b\u016bti nenaudota, nepraradusi prekin\u0117s i\u0161vaizdos: nepa\u017eeistos etiket\u0117s, nenupl\u0117\u0161tos apsaugin\u0117s pl\u0117vel\u0117s ir kt. (\u0161is punktas netaikomas tuo atveju, kai gr\u0105\u017einama&nbsp; nekokybi\u0161ka prek\u0117);<br>10.2.4. Gr\u0105\u017einama prek\u0117 turi b\u016bti tos pa\u010dios komplektacijos, kokios buvo Pirk\u0117jo gauta (\u0161is punktas netaikomas tuo atveju, kai gr\u0105\u017einama nekokybi\u0161ka prek\u0117);<br>10.3. Pardav\u0117jas turi teis\u0119 atsisakyti priimti Pirk\u0117jo gr\u0105\u017einamas prekes, jei buvo&nbsp;nesilaikoma preki\u0173 gr\u0105\u017einimo s\u0105lyg\u0173;<br>10.4. Tinkamos kokyb\u0117s preki\u0173 gr\u0105\u017einimas ir keitimas vykdomas vadovaujantis Civilinio kodekso 6.22810 straipsnio 1 dalimi;<br>10.5. U\u017e Pirk\u0117jo priimtas, bet v\u0117liau atsisakytas prekes sumok\u0117ti pinigai gr\u0105\u017einami \u012f Pirk\u0117jo s\u0105skait\u0105 ne v\u0117liau kaip per 5 (penkias) dienas nuo prek\u0117s gr\u0105\u017einimo Pardav\u0117jui dienos, nebent Pardav\u0117jas ir Pirk\u0117jas susitaria kitaip.&nbsp;<\/p>\n\n\n\n<h2 class=\"wp-block-heading\" data-block-type=\"core\">11. Asmens duomen\u0173 tvarkymas<\/h2>\n\n\n\n<p data-block-type=\"core\">11.1. Pirk\u0117jo pateikti asmens duomenys tvarkomi el. parduotuv\u0117s skiltyje &#8222;Privatumo politika&#8221; nurodyta tvarka ir s\u0105lygomis.<\/p>\n\n\n\n<h2 class=\"wp-block-heading\" data-block-type=\"core\">12. Baigiamosios nuostatos<\/h2>\n\n\n\n<p data-block-type=\"core\">12.1.&nbsp;\u0160ios Taisykl\u0117s sudarytos vadovaujantis Lietuvos Respublikos teis\u0117s aktais.<br>12.2. \u0160ioms Taisykl\u0117ms ir santykiams tarp \u0160ali\u0173 \u0161i\u0173 Taisykli\u0173 at\u017evilgiu taikomos ir jos ai\u0161kinamos remiantis Lietuvos Respublikos \u012fstatymais.<br>12.3. Visos autorin\u0117s teis\u0117s ir kitos intelektin\u0117s nuosavyb\u0117s teis\u0117s \u012f Elektronin\u0117s parduotuv\u0117s tekstin\u012f ar grafin\u012f turin\u012f priklauso Pardav\u0117jui arba tre\u010diajam turin\u012f teikian\u010diam asmeniui. Draud\u017eiama be ra\u0161ti\u0161ko Pardav\u0117jo sutikimo naudoti ar platinti Elektronin\u0117s parduotuv\u0117s turin\u012f.<br>12.4. Visi nesutarimai, kil\u0119 d\u0117l \u0161i\u0173 Taisykli\u0173 vykdymo, sprend\u017eiami deryb\u0173 b\u016bdu. Nepavykus susitarti, gin\u010dai sprend\u017eiami Lietuvos Respublikos \u012fstatym\u0173 nustatyta tvarka.<br>12.5. \u0160alys atleid\u017eiamos nuo \u012fsipareigojim\u0173 pagal \u0161ias Taisykles vykdymo, jei j\u0173 \u012fvykdyti negalima d\u0117l nenumatyt\u0173 ir \u0160ali\u0173 valios nepriklausan\u010di\u0173 aplinkybi\u0173 (Force major).<\/p>\n\n\n\n<p data-block-type=\"core\"><\/p>","protected":false},"excerpt":{"rendered":"<p>1. Bendrosios nuostatos 1.1. \u0160ios pirkimo ir pardavimo taisykl\u0117s (toliau \u2013 Taisykl\u0117s) nustato elektronin\u0117s parduotuv\u0117s lilypapuoslai.lt, kuri priklauso Rasai Jurgilevi\u010di\u016btei, individualios veiklos nr. 1108890 (toliau &#8211; Pardav\u0117jas) ir jos kliento &#8211; asmens, \u012fsigyjan\u010dio prekes elektronin\u0117je parduotuv\u0117je info@lilypapuosalai.lt (toliau \u2013 Pirk\u0117jas), tarpusavio teises, pareigas ir atsakomyb\u0119. Pirk\u0117jas, pateikdamas u\u017esakym\u0105 svetain\u0117je, patvirtina, kad susipa\u017eino su \u0161iomis Taisykl\u0117mis [&hellip;]<\/p>\n","protected":false},"author":1,"featured_media":0,"parent":0,"menu_order":0,"comment_status":"closed","ping_status":"closed","template":"","meta":{"footnotes":""},"class_list":["post-2535","page","type-page","status-publish","hentry"],"blocksy_meta":[],"_links":{"self":[{"href":"https:\/\/lilypapuosalai.lt\/en\/wp-json\/wp\/v2\/pages\/2535","targetHints":{"allow":["GET"]}}],"collection":[{"href":"https:\/\/lilypapuosalai.lt\/en\/wp-json\/wp\/v2\/pages"}],"about":[{"href":"https:\/\/lilypapuosalai.lt\/en\/wp-json\/wp\/v2\/types\/page"}],"author":[{"embeddable":true,"href":"https:\/\/lilypapuosalai.lt\/en\/wp-json\/wp\/v2\/users\/1"}],"replies":[{"embeddable":true,"href":"https:\/\/lilypapuosalai.lt\/en\/wp-json\/wp\/v2\/comments?post=2535"}],"version-history":[{"count":9,"href":"https:\/\/lilypapuosalai.lt\/en\/wp-json\/wp\/v2\/pages\/2535\/revisions"}],"predecessor-version":[{"id":3578,"href":"https:\/\/lilypapuosalai.lt\/en\/wp-json\/wp\/v2\/pages\/2535\/revisions\/3578"}],"wp:attachment":[{"href":"https:\/\/lilypapuosalai.lt\/en\/wp-json\/wp\/v2\/media?parent=2535"}],"curies":[{"name":"wp","href":"https:\/\/api.w.org\/{rel}","templated":true}]}}